{"id":109,"date":"2014-09-18T12:19:59","date_gmt":"2014-09-18T10:19:59","guid":{"rendered":"https:\/\/www.rwfund.org\/eng\/?page_id=109"},"modified":"2021-07-12T13:10:59","modified_gmt":"2021-07-12T11:10:59","slug":"rwfund-library","status":"publish","type":"page","link":"https:\/\/www.rwfund.org\/eng\/critical-themes\/rwfund-library\/","title":{"rendered":"Read!"},"content":{"rendered":"\n<h1 class=\"entry-title wp-block-heading\">RWFund Library<\/h1>\n\n\n\n<p>BOOKS AND ARTICLES<\/p>\n\n\n\n<p><strong>Education on Critical Issues<\/strong>&nbsp;ispart of&nbsp;<a href=\"https:\/\/www.rwfund.org\/eng\/programs\/special-focus\/\"><strong>Special Focus<\/strong><\/a>&nbsp;program and publishing is one of dynamic parts of the area. What the books have to do with a Fund: this is Socrates philanthropy, for all to learn, like Creative Commons. Printed books we sent to the libraries all over Serbia, 52 libraries which in the parcel we invite for activism of women\u2019s human rights by adding 8<sup>th<\/sup>&nbsp;of March Map of activities and the leaflets of 16 Days of activism against Violence against Women, all in cooperation with women\u2019s groups. The books we publish in large circulations for the feminist theory to stand in front and in the middle of mainstream, wise and loud. Virtual editions are our contribution to the future of an Off-line Library.<\/p>\n\n\n\n<p>On RWF\u2019s website one could find over&nbsp;40 selected books and articles in Serbo-Croatian language. For the first time we list them all to make the politics of the choice clear as well as the richness of the voice:<\/p>\n\n\n\n<p><strong>Serial&nbsp;<a href=\"https:\/\/www.rwfund.org\/category\/vesti\/procitajte\/neposlusne-istoriji\/\">\u201cDisobedient to History\u201d<\/a><\/strong>:&nbsp;&nbsp;<strong>Monique Wittig<\/strong>&nbsp;\u2013 Le Corps Lesbien;&nbsp;<strong>Virginia Woolf<\/strong>&nbsp;\u2013 Between the Acts;&nbsp;<strong>Virginia Woolf<\/strong>&nbsp;\u2013 Orlando;&nbsp;<strong>Rosa Luxemburg<\/strong>&nbsp;\u2013 Letters from Prison;&nbsp;<strong>Carolina Maria de Jesus<\/strong>&nbsp;\u2013 Quatro de Despejo;&nbsp;<strong>Jasmina Te\u0161anovi\u0107<\/strong>&nbsp;\u2013 Matrimony ;&nbsp;<strong>bell hooks<\/strong>&nbsp;\u2013 Feminist Theory: from Margin to Center;&nbsp;<strong>Virginia Woolf<\/strong>: A Writer\u2019s Diary;&nbsp;<strong>Jasmina Te\u0161anovi\u0107<\/strong>&nbsp;\u2013 Comrade girls, Homophobic political violence, Srebrenica;&nbsp;&nbsp;<strong>Audre Lorde<\/strong>&nbsp;\u2013 Sister Outsider;&nbsp;<strong>Virginia Woolf<\/strong>&nbsp;\u2013 Three Guineas;<strong>&nbsp;Christine de Pizan<\/strong>&nbsp;\u2013 The Book of the City of Ladies.<\/p>\n\n\n\n<p><strong>Serial&nbsp;<a href=\"https:\/\/www.rwfund.org\/category\/vesti\/procitajte\/antiratna-stogodisnjica-prvog-svetskog-rata\/\">\u201cAnti-War Centenary of the First World War\u201d&nbsp;<\/a><\/strong>:&nbsp;&nbsp;<strong>Dragan Stojkovi\u0107<\/strong>&nbsp; \u2013&nbsp; Anti-war and pacifist ideas in the history of Serbia and anti-war movements until year 2000;&nbsp;<strong>Rosa Luxemburg<\/strong>&nbsp;\u2013 The Crisis of Socialdemocracy (Junius \u2013 pamphlet);&nbsp;<strong>Nikola M. Popovi\u0107<\/strong>&nbsp;\u2013 Dimitrije Tucovi\u0107, His Life and Work;&nbsp;Dimitrije Tucovi\u0107 \u2013 Selected articles on militarism and nationalism;&nbsp;&nbsp;<strong>Jasmina Te\u0161anovi\u0107<\/strong>&nbsp; \u2013 Lili from Belgrade;&nbsp;<strong>Dimitrije Tucovi\u0107<\/strong>&nbsp;\u2013 Serbia and Albania.&nbsp;<\/p>\n\n\n\n<p><a href=\"https:\/\/www.rwfund.org\/category\/rwfund_izdanja\/\"><strong>Books printed by Reconstruction Women\u2019s Fund<\/strong><\/a><strong>:&nbsp;<\/strong><strong>Jud Nirenberg<\/strong>&nbsp;\u2013&nbsp; Gipsy Sexuality \u2013 Romani and Outsider Perspectives on Intimacy; This is My Report to You,&nbsp;<strong>\u017darana Papi\u0107<\/strong>&nbsp;quotes;&nbsp;<strong>Tanja Ignjatovi\u0107<\/strong>&nbsp;\u2013 Violence against women in intimate partners relationship: model of coordinated community response;&nbsp;<strong>Adriana Zaharijevi\u0107<\/strong>&nbsp;\u2013 Becoming Woman ;&nbsp;Written Out&nbsp;\u2013 How sexuality is used to attack women\u2019s organizing, report by&nbsp;<strong>Cynthia Rothschild<\/strong>.<\/p>\n\n\n\n<p><strong>Guested Books :&nbsp;<\/strong>Guide to Strike, by&nbsp;<strong>Dejana Ivan\u010di\u0107 Spasojevi\u0107<\/strong>,&nbsp;<strong>Liza De Mone<\/strong>,&nbsp;<strong>Jovanka Zlatkovi\u0107<\/strong>; Building Academic Community, bibliography of&nbsp;<strong>Svenka Savi\u0107<\/strong>: 1963-2011, ed.&nbsp;<strong>Nata\u0161a Beli\u0107<\/strong>.&nbsp;<\/p>\n\n\n<div class=\"gb-container gb-container-634963f8 alignwide\"><div class=\"gb-inside-container\">\n\n<p><strong>Coming up: translation of Audrie Lorde\u2019s Zami: A New Spelling of My Name and new edition of Tanja Ignjatovic\u2019s book on violence!<\/strong><strong><\/strong><\/p>\n\n<\/div><\/div>\n\n\n<p><strong>Read even more!\u00a0<\/strong>Adittionally, we compiled selected articles in our folder\u00a0<a href=\"https:\/\/www.rwfund.org\/citajte-jos-vise\/#beleznica\"><strong>\u201cNotebook\u201d<\/strong><\/a>:<strong>\u00a0Juliet Mitchell<\/strong>\u00a0\u2013 20 Years of Feminism;\u00a0<strong>Agneta Stark<\/strong>\u00a0\u2013 Combating the Backlash: How Swedish Women Won the War;\u00a0<strong>Sara Ruddick<\/strong>\u00a0\u2013 (chapter from) Mathernal Thinking: Towards a Politics of Peace;\u00a0<strong>Svenka Savi\u0107<\/strong>\u00a0\u2013 Woman Hidden by the Language of Media: A\u00a0 Codex for Non-sexist Language Use;\u00a0<strong>Lydia Sklevicky<\/strong>\u00a0\u2013 Horses, Women, Wars etc.: Problem of Foundation of History of Women in Yugoslavia;\u00a0<strong>Rada Ivekovi\u0107<\/strong>\u00a0\u2013 Right to Difference? Parity, quotas, yes or no? Instruction on the Method;\u00a0<strong>Betty A. Reardon<\/strong>\u00a0\u2013 (chapter from) Sexism and the War System;\u00a0<strong>Virginia Woolf<\/strong>\u00a0\u2013 A Room of One\u2019s Own;\u00a0<strong>Emmeline Pankhurst<\/strong>\u00a0\u2013 Importance of the Right to Vote;\u00a0<strong>Sojourner Truth<\/strong>\u00a0\u2013 Ain\u2019t I a Woman;\u00a0<strong>Jasmina Te\u0161anovi\u0107<\/strong>\u00a0\u2013 Women in Black, Belgrade.<\/p>\n\n\n\n<p><a href=\"https:\/\/www.rwfund.org\/category\/vesti\/procitajte\/naglavacke-2017\/\"><strong>Upside Down 2017!<\/strong><\/a><strong>&nbsp;<\/strong>To mark the 100<sup>th<\/sup>&nbsp;year or Russian Revolution, we translated and compiled must reads:&nbsp;<strong>Rosa Luxemburg<\/strong>&nbsp;\u2013 The Russian Revolution,&nbsp;<strong>Dragi\u0161a Lap\u010devi\u0107<\/strong>&nbsp;\u2013 War and Serbian Social Democracy,&nbsp;<strong>Pier Paolo Pasolini<\/strong>&nbsp;\u2013 Civil War,&nbsp;<strong>Bruce Sterling<\/strong>&nbsp;\u2013 FUTURE, History that hasn\u2019t Happened Yet,&nbsp;<strong>Hannah Arendt<\/strong>&nbsp;\u2013 Franz Kafka, Revalorization,&nbsp;<strong>V.G. Sebald<\/strong>&nbsp;\u2013 Air War and Literature.<\/p>\n\n\n\n<p><a href=\"https:\/\/www.rwfund.org\/kriticne-teme\/feministicka-citanka\/\">Feminist Reader<\/a>&nbsp;and&nbsp;<a href=\"https:\/\/www.rwfund.org\/kriticne-teme\/izvori-epistemologije-kriticki-zivot\/\">Critical Life<\/a>&nbsp;are our places where we translate and represent the selected authors and crucial texts from feminist theory as well as contemporary theoretical reflections on politics, ethics, and aesthetics. We have translated&nbsp;<strong>Donna Haraway, Anne Fausto-Sterling, Etienne Balibar, Wendy Brown, Amira Has, Sara Ahmed, Judith Butler, Roberto Saviano\u2026<\/strong><\/p>\n\n\n\n<p>Website of&nbsp;<strong>Autonomous Women\u2019s Center<\/strong>&nbsp;which hosts other feminist books<a href=\"http:\/\/www.womenngo.org.rs\/sajt\/sajt\/feministicka94\/F1s.htm\">&nbsp;is linked as well<\/a>.<\/p>\n\n\n\n<p>Since the begining of our work we have been gradually building our aproach to free library on critical issues. The&nbsp;<a href=\"https:\/\/www.rwfund.org\/citajte-jos-vise\/\"><strong>\u201c<\/strong><strong>Notebook<\/strong><strong>\u201c<\/strong><\/a>&nbsp; was established in 2004 at our very start as a spontanious expression of our mission. Our first printed book was&nbsp;<a href=\"https:\/\/www.rwfund.org\/2011\/09\/28\/citajte-sintija-rotsild-izbrisano-iz-teksta\/\">\u201cWritten Out\u201c<\/a>, in&nbsp; 2007 defining our course to publish expressive analytical new books on key issues which are in the core of our work. We started sending regularly various publications to libraries in Serbia in 2010 as natural part of our public communication and education. Close encounters with virtual texts was launched in 2011 by opening a serial&nbsp;&nbsp;<a href=\"https:\/\/www.rwfund.org\/category\/vesti\/procitajte\/neposlusne-istoriji\/\">\u201cDisobedient to History\u201d<\/a>. Further thinking in this direction led us in 2014 to make political point concerning Serbia by launching the&nbsp;serial&nbsp;<a href=\"https:\/\/www.rwfund.org\/category\/vesti\/procitajte\/antiratna-stogodisnjica-prvog-svetskog-rata\/\">\u201cAnti-War Centenary of the First World War\u201d<\/a>.<\/p>\n\n\n\n<p>This abundance of texts grew from our legacy by revival in virtual editions of the books printed by non-profit publishing house&nbsp;<a href=\"https:\/\/www.rwfund.org\/citajte-jos-vise\/\"><strong>\u201cFeminist 94\u201d<\/strong><\/a>&nbsp;working 1994-2004 as part of the feminist movement. Other important resource came from our commitment to women\u2019s studies and to young feminist academics who break through their professions, such were the books of&nbsp;<strong>Adriana Zaharijevi\u0107<\/strong>&nbsp;and&nbsp;<strong>Tanja Ignjatovi\u0107&nbsp;<\/strong>&nbsp;based on their bold and brilliant MA theses. Some of the books and texts came from the well of forgotten or neglected crucial testimonies which we sent as a timely educational messages like&nbsp;<strong>Rosa Luxemburg<\/strong>&nbsp;and&nbsp;<strong>Dimitrije Tucovi\u0107<\/strong>&nbsp;as the socialist antimilitarists being actors and critical thinkers on the spot in the current, or<strong>&nbsp;Carolina Maria de Jesus<\/strong>, witness and critic talking from the heart of a Brasilian slum.&nbsp;<strong>Virginia Woolf<\/strong>&nbsp;is strikingly represented and promoted as the creative, atypical witness and thinker about society, power and politics.<\/p>\n\n\n\n<p>This is a sketch only of the processes within our program&nbsp;<strong>READ!<\/strong>&nbsp;And this report was written on October 2, 2014.&nbsp;And updated on July 9th 2021.<\/p>\n\n\n\n<p>For 10<sup>th<\/sup>&nbsp;anniversary of assassination of two guardsmen&nbsp;<strong>Dra\u017een Milovanovi\u0107<\/strong>&nbsp;and&nbsp;<strong>Dragan Jakovljevi\u0107<\/strong>&nbsp;on October&nbsp;5<sup>th<\/sup>in Top\u010dider the book is in print in collaboration with<strong>&nbsp;Women in Black<\/strong>&nbsp;by&nbsp;<strong>Bojan Ton\u010di\u0107<\/strong>,&nbsp;<strong>\u201cTop\u010dider Case \u2013 Anatomy of the State\u2019s Crime\u201d<\/strong>.<\/p>\n\n\n\n<p>More to come.<\/p>\n","protected":false},"excerpt":{"rendered":"<p>RWFund Library BOOKS AND ARTICLES Education on Critical Issues&nbsp;ispart of&nbsp;Special Focus&nbsp;program and publishing is one of dynamic parts of the area. What the books have to do with a Fund: this is Socrates philanthropy, for all to learn, like Creative Commons. Printed books we sent to the libraries all over Serbia, 52 libraries which in &#8230; <a title=\"Read!\" class=\"read-more\" href=\"https:\/\/www.rwfund.org\/eng\/critical-themes\/rwfund-library\/\" aria-label=\"Read more about Read!\">MORE<\/a><\/p>\n","protected":false},"author":1,"featured_media":0,"parent":15,"menu_order":0,"comment_status":"closed","ping_status":"closed","template":"","meta":{"_kad_blocks_custom_css":"","_kad_blocks_head_custom_js":"","_kad_blocks_body_custom_js":"","_kad_blocks_footer_custom_js":"","footnotes":""},"categories":[],"tags":[],"class_list":{"0":"post-109","1":"page","2":"type-page","3":"status-publish","5":"infinite-scroll-item","6":"no-featured-image-padding"},"yoast_head":"<!-- This site is optimized with the Yoast SEO plugin v27.4 - https:\/\/yoast.com\/product\/yoast-seo-wordpress\/ -->\n<title>Read! - Reconstruction Women&#039;s Fund<\/title>\n<meta name=\"robots\" content=\"index, follow, max-snippet:-1, max-image-preview:large, max-video-preview:-1\" \/>\n<link rel=\"canonical\" href=\"https:\/\/www.rwfund.org\/eng\/critical-themes\/rwfund-library\/\" \/>\n<meta property=\"og:locale\" content=\"en_US\" \/>\n<meta property=\"og:type\" content=\"article\" \/>\n<meta property=\"og:title\" content=\"Read! - Reconstruction Women&#039;s Fund\" \/>\n<meta property=\"og:description\" content=\"RWFund Library BOOKS AND ARTICLES Education on Critical Issues&nbsp;ispart of&nbsp;Special Focus&nbsp;program and publishing is one of dynamic parts of the area. What the books have to do with a Fund: this is Socrates philanthropy, for all to learn, like Creative Commons. Printed books we sent to the libraries all over Serbia, 52 libraries which in ... MORE\" \/>\n<meta property=\"og:url\" content=\"https:\/\/www.rwfund.org\/eng\/critical-themes\/rwfund-library\/\" \/>\n<meta property=\"og:site_name\" content=\"Reconstruction Women&#039;s Fund\" \/>\n<meta property=\"article:modified_time\" content=\"2021-07-12T11:10:59+00:00\" \/>\n<meta name=\"twitter:card\" content=\"summary_large_image\" \/>\n<meta name=\"twitter:label1\" content=\"Est. reading time\" \/>\n\t<meta name=\"twitter:data1\" content=\"5 minutes\" \/>\n<script type=\"application\/ld+json\" class=\"yoast-schema-graph\">{\"@context\":\"https:\\\/\\\/schema.org\",\"@graph\":[{\"@type\":\"WebPage\",\"@id\":\"https:\\\/\\\/www.rwfund.org\\\/eng\\\/critical-themes\\\/rwfund-library\\\/\",\"url\":\"https:\\\/\\\/www.rwfund.org\\\/eng\\\/critical-themes\\\/rwfund-library\\\/\",\"name\":\"Read! - Reconstruction Women&#039;s Fund\",\"isPartOf\":{\"@id\":\"https:\\\/\\\/www.rwfund.org\\\/eng\\\/#website\"},\"datePublished\":\"2014-09-18T10:19:59+00:00\",\"dateModified\":\"2021-07-12T11:10:59+00:00\",\"breadcrumb\":{\"@id\":\"https:\\\/\\\/www.rwfund.org\\\/eng\\\/critical-themes\\\/rwfund-library\\\/#breadcrumb\"},\"inLanguage\":\"en-US\",\"potentialAction\":[{\"@type\":\"ReadAction\",\"target\":[\"https:\\\/\\\/www.rwfund.org\\\/eng\\\/critical-themes\\\/rwfund-library\\\/\"]}]},{\"@type\":\"BreadcrumbList\",\"@id\":\"https:\\\/\\\/www.rwfund.org\\\/eng\\\/critical-themes\\\/rwfund-library\\\/#breadcrumb\",\"itemListElement\":[{\"@type\":\"ListItem\",\"position\":1,\"name\":\"Home\",\"item\":\"https:\\\/\\\/www.rwfund.org\\\/eng\\\/\"},{\"@type\":\"ListItem\",\"position\":2,\"name\":\"Critical Themes\",\"item\":\"https:\\\/\\\/www.rwfund.org\\\/eng\\\/critical-themes\\\/\"},{\"@type\":\"ListItem\",\"position\":3,\"name\":\"Read!\"}]},{\"@type\":\"WebSite\",\"@id\":\"https:\\\/\\\/www.rwfund.org\\\/eng\\\/#website\",\"url\":\"https:\\\/\\\/www.rwfund.org\\\/eng\\\/\",\"name\":\"Reconstruction Women&#039;s Fund\",\"description\":\"Reconstruction Women&#039;s Fund\",\"publisher\":{\"@id\":\"https:\\\/\\\/www.rwfund.org\\\/eng\\\/#organization\"},\"potentialAction\":[{\"@type\":\"SearchAction\",\"target\":{\"@type\":\"EntryPoint\",\"urlTemplate\":\"https:\\\/\\\/www.rwfund.org\\\/eng\\\/?s={search_term_string}\"},\"query-input\":{\"@type\":\"PropertyValueSpecification\",\"valueRequired\":true,\"valueName\":\"search_term_string\"}}],\"inLanguage\":\"en-US\"},{\"@type\":\"Organization\",\"@id\":\"https:\\\/\\\/www.rwfund.org\\\/eng\\\/#organization\",\"name\":\"Reconstruction Women's Fund\",\"url\":\"https:\\\/\\\/www.rwfund.org\\\/eng\\\/\",\"logo\":{\"@type\":\"ImageObject\",\"inLanguage\":\"en-US\",\"@id\":\"https:\\\/\\\/www.rwfund.org\\\/eng\\\/#\\\/schema\\\/logo\\\/image\\\/\",\"url\":\"https:\\\/\\\/www.rwfund.org\\\/eng\\\/wp-content\\\/uploads\\\/sites\\\/2\\\/2021\\\/03\\\/LOGO-CROP_V1.svg\",\"contentUrl\":\"https:\\\/\\\/www.rwfund.org\\\/eng\\\/wp-content\\\/uploads\\\/sites\\\/2\\\/2021\\\/03\\\/LOGO-CROP_V1.svg\",\"width\":420,\"height\":640,\"caption\":\"Reconstruction Women's Fund\"},\"image\":{\"@id\":\"https:\\\/\\\/www.rwfund.org\\\/eng\\\/#\\\/schema\\\/logo\\\/image\\\/\"}}]}<\/script>\n<!-- \/ Yoast SEO plugin. -->","yoast_head_json":{"title":"Read! - Reconstruction Women&#039;s Fund","robots":{"index":"index","follow":"follow","max-snippet":"max-snippet:-1","max-image-preview":"max-image-preview:large","max-video-preview":"max-video-preview:-1"},"canonical":"https:\/\/www.rwfund.org\/eng\/critical-themes\/rwfund-library\/","og_locale":"en_US","og_type":"article","og_title":"Read! - Reconstruction Women&#039;s Fund","og_description":"RWFund Library BOOKS AND ARTICLES Education on Critical Issues&nbsp;ispart of&nbsp;Special Focus&nbsp;program and publishing is one of dynamic parts of the area. What the books have to do with a Fund: this is Socrates philanthropy, for all to learn, like Creative Commons. Printed books we sent to the libraries all over Serbia, 52 libraries which in ... MORE","og_url":"https:\/\/www.rwfund.org\/eng\/critical-themes\/rwfund-library\/","og_site_name":"Reconstruction Women&#039;s Fund","article_modified_time":"2021-07-12T11:10:59+00:00","twitter_card":"summary_large_image","twitter_misc":{"Est. reading time":"5 minutes"},"schema":{"@context":"https:\/\/schema.org","@graph":[{"@type":"WebPage","@id":"https:\/\/www.rwfund.org\/eng\/critical-themes\/rwfund-library\/","url":"https:\/\/www.rwfund.org\/eng\/critical-themes\/rwfund-library\/","name":"Read! - Reconstruction Women&#039;s Fund","isPartOf":{"@id":"https:\/\/www.rwfund.org\/eng\/#website"},"datePublished":"2014-09-18T10:19:59+00:00","dateModified":"2021-07-12T11:10:59+00:00","breadcrumb":{"@id":"https:\/\/www.rwfund.org\/eng\/critical-themes\/rwfund-library\/#breadcrumb"},"inLanguage":"en-US","potentialAction":[{"@type":"ReadAction","target":["https:\/\/www.rwfund.org\/eng\/critical-themes\/rwfund-library\/"]}]},{"@type":"BreadcrumbList","@id":"https:\/\/www.rwfund.org\/eng\/critical-themes\/rwfund-library\/#breadcrumb","itemListElement":[{"@type":"ListItem","position":1,"name":"Home","item":"https:\/\/www.rwfund.org\/eng\/"},{"@type":"ListItem","position":2,"name":"Critical Themes","item":"https:\/\/www.rwfund.org\/eng\/critical-themes\/"},{"@type":"ListItem","position":3,"name":"Read!"}]},{"@type":"WebSite","@id":"https:\/\/www.rwfund.org\/eng\/#website","url":"https:\/\/www.rwfund.org\/eng\/","name":"Reconstruction Women&#039;s Fund","description":"Reconstruction Women&#039;s Fund","publisher":{"@id":"https:\/\/www.rwfund.org\/eng\/#organization"},"potentialAction":[{"@type":"SearchAction","target":{"@type":"EntryPoint","urlTemplate":"https:\/\/www.rwfund.org\/eng\/?s={search_term_string}"},"query-input":{"@type":"PropertyValueSpecification","valueRequired":true,"valueName":"search_term_string"}}],"inLanguage":"en-US"},{"@type":"Organization","@id":"https:\/\/www.rwfund.org\/eng\/#organization","name":"Reconstruction Women's Fund","url":"https:\/\/www.rwfund.org\/eng\/","logo":{"@type":"ImageObject","inLanguage":"en-US","@id":"https:\/\/www.rwfund.org\/eng\/#\/schema\/logo\/image\/","url":"https:\/\/www.rwfund.org\/eng\/wp-content\/uploads\/sites\/2\/2021\/03\/LOGO-CROP_V1.svg","contentUrl":"https:\/\/www.rwfund.org\/eng\/wp-content\/uploads\/sites\/2\/2021\/03\/LOGO-CROP_V1.svg","width":420,"height":640,"caption":"Reconstruction Women's Fund"},"image":{"@id":"https:\/\/www.rwfund.org\/eng\/#\/schema\/logo\/image\/"}}]}},"taxonomy_info":[],"featured_image_src_large":false,"author_info":{"display_name":"Vlidi","author_link":"https:\/\/www.rwfund.org\/eng\/author\/testadmin\/"},"comment_info":0,"_links":{"self":[{"href":"https:\/\/www.rwfund.org\/eng\/wp-json\/wp\/v2\/pages\/109","targetHints":{"allow":["GET"]}}],"collection":[{"href":"https:\/\/www.rwfund.org\/eng\/wp-json\/wp\/v2\/pages"}],"about":[{"href":"https:\/\/www.rwfund.org\/eng\/wp-json\/wp\/v2\/types\/page"}],"author":[{"embeddable":true,"href":"https:\/\/www.rwfund.org\/eng\/wp-json\/wp\/v2\/users\/1"}],"replies":[{"embeddable":true,"href":"https:\/\/www.rwfund.org\/eng\/wp-json\/wp\/v2\/comments?post=109"}],"version-history":[{"count":13,"href":"https:\/\/www.rwfund.org\/eng\/wp-json\/wp\/v2\/pages\/109\/revisions"}],"predecessor-version":[{"id":14657,"href":"https:\/\/www.rwfund.org\/eng\/wp-json\/wp\/v2\/pages\/109\/revisions\/14657"}],"up":[{"embeddable":true,"href":"https:\/\/www.rwfund.org\/eng\/wp-json\/wp\/v2\/pages\/15"}],"wp:attachment":[{"href":"https:\/\/www.rwfund.org\/eng\/wp-json\/wp\/v2\/media?parent=109"}],"wp:term":[{"taxonomy":"category","embeddable":true,"href":"https:\/\/www.rwfund.org\/eng\/wp-json\/wp\/v2\/categories?post=109"},{"taxonomy":"post_tag","embeddable":true,"href":"https:\/\/www.rwfund.org\/eng\/wp-json\/wp\/v2\/tags?post=109"}],"curies":[{"name":"wp","href":"https:\/\/api.w.org\/{rel}","templated":true}]}}