{"id":15816,"date":"2022-07-17T20:03:07","date_gmt":"2022-07-17T18:03:07","guid":{"rendered":"https:\/\/www.rwfund.org\/eng\/?page_id=15816"},"modified":"2022-07-17T20:03:08","modified_gmt":"2022-07-17T18:03:08","slug":"june","status":"publish","type":"page","link":"https:\/\/www.rwfund.org\/eng\/2022-2\/special-focus-2022\/june\/","title":{"rendered":"June"},"content":{"rendered":"\n<h2 class=\"wp-block-heading\">2022<\/h2>\n\n\n\n<p><strong><a href=\"https:\/\/www.rwfund.org\/eng\/programs\/special-focus\/\">Program: Special Focus<\/a><\/strong><\/p>\n\n\n\n<p><strong>Grants approved&nbsp;<\/strong>\u2013 February 2022<\/p>\n\n\n\n<p><strong>Number of grants: <span style=\"color: #ef4d58;\">15<\/span><\/strong><\/p>\n\n\n\n<p><span style=\"color: #ff0000;\">\u221a<\/span><\/p>\n\n\n\n<p><strong>1. Street Drummers, Belgrade<\/strong><\/p>\n\n\n\n<ul class=\"wp-block-list\"><li>RSD:<strong>&nbsp;450.000<\/strong><ul><li>Project title:<strong>&nbsp;Street Drummers Loudly on 8<sup>th<\/sup><\/strong><\/li><\/ul><\/li><\/ul>\n\n\n\n<p>For many years, the Drummers make an important part of the International Women\u2019s Day March, heating up the atmosphere among the march participants and empower them to raise their voices. Supporting the suggested activities, RWF supports gathering the new generation of Drummers and the continuity of this type of feminist presence at protests and other public appearances.&nbsp;<\/p>\n\n\n\n<p><strong>2. Centre for the Politics of Emancipation, Belgrade<\/strong><\/p>\n\n\n\n<ul class=\"wp-block-list\"><li>RSD:<strong>&nbsp;200.000<\/strong><ul><li>Project title:&nbsp;<strong>Summer School \u2013 Solidarity economy and peace activism<\/strong><\/li><\/ul><\/li><\/ul>\n\n\n\n<p>Summer School&nbsp;<em>Solidarity economy and peace activism&nbsp;<\/em>is a special edition of the alternative studies organized by CPE. The research conducted by Marija Jakovljevi\u0107 within CPE, supported through Social Change Initiative (SCI) stipend, is transmitted into a summer module exploring what does peacebuilding mean today, how is it related to economic justice, what could feminist economy look like, what are the important yet oftentimes marginalized elements in activist organizing, and how to develop autonomous financial resources and structures needed for activist actions in the field of intersecting peacebuilding and solidarity economy.&nbsp;<\/p>\n\n\n\n<p><strong>3. Children\u2019s Centre, Zaje\u010dar<\/strong><\/p>\n\n\n\n<ul class=\"wp-block-list\"><li>RSD:<strong>&nbsp;380.000&nbsp;<\/strong><ul><li>Project title:<strong>&nbsp;Inclusion is female<\/strong><\/li><\/ul><\/li><\/ul>\n\n\n\n<p>\u201cInclusion is female\u201d is the title of this year\u2019s thematic international inclusive festival of children and youth arts \u2013 Art Zone for Everyone. The festival spans over 5 days, gathers around 120 participants from Serbia and the region, and what is accentuated is the role of women who are active in artistic expression of people with disabilities as experts\/authors\/mothers. Through 4 stage plays, 2 concerts, an exhibition, book promotion, round table, workshops and the premiere of the joint stage play \u201cVisible\u201d, the aim of the group is to introduce the wider public with the specific position and needs of children\/youth with disability, and to particularly highlight the discrimination of girls and women with disabilities and the lack of support to their participation in public life.&nbsp;<\/p>\n\n\n\n<p><strong>4. exmov \/exploring movement\/, Belgrade<\/strong><\/p>\n\n\n\n<ul class=\"wp-block-list\"><li>RSD:<strong>&nbsp;200.000<\/strong><ul><li>Project title:<strong>&nbsp;Free Flight, Maga Magazinovi\u0107<\/strong><\/li><\/ul><\/li><\/ul>\n\n\n\n<p>This transmedia project \/ exhibition and a performance in public space encompass ambiental video and sculptural installations inspired by key moments from the life of Maga Magazinovi\u0107, an activist, a theoretician of artistic dance, choreographer, philosopher, first woman journalist in Serbia, a woman who led Serbia into the modern 20<sup>th<\/sup>&nbsp;century. The aim of these activities is developing consciousness about the importance of women\u2019s activism, pointing out to the current importance of Maga\u2019s though and avant-garde character of her views, with a special attention to re-actualization and presenting Maga\u2019s work to youth.&nbsp;<\/p>\n\n\n\n<p><strong>5. Speakers in Colors, Obrenovac<\/strong><\/p>\n\n\n\n<ul class=\"wp-block-list\"><li>RSD:<strong>&nbsp;321.800<\/strong><ul><li>Project title:<strong>&nbsp;They live<\/strong><\/li><\/ul><\/li><\/ul>\n\n\n\n<p>\u201cThey live\u201d is an action primarily devoted to the young people of Obrenovac but it is also directed at the rest of the local community. Its base idea is closer look and critical rethinking of socialist heritage and the values it carries (primarily the values of solidarity, equality, multiculturalism and antifascism), with the accent on antifascist women\u2019s movement, through research and artistic work\/street art.&nbsp;<\/p>\n\n\n\n<p><strong>6<\/strong>.&nbsp;<strong>Group GO OUT, Novi Sad<\/strong><\/p>\n\n\n\n<ul class=\"wp-block-list\"><li>RSD:<strong>&nbsp;449.475<\/strong><ul><li>Project title:<strong>&nbsp;Let\u2019s talk about\u2026<\/strong><\/li><\/ul><\/li><\/ul>\n\n\n\n<p>The supported activities imply the work of the LGBT+ social centre for 4 days a week and conducting thematic meetings twice a month, aiming to educate LGBT+ youth about subject identified as relevant to their lives by the group through working with them. The subjects vary from mental health to partner relationships to general issues significant for the LGBT+ community.&nbsp;<\/p>\n\n\n\n<p><strong>7. Hleb teatar, Belgrade<\/strong><\/p>\n\n\n\n<ul class=\"wp-block-list\"><li>RSD:<strong>&nbsp;312.600<\/strong><ul><li>Project title:<strong>&nbsp;Marija Ru\u010dara stage play tour in Leskovac, Zrenjanin, Smederevo and Kragujevac<\/strong><\/li><\/ul><\/li><\/ul>\n\n\n\n<p>Marija Ru\u010dara is a stage play speaking out about the injustice affecting workers, about disrespect of workers\u2019 and human rights. Touring with the stage play through cities of Serbia where the injustice still takes place today, in 21<sup>st<\/sup>&nbsp;century, is an opportunity to use the play for opening a dialogue with the workers, in attempts to transform the situation. After supporting the production of the stage play, RWF further supports spreading the progressive labour ideas and encouragements presented in the play.&nbsp;<\/p>\n\n\n\n<p><strong>8. Consultations for Lesbians, Belgrade<\/strong><\/p>\n\n\n\n<ul class=\"wp-block-list\"><li>RSD:<strong>&nbsp;300.000&nbsp;<\/strong><ul><li>Project title:&nbsp;<strong>Through memories to new ideas: Lesbian contributions to feminist and anti-war movement&nbsp;<\/strong><\/li><\/ul><\/li><\/ul>\n\n\n\n<p>Consultations for Lesbians within the supported activities are creating videos of memories by lesbians and women who took part in feminist activities starting from the 1980s. At today\u2019s digital age, the group considers its duty to, among other things, enable new generations to discover pieces of feminist-lesbian history through videos. Short films will inform young lesbians and potentially inspire them to engage in activism. The films also have the goal to sensitize wider audience and increase visibility of lesbians and their contributions to democratic society.&nbsp;<\/p>\n\n\n\n<p><strong>9. Cultural Front \/ Cultural Centre Grad, Belgrade<\/strong><\/p>\n\n\n\n<ul class=\"wp-block-list\"><li>RSD:&nbsp;<strong>328.300<\/strong><ul><li>Project title:&nbsp;<strong>Decisive<\/strong><\/li><\/ul><\/li><\/ul>\n\n\n\n<p>Project&nbsp;<em>Decisive&nbsp;<\/em>deals with the subject of suicide through two prisms \u2013 one is the discussion and portraying people who have, at some point in their lives, committed a failed attempt of suicide, and today are willing to share their experiences, while the other is the personal experience of the author who has lost her father and brother that way. All the portraits and self-portraits were made at the very place where the attempt was committed, followed by author\u2019s texts. The exhibit also contains an audio recording with the protagonists, followed by everyday mobile photos as a video art. Within the project, it is planned to hold a conversation with the author and guests from specific fields of expertise (psychology, psychotherapy etc).&nbsp;<\/p>\n\n\n\n<p><strong>10. Milana Mari\u010di\u0107 and Goran Lazi\u010di\u0107, non-formal group<\/strong><\/p>\n\n\n\n<ul class=\"wp-block-list\"><li>RSD:&nbsp;<strong>392.500<\/strong><\/li><li>Project title:<strong>&nbsp;Be\u010dkerek 1991<\/strong><\/li><\/ul>\n\n\n\n<p>The collection of texts and illustrations is devoted to&nbsp;<em>Be\u010dkerek,&nbsp;<\/em>the weekly newspaper of civil and anti-war orientation published by a group of independent journalists in Zrenjanin during 1991. Organized in thematic blocks, texts revive the memories of collaborators and contemporaries of the newspaper, and scientific-publicist contributions about Be\u010dkerek with a distance of 30 years. The publication also contains a selection of articles and caricatures published in the newspaper, while the QR codes enable access to the digitalized issues. Besides promoting core democratic principles and the culture of public dialogue, the project reaffirms marginalized heritage of the oppositional, anti-nationalist engagement and anti-war civil movement from the 1990s in the current public discourse.&nbsp;<\/p>\n\n\n\n<p><strong>11. Okular, \u0106i\u0107evac<\/strong><\/p>\n\n\n\n<ul class=\"wp-block-list\"><li>RSD:&nbsp;<strong>450.000<\/strong><\/li><li>Project title:<strong>&nbsp;I raise my voice<\/strong><\/li><\/ul>\n\n\n\n<p>\u201cI raise my voice\u201d is a set of activities dealing with the empowerment of women and girls, primarily in rural areas, in order for them to act proactively in their local communities by initiating actions, campaigns and changes in the community, through envisioning and implementing their ideas \u2013 through organizing public events focused on feminism, antifascism, demilitarization and creating media content revolving around gender equality and promoting women\u2019s mobilizing initiatives.&nbsp;<\/p>\n\n\n\n<p><strong>12. Women\u2019s Studies and Research, branch in Subotica<\/strong><\/p>\n\n\n\n<ul class=\"wp-block-list\"><li>RSD:&nbsp;<strong>449.000<\/strong><\/li><li>Project title:&nbsp;<strong>Women\u2019s studies after 25 years<\/strong><\/li><\/ul>\n\n\n\n<p>Women\u2019s studies as an alternative higher education program contain both theoretic and activist dimension, as one of the ore goals is to establish a positive social change. The aim of the project \u201cWomen\u2019s studies after 25 years\u201d is to educate a group of participants, with the group further working on empowering and educating others, hence enabling the continuity with the history and predecessors of Women\u2019s studies in Subotica, Vojvodina and Serbia, as well as networking of activists and experts, this time as educators.&nbsp;&nbsp;<\/p>\n\n\n\n<p><strong>13. Visual centre, Pan\u010devo&nbsp;<\/strong><\/p>\n\n\n\n<ul class=\"wp-block-list\"><li>RSD:&nbsp;<strong>200.000<\/strong><\/li><li>Project title:&nbsp;<strong>ARTiculations 3 \u2013 The Affair<\/strong><\/li><\/ul>\n\n\n\n<p>The project \u201cARTiculations\u201d is a platform for establishing artistic and showcasing site-specific practices, through reactivation and reactualization of public spaces and institutions of prominent socio-referent contexts. \u201cARTiculations\u201d formally imply series of engaged and thematically connected exhibition and side programs with the goal of mapping, visibilization and promotion of sensitive and important social subjects, encompassing their cultural, historical, monumental and architectural heritage, through poetic and critical expressions of artists from the region. The aim of the project is actualization of diverse infrastructural and cultural resources, and exchange of information and knowledge regarding thematization and improvement of specific models of social responsibility and behaviors. *Special focus of the third exhibition of the project ARTiculations is directed towards conceptualization of a widely understood specificum of the affair.&nbsp;<\/p>\n\n\n\n<p><strong>14. Association of visual artists of Serbia, Belgrade<\/strong><\/p>\n\n\n\n<ul class=\"wp-block-list\"><li>RSD:&nbsp;<strong>150.000<\/strong><\/li><li>Project title:<strong>&nbsp;ULUS Service for improvement of economic status of artists<\/strong><\/li><\/ul>\n\n\n\n<p>By establishing a Portfolio of members \u2013 a new service for presenting arts, knowledge and skills of ULUS members, the Association wishes to work on creating conditions for hiring independent artists, as well as those with the status of unemployed people. The project implies establishing a working team of independent visual artists working on editorial and promotional jobs regarding the portfolio, while the structure of the portfolio is two-fold \u2013 one part is devoted to the promotion of sales of artwork, and the other to the increase of visibility of other expertise and skills held by artists that can be offered at the labour market. The goal is that the work of the working team of ULUS Service enables communications between artists on one side and potential employers on the other side (architectural bureaus, IT sector, publishing houses, hospitality businesses etc).&nbsp;<\/p>\n\n\n\n<p><strong>15. \u017dernergija HUB, Belgrade<\/strong><\/p>\n\n\n\n<ul class=\"wp-block-list\"><li>RSD:&nbsp;<strong>395.000<\/strong><\/li><li>Project title:&nbsp;<strong>\u017denergija HUBitat&nbsp;<\/strong><\/li><\/ul>\n\n\n\n<p>The project is envisioned as a sort of continuation of the project \u017denergija HUB, which provided the participants with the knowledge of investigative journalism, editing radio formats, public speech and digital promotion. The project \u017denergija HUBitat aims to use field work and provide space for women outside of Belgrade to speak about themselves on podcasts, about their work and agitations, with a special focus on women working in spheres primarily perceived as manly (car mechanics, repairwomen etc). The group would continue transgenerational connecting, and questioning\u00a0gender roles.\u00a0<\/p>\n\n\n\n<p><\/p>\n\n\n\n<p><\/p>\n\n\n\n<div style=\"height:60px\" aria-hidden=\"true\" class=\"wp-block-spacer\"><\/div>\n","protected":false},"excerpt":{"rendered":"<p>2022 Program: Special Focus Grants approved&nbsp;\u2013 February 2022 Number of grants: 15 \u221a 1. Street Drummers, Belgrade RSD:&nbsp;450.000 Project title:&nbsp;Street Drummers Loudly on 8th For many years, the Drummers make an important part of the International Women\u2019s Day March, heating up the atmosphere among the march participants and empower them to raise their voices. Supporting &#8230; <a title=\"June\" class=\"read-more\" href=\"https:\/\/www.rwfund.org\/eng\/2022-2\/special-focus-2022\/june\/\" aria-label=\"Read more about June\">MORE<\/a><\/p>\n","protected":false},"author":1,"featured_media":0,"parent":15653,"menu_order":1,"comment_status":"closed","ping_status":"closed","template":"","meta":{"_kad_blocks_custom_css":"","_kad_blocks_head_custom_js":"","_kad_blocks_body_custom_js":"","_kad_blocks_footer_custom_js":"","footnotes":""},"categories":[],"tags":[],"class_list":{"0":"post-15816","1":"page","2":"type-page","3":"status-publish","5":"infinite-scroll-item","6":"no-featured-image-padding"},"yoast_head":"<!-- This site is optimized with the Yoast SEO plugin v27.4 - https:\/\/yoast.com\/product\/yoast-seo-wordpress\/ -->\n<title>June - Reconstruction Women&#039;s Fund<\/title>\n<meta name=\"description\" content=\"Special Focus \/\/\/ June 2022\" \/>\n<meta name=\"robots\" content=\"index, follow, max-snippet:-1, max-image-preview:large, max-video-preview:-1\" \/>\n<link rel=\"canonical\" href=\"https:\/\/www.rwfund.org\/eng\/2022-2\/special-focus-2022\/june\/\" \/>\n<meta property=\"og:locale\" content=\"en_US\" \/>\n<meta property=\"og:type\" content=\"article\" \/>\n<meta property=\"og:title\" content=\"June - Reconstruction Women&#039;s Fund\" \/>\n<meta property=\"og:description\" content=\"Special Focus \/\/\/ June 2022\" \/>\n<meta property=\"og:url\" content=\"https:\/\/www.rwfund.org\/eng\/2022-2\/special-focus-2022\/june\/\" \/>\n<meta property=\"og:site_name\" content=\"Reconstruction Women&#039;s Fund\" \/>\n<meta property=\"article:modified_time\" content=\"2022-07-17T18:03:08+00:00\" \/>\n<meta name=\"twitter:card\" content=\"summary_large_image\" \/>\n<meta name=\"twitter:label1\" content=\"Est. reading time\" \/>\n\t<meta name=\"twitter:data1\" content=\"8 minutes\" \/>\n<script type=\"application\/ld+json\" class=\"yoast-schema-graph\">{\"@context\":\"https:\\\/\\\/schema.org\",\"@graph\":[{\"@type\":\"WebPage\",\"@id\":\"https:\\\/\\\/www.rwfund.org\\\/eng\\\/2022-2\\\/special-focus-2022\\\/june\\\/\",\"url\":\"https:\\\/\\\/www.rwfund.org\\\/eng\\\/2022-2\\\/special-focus-2022\\\/june\\\/\",\"name\":\"June - Reconstruction Women&#039;s Fund\",\"isPartOf\":{\"@id\":\"https:\\\/\\\/www.rwfund.org\\\/eng\\\/#website\"},\"datePublished\":\"2022-07-17T18:03:07+00:00\",\"dateModified\":\"2022-07-17T18:03:08+00:00\",\"description\":\"Special Focus \\\/\\\/\\\/ June 2022\",\"breadcrumb\":{\"@id\":\"https:\\\/\\\/www.rwfund.org\\\/eng\\\/2022-2\\\/special-focus-2022\\\/june\\\/#breadcrumb\"},\"inLanguage\":\"en-US\",\"potentialAction\":[{\"@type\":\"ReadAction\",\"target\":[\"https:\\\/\\\/www.rwfund.org\\\/eng\\\/2022-2\\\/special-focus-2022\\\/june\\\/\"]}]},{\"@type\":\"BreadcrumbList\",\"@id\":\"https:\\\/\\\/www.rwfund.org\\\/eng\\\/2022-2\\\/special-focus-2022\\\/june\\\/#breadcrumb\",\"itemListElement\":[{\"@type\":\"ListItem\",\"position\":1,\"name\":\"Home\",\"item\":\"https:\\\/\\\/www.rwfund.org\\\/eng\\\/\"},{\"@type\":\"ListItem\",\"position\":2,\"name\":\"2022\",\"item\":\"https:\\\/\\\/www.rwfund.org\\\/eng\\\/2022-2\\\/\"},{\"@type\":\"ListItem\",\"position\":3,\"name\":\"Special Focus 2022\",\"item\":\"https:\\\/\\\/www.rwfund.org\\\/eng\\\/2022-2\\\/special-focus-2022\\\/\"},{\"@type\":\"ListItem\",\"position\":4,\"name\":\"June\"}]},{\"@type\":\"WebSite\",\"@id\":\"https:\\\/\\\/www.rwfund.org\\\/eng\\\/#website\",\"url\":\"https:\\\/\\\/www.rwfund.org\\\/eng\\\/\",\"name\":\"Reconstruction Women&#039;s Fund\",\"description\":\"Reconstruction Women&#039;s Fund\",\"publisher\":{\"@id\":\"https:\\\/\\\/www.rwfund.org\\\/eng\\\/#organization\"},\"potentialAction\":[{\"@type\":\"SearchAction\",\"target\":{\"@type\":\"EntryPoint\",\"urlTemplate\":\"https:\\\/\\\/www.rwfund.org\\\/eng\\\/?s={search_term_string}\"},\"query-input\":{\"@type\":\"PropertyValueSpecification\",\"valueRequired\":true,\"valueName\":\"search_term_string\"}}],\"inLanguage\":\"en-US\"},{\"@type\":\"Organization\",\"@id\":\"https:\\\/\\\/www.rwfund.org\\\/eng\\\/#organization\",\"name\":\"Reconstruction Women's Fund\",\"url\":\"https:\\\/\\\/www.rwfund.org\\\/eng\\\/\",\"logo\":{\"@type\":\"ImageObject\",\"inLanguage\":\"en-US\",\"@id\":\"https:\\\/\\\/www.rwfund.org\\\/eng\\\/#\\\/schema\\\/logo\\\/image\\\/\",\"url\":\"https:\\\/\\\/www.rwfund.org\\\/eng\\\/wp-content\\\/uploads\\\/sites\\\/2\\\/2021\\\/03\\\/LOGO-CROP_V1.svg\",\"contentUrl\":\"https:\\\/\\\/www.rwfund.org\\\/eng\\\/wp-content\\\/uploads\\\/sites\\\/2\\\/2021\\\/03\\\/LOGO-CROP_V1.svg\",\"width\":420,\"height\":640,\"caption\":\"Reconstruction Women's Fund\"},\"image\":{\"@id\":\"https:\\\/\\\/www.rwfund.org\\\/eng\\\/#\\\/schema\\\/logo\\\/image\\\/\"}}]}<\/script>\n<!-- \/ Yoast SEO plugin. -->","yoast_head_json":{"title":"June - Reconstruction Women&#039;s Fund","description":"Special Focus \/\/\/ June 2022","robots":{"index":"index","follow":"follow","max-snippet":"max-snippet:-1","max-image-preview":"max-image-preview:large","max-video-preview":"max-video-preview:-1"},"canonical":"https:\/\/www.rwfund.org\/eng\/2022-2\/special-focus-2022\/june\/","og_locale":"en_US","og_type":"article","og_title":"June - Reconstruction Women&#039;s Fund","og_description":"Special Focus \/\/\/ June 2022","og_url":"https:\/\/www.rwfund.org\/eng\/2022-2\/special-focus-2022\/june\/","og_site_name":"Reconstruction Women&#039;s Fund","article_modified_time":"2022-07-17T18:03:08+00:00","twitter_card":"summary_large_image","twitter_misc":{"Est. reading time":"8 minutes"},"schema":{"@context":"https:\/\/schema.org","@graph":[{"@type":"WebPage","@id":"https:\/\/www.rwfund.org\/eng\/2022-2\/special-focus-2022\/june\/","url":"https:\/\/www.rwfund.org\/eng\/2022-2\/special-focus-2022\/june\/","name":"June - Reconstruction Women&#039;s Fund","isPartOf":{"@id":"https:\/\/www.rwfund.org\/eng\/#website"},"datePublished":"2022-07-17T18:03:07+00:00","dateModified":"2022-07-17T18:03:08+00:00","description":"Special Focus \/\/\/ June 2022","breadcrumb":{"@id":"https:\/\/www.rwfund.org\/eng\/2022-2\/special-focus-2022\/june\/#breadcrumb"},"inLanguage":"en-US","potentialAction":[{"@type":"ReadAction","target":["https:\/\/www.rwfund.org\/eng\/2022-2\/special-focus-2022\/june\/"]}]},{"@type":"BreadcrumbList","@id":"https:\/\/www.rwfund.org\/eng\/2022-2\/special-focus-2022\/june\/#breadcrumb","itemListElement":[{"@type":"ListItem","position":1,"name":"Home","item":"https:\/\/www.rwfund.org\/eng\/"},{"@type":"ListItem","position":2,"name":"2022","item":"https:\/\/www.rwfund.org\/eng\/2022-2\/"},{"@type":"ListItem","position":3,"name":"Special Focus 2022","item":"https:\/\/www.rwfund.org\/eng\/2022-2\/special-focus-2022\/"},{"@type":"ListItem","position":4,"name":"June"}]},{"@type":"WebSite","@id":"https:\/\/www.rwfund.org\/eng\/#website","url":"https:\/\/www.rwfund.org\/eng\/","name":"Reconstruction Women&#039;s Fund","description":"Reconstruction Women&#039;s Fund","publisher":{"@id":"https:\/\/www.rwfund.org\/eng\/#organization"},"potentialAction":[{"@type":"SearchAction","target":{"@type":"EntryPoint","urlTemplate":"https:\/\/www.rwfund.org\/eng\/?s={search_term_string}"},"query-input":{"@type":"PropertyValueSpecification","valueRequired":true,"valueName":"search_term_string"}}],"inLanguage":"en-US"},{"@type":"Organization","@id":"https:\/\/www.rwfund.org\/eng\/#organization","name":"Reconstruction Women's Fund","url":"https:\/\/www.rwfund.org\/eng\/","logo":{"@type":"ImageObject","inLanguage":"en-US","@id":"https:\/\/www.rwfund.org\/eng\/#\/schema\/logo\/image\/","url":"https:\/\/www.rwfund.org\/eng\/wp-content\/uploads\/sites\/2\/2021\/03\/LOGO-CROP_V1.svg","contentUrl":"https:\/\/www.rwfund.org\/eng\/wp-content\/uploads\/sites\/2\/2021\/03\/LOGO-CROP_V1.svg","width":420,"height":640,"caption":"Reconstruction Women's Fund"},"image":{"@id":"https:\/\/www.rwfund.org\/eng\/#\/schema\/logo\/image\/"}}]}},"taxonomy_info":[],"featured_image_src_large":false,"author_info":{"display_name":"Vlidi","author_link":"https:\/\/www.rwfund.org\/eng\/author\/testadmin\/"},"comment_info":0,"_links":{"self":[{"href":"https:\/\/www.rwfund.org\/eng\/wp-json\/wp\/v2\/pages\/15816","targetHints":{"allow":["GET"]}}],"collection":[{"href":"https:\/\/www.rwfund.org\/eng\/wp-json\/wp\/v2\/pages"}],"about":[{"href":"https:\/\/www.rwfund.org\/eng\/wp-json\/wp\/v2\/types\/page"}],"author":[{"embeddable":true,"href":"https:\/\/www.rwfund.org\/eng\/wp-json\/wp\/v2\/users\/1"}],"replies":[{"embeddable":true,"href":"https:\/\/www.rwfund.org\/eng\/wp-json\/wp\/v2\/comments?post=15816"}],"version-history":[{"count":1,"href":"https:\/\/www.rwfund.org\/eng\/wp-json\/wp\/v2\/pages\/15816\/revisions"}],"predecessor-version":[{"id":15817,"href":"https:\/\/www.rwfund.org\/eng\/wp-json\/wp\/v2\/pages\/15816\/revisions\/15817"}],"up":[{"embeddable":true,"href":"https:\/\/www.rwfund.org\/eng\/wp-json\/wp\/v2\/pages\/15653"}],"wp:attachment":[{"href":"https:\/\/www.rwfund.org\/eng\/wp-json\/wp\/v2\/media?parent=15816"}],"wp:term":[{"taxonomy":"category","embeddable":true,"href":"https:\/\/www.rwfund.org\/eng\/wp-json\/wp\/v2\/categories?post=15816"},{"taxonomy":"post_tag","embeddable":true,"href":"https:\/\/www.rwfund.org\/eng\/wp-json\/wp\/v2\/tags?post=15816"}],"curies":[{"name":"wp","href":"https:\/\/api.w.org\/{rel}","templated":true}]}}