{"id":16206,"date":"2023-11-09T14:09:32","date_gmt":"2023-11-09T12:09:32","guid":{"rendered":"https:\/\/www.rwfund.org\/eng\/?page_id=16206"},"modified":"2023-12-01T15:34:20","modified_gmt":"2023-12-01T13:34:20","slug":"october","status":"publish","type":"page","link":"https:\/\/www.rwfund.org\/eng\/2023-2\/special-focus-2023\/october\/","title":{"rendered":"October"},"content":{"rendered":"\n<h2 class=\"wp-block-heading\"><a href=\"https:\/\/www.rwfund.org\/eng\/2023-2\/\">2023<\/a><\/h2>\n\n\n\n<p><strong><a href=\"https:\/\/www.rwfund.org\/eng\/programs\/special-focus\/\">Program: Special Focus<\/a><\/strong><\/p>\n\n\n\n<p><strong>Grants approved&nbsp;<\/strong>\u2013 October 2023<\/p>\n\n\n\n<p><strong>Number of grants: <span style=\"color: #ef4d58;\">16<\/span><\/strong><\/p>\n\n\n\n<p><span style=\"color: #ff0000;\">\u221a<\/span><\/p>\n\n\n\n<p><strong>1. Rebel readers, Belgrade<\/strong><\/p>\n\n\n\n<p>RSD: <strong>424.000<\/strong><\/p>\n\n\n\n<p>Project title: <strong>\u0160tefica Cvek: An award for feminist, queer and rebellious literature<\/strong><\/p>\n\n\n\n<p>\u0160tefica Cvek is a non-competitive regional literary shortlist. It is a selection of the best works from the BHSC language area from the previous publishing year, written from the positions of feminism, antifascism, ecology, anticolonialism and other leftist perspectives. The goal of the selection is an intervention into the mainstream regional literature, which does not recognize feminist and queer literature as artistically valuable, and which also marginalizes progressive poetics.&nbsp;<\/p>\n\n\n\n<p><strong>2. Refugee Aid Serbia, Belgrade<\/strong><\/p>\n\n\n\n<p>RSD: <strong>444.000<\/strong><\/p>\n\n\n\n<p>Project title: <strong>The Workshop<\/strong><\/p>\n\n\n\n<p><em>The Workshop <\/em>is a safe space and educational centre for refugees and asylum seekers in Belgrade city centre. Since April 2017, it held language lessons for over 600 refugees and asylum seekers, with the aim of enabling further education, job seeking, as well as integration into the new environment and society in Serbia. Besides lessons held in person in the organization\u2019s space, there is also an option of online lessons for people settled in camps outside of Belgrade or those who cannot attend in person due to work\/education\/personal commitments, as well as lessons for refugee children and recreational activities such as sports.<\/p>\n\n\n\n<p><strong>3. Collective Action A Roof Above Head, Belgrade<\/strong><\/p>\n\n\n\n<p>RSD: <strong>449.000<\/strong><\/p>\n\n\n\n<p>Project title: <strong>Speak loudly and take a lawyer with you III<\/strong><\/p>\n\n\n\n<p>Collective Action A Roof Above Head expands its field of struggle against unfair evictions. Communal enterprises and rich creditors are violating the minimal socially responsible law clauses to make a profit on the poor and discriminated people. But they do not expect that those people will have the support of activists and a lawyer. We keep on providing legal support for those who cannot afford it on their own for their liberation from unfairly blown-up or non-existing debts.<\/p>\n\n\n\n<p><strong>4. The Fakirs from the South, Kru\u0161evac<\/strong><\/p>\n\n\n\n<p>RSD: <strong>259.600<\/strong><\/p>\n\n\n\n<p>Project title: <strong>Tour of the stage play \u201cWings\u201d \u2013 Zaje\u010dar, U\u017eice, Kosjeri\u0107<\/strong><\/p>\n\n\n\n<p>\u201cWings\u201d are a socially engaged stage play about the position of people with autism and their families in Serbia, with the text based on conversations with mothers of people with autism. The stage play was co-created by the community gathered around the Alternative cultural centre Nest. It was directed by Jovana \u0110ori\u0107, and the performers are Isidora Kosti\u0107, Marija Luki\u0107evi\u0107, Marija Trifunovi\u0107. Dimitrije Novovi\u0107 and Vuka\u0161in \u0110ori\u0107 Vasi\u0107. The stage play will be performed in U\u017eice, Zaje\u010dar and Kosjeri\u0107 with the aim of educating broader audience and deepening the relationships among the Nest community members.<\/p>\n\n\n\n<p><strong>5. Women for Peace, Leskovac<\/strong><\/p>\n\n\n\n<p>RSD: <strong>449.300<\/strong><\/p>\n\n\n\n<p>Project title:<strong> Women, feminism, sexuality<\/strong><\/p>\n\n\n\n<p>The project is envisioned primarily for young girls as a group most susceptible to all forms of violence and negative behaviours, but at the same time the group who can benefit the most out of newly accepted knowledge from the field of feminism and sexuality. We need to get young girls more familiar with the impact of gender stereotypes and unequal gender power relationships on sexuality, identity and relationships that should be based on respect, responsibility and equality. We need to provide them with an option of exploring sexuality as well as to develop their own values and opinions on sexuality, gender identity, relationships and intimacy, enjoyment, which is a pathway towards grasping awareness and conquering sexual freedoms.<\/p>\n\n\n\n<p><strong>6. Group for Children and Youth \u201eIndigo\u201c, Ni\u0161<\/strong><\/p>\n\n\n\n<p>RSD: <strong>446.000<\/strong><\/p>\n\n\n\n<p>Project title: <strong>Transgenerational study about the position of Roma girls and women in the \u201cRed Star\u201d settlement in Ni\u0161<\/strong><\/p>\n\n\n\n<p>The goal of the project is exploring the position of Roma girls and women in three generations within a family. The study will be conducted in four phases. The first phase will encompass surveys with Roma families for gathering socio-demographic data and choosing families who will participate in the second phase. The second phase will encompass interviewing Roma girls and women, with the interviews being focused on their position within their families and environment. The third phase implies analysing and interpreting the data. The fourth phase is presenting the results on a public event in collaboration with the Faculty of Philosophy in Ni\u0161.<\/p>\n\n\n\n<p><strong>7. Infoteka CK13, Novi Sad<\/strong><\/p>\n\n\n\n<p>RSD: <strong>387.000<\/strong><\/p>\n\n\n\n<p>Project title: <strong>Feminist critique and women\u2019s art<\/strong><\/p>\n\n\n\n<p>The project is focused on feminist and women\u2019s perspectives in arts, analysing primarily how art treats women, but also, in general, which gender dynamics are present in arts. The project primarily highlights literature, film and music. These subjects will be treated through events aiming to develop critical thinking among youth, with a particular focus on young women, as well as through translating and printing texts related to these subject, also primarily envisioned for educating young women on feminist critique perspectives.<\/p>\n\n\n\n<p><strong>8. Yutopia, Novi Sad<\/strong><\/p>\n\n\n\n<p>RSD: <strong>334.500<\/strong><\/p>\n\n\n\n<p>Project title: <strong>Women and war \u2013 podcast about women\u2019s anti-war literature<\/strong><\/p>\n\n\n\n<p>The project consists of five radio shows devoted to literary works written by women, which thematise the position of women in war conflicts. Besides radio form, the project also encompasses one public event relating to the subject, where women writers and critics will have a discussion. The shows will be published on the CK13 Radio community. Public events will be organized in the CK13 Youth Centre. The project is envisioned for the audience interested in feminism, literature, history, antimilitarism and antifascism. The goal of the project is to inform people about books written by regional and world women writers who thematise war, as well as relationship with militarism and strengthening patriarchal tendencies in contemporary society.<\/p>\n\n\n\n<p><strong>9. KAO Parnas, Novi Sad<\/strong><\/p>\n\n\n\n<p>RSD: <strong>440.250<\/strong><\/p>\n\n\n\n<p>Project title: <strong>Seize the film \u2013 Drop the prejudices (Seize the film against fascism, militarism, ableism, gender-based violence)<\/strong><\/p>\n\n\n\n<p>Through 10 screenings of selected short movies from the <em>Seize the Film <\/em>archive and directed discussion, the group will educate at least 300 young people in high schools and at faculties in Novi Sad about ableism, fascism, militarism, violence and ageism, through feminist perspective and critique of patriarchy. The aim is to contextualize views towards disability, i.e. to raise the awareness about ableism among young people, as well as the fact that ableism emerges in tight relationship with patriarchy, fascism which is not visible at first sight in the contemporary society, militarism, capitalism, racism, heterosexism, ableism.<\/p>\n\n\n\n<p><strong>10. Latinos en Serbia, Novi Sad<\/strong><strong><\/strong><\/p>\n\n\n\n<p>RSD: <strong>427.118<\/strong><\/p>\n\n\n\n<p>Project title: <strong>Support network for women from Latin America, migrants in Serbia<\/strong><strong><\/strong><\/p>\n\n\n\n<p>The project will focus on the community of migrant women from Latin American countries living in Serbia. The goal is to get the community closer, in a practical way, through diverse subjects important for their lives here. The three main thematic fields of the projects are legal aspects of migrations, gender-based violence and mental health. The main activities include info sessions, as well as creating a comprehensive guide in Spanish. The activities will be organized in Belgrade, Novi Sad and online.<\/p>\n\n\n\n<p><strong>11. Volunteering Centre of Vojvodina, Novi Sad<\/strong><\/p>\n\n\n\n<p>RSD: <strong>356.450<\/strong><\/p>\n\n\n\n<p>Project title:<strong> Strategic planning for more efficient actions<\/strong><\/p>\n\n\n\n<p>Volunteering Centre of Vojvodine, an association of citizens from Novi Sad, aims to design a strategic plan. This process is envisioned to mark the future spot of the organization and pathways to get there, by analysing the position and actions of the organization in the previous years, analysing the strengths of the organization and fields that require improvements, analysing diverse spheres and contexts in which the organization works, analysing the needs to which the organization can and wants to respond, as well as the assets (in terms of methods, activities and practices) with which the goals will be met.<\/p>\n\n\n\n<p><strong>12. Centre for supporting the local community Mome, Pirot<\/strong><\/p>\n\n\n\n<p>RSD: <strong>394.000<\/strong><\/p>\n\n\n\n<p>Project title: <strong>The women of Stara planina \u2013 Patriarchy and its legacy in rural communities<\/strong><\/p>\n\n\n\n<p>The project implies documenting stories about lives of women living in the Stara planina mountain through narrating about the position of women in rural areas, childhood, youth, sexuality, marriage, family and local community, from birth to death, through wars and important events. By filming women\u2019s stories on the ground, the group wishes to explore and document historical roots of patriarchy and misogyny in Serbian society.<\/p>\n\n\n\n<p><strong>13. Women\u2019s Studies and Research, chapter in Subotica<\/strong><\/p>\n\n\n\n<p>RSD: <strong>450.000<\/strong><\/p>\n\n\n\n<p>Project title:<strong> Women\u2019s studies and research 2023<\/strong><\/p>\n\n\n\n<p>The aim of the project is to form and keep on improving a group of students and educators, current and future allies in NGO activities, through the alternative higher educational program of Women\u2019s studies. They will further work on empowerment and education of others and enable the continuity with the history and predecessors of Women\u2019s studies in multilingual city of Subotica, as well as in Vojvodina and Serbia (region), on one hand, and networking between activists and experts (educators) on the other hand. The group also minds about the sustainability and continuity of women\u2019s studies.&nbsp;<\/p>\n\n\n\n<p><strong>14. Women\u2019s association Teuta-tim, Trstenik<\/strong><\/p>\n\n\n\n<p>RSD: <strong>449.800<\/strong><\/p>\n\n\n\n<p>Project title:<strong> Safe women, safe society #2<\/strong><\/p>\n\n\n\n<p>Previously created program of psychological support for women \u201cThe care of you begins with you\u201d met a significant interest and positive feedback of participants, hence the program will be continued. It is directed towards strengthening mental health, and it focuses on women in need of such support. Besides continuation of this practice, the aim is to include more women. The project is designed for women from Rasina district, and it will mainly be conducted in Trstenik, as well as online.<\/p>\n\n\n\n<p><strong>15. Children\u2019s Centre Zaje\u010dar<\/strong><\/p>\n\n\n\n<p>RSD: <strong>448.500<\/strong><\/p>\n\n\n\n<p>Project title:<strong> Creative lab of resistance<\/strong><\/p>\n\n\n\n<p>During 5 months, 20 participants (age 14 \u2013 18) from Zaje\u010dar and Knja\u017eevac will be empowered and enticed to oppose sexism, violence and discrimination in diverse forms of media. Conducting the project will contribute cognitive, value-driven and activist changes. Through non-formal learning and exchange among the participants, the level of awareness and influence of the girls will rise in the context of struggle agaianst diverse forms of violence and discrimination.&nbsp;<\/p>\n\n\n\n<p><strong>16. Non-formal collective Ivana Gordi\u0107 Perc and Tara Rukeci, Zrenjanin <\/strong><strong><\/strong><\/p>\n\n\n\n<p>RSD: <strong>449.000<\/strong><\/p>\n\n\n\n<p>Project title:<strong> Vox Feminae<\/strong><\/p>\n\n\n\n<p>\u201cVox Feminae\u201d, a documentary, aims to display another, yet unseen and untold story about women who first discovered, and then supported over 600 workers from Vietnam, who are victims of human trafficking and who worked on constructing Linglong factory in Zrenjanin, to return home. The participants, besides multitude of personal archive materials, are speaking about completely unforeseen, emotionally and physically extremely difficult set of events into which they were dragged due to determination to help the detained workers.<\/p>\n\n\n\n<p><\/p>\n\n\n\n<p><\/p>\n\n\n\n<div style=\"height:60px\" aria-hidden=\"true\" class=\"wp-block-spacer\"><\/div>\n","protected":false},"excerpt":{"rendered":"<p>2023 Program: Special Focus Grants approved&nbsp;\u2013 October 2023 Number of grants: 16 \u221a 1. Rebel readers, Belgrade RSD: 424.000 Project title: \u0160tefica Cvek: An award for feminist, queer and rebellious literature \u0160tefica Cvek is a non-competitive regional literary shortlist. It is a selection of the best works from the BHSC language area from the previous &#8230; <a title=\"October\" class=\"read-more\" href=\"https:\/\/www.rwfund.org\/eng\/2023-2\/special-focus-2023\/october\/\" aria-label=\"Read more about October\">MORE<\/a><\/p>\n","protected":false},"author":1,"featured_media":0,"parent":15989,"menu_order":1,"comment_status":"closed","ping_status":"closed","template":"","meta":{"_kad_blocks_custom_css":"","_kad_blocks_head_custom_js":"","_kad_blocks_body_custom_js":"","_kad_blocks_footer_custom_js":"","footnotes":""},"categories":[],"tags":[],"class_list":{"0":"post-16206","1":"page","2":"type-page","3":"status-publish","5":"infinite-scroll-item","6":"no-featured-image-padding"},"yoast_head":"<!-- This site is optimized with the Yoast SEO plugin v27.4 - https:\/\/yoast.com\/product\/yoast-seo-wordpress\/ -->\n<title>October - Reconstruction Women&#039;s Fund<\/title>\n<meta name=\"description\" content=\"Special Focus - Grants Awarded, October 2023\" \/>\n<meta name=\"robots\" content=\"index, follow, max-snippet:-1, max-image-preview:large, max-video-preview:-1\" \/>\n<link rel=\"canonical\" href=\"https:\/\/www.rwfund.org\/eng\/2023-2\/special-focus-2023\/october\/\" \/>\n<meta property=\"og:locale\" content=\"en_US\" \/>\n<meta property=\"og:type\" content=\"article\" \/>\n<meta property=\"og:title\" content=\"October - Reconstruction Women&#039;s Fund\" \/>\n<meta property=\"og:description\" content=\"Special Focus - Grants Awarded, October 2023\" \/>\n<meta property=\"og:url\" content=\"https:\/\/www.rwfund.org\/eng\/2023-2\/special-focus-2023\/october\/\" \/>\n<meta property=\"og:site_name\" content=\"Reconstruction Women&#039;s Fund\" \/>\n<meta property=\"article:modified_time\" content=\"2023-12-01T13:34:20+00:00\" \/>\n<meta name=\"twitter:card\" content=\"summary_large_image\" \/>\n<meta name=\"twitter:label1\" content=\"Est. reading time\" \/>\n\t<meta name=\"twitter:data1\" content=\"8 minutes\" \/>\n<script type=\"application\/ld+json\" class=\"yoast-schema-graph\">{\"@context\":\"https:\\\/\\\/schema.org\",\"@graph\":[{\"@type\":\"WebPage\",\"@id\":\"https:\\\/\\\/www.rwfund.org\\\/eng\\\/2023-2\\\/special-focus-2023\\\/october\\\/\",\"url\":\"https:\\\/\\\/www.rwfund.org\\\/eng\\\/2023-2\\\/special-focus-2023\\\/october\\\/\",\"name\":\"October - Reconstruction Women&#039;s Fund\",\"isPartOf\":{\"@id\":\"https:\\\/\\\/www.rwfund.org\\\/eng\\\/#website\"},\"datePublished\":\"2023-11-09T12:09:32+00:00\",\"dateModified\":\"2023-12-01T13:34:20+00:00\",\"description\":\"Special Focus - Grants Awarded, October 2023\",\"breadcrumb\":{\"@id\":\"https:\\\/\\\/www.rwfund.org\\\/eng\\\/2023-2\\\/special-focus-2023\\\/october\\\/#breadcrumb\"},\"inLanguage\":\"en-US\",\"potentialAction\":[{\"@type\":\"ReadAction\",\"target\":[\"https:\\\/\\\/www.rwfund.org\\\/eng\\\/2023-2\\\/special-focus-2023\\\/october\\\/\"]}]},{\"@type\":\"BreadcrumbList\",\"@id\":\"https:\\\/\\\/www.rwfund.org\\\/eng\\\/2023-2\\\/special-focus-2023\\\/october\\\/#breadcrumb\",\"itemListElement\":[{\"@type\":\"ListItem\",\"position\":1,\"name\":\"Home\",\"item\":\"https:\\\/\\\/www.rwfund.org\\\/eng\\\/\"},{\"@type\":\"ListItem\",\"position\":2,\"name\":\"2023\",\"item\":\"https:\\\/\\\/www.rwfund.org\\\/eng\\\/2023-2\\\/\"},{\"@type\":\"ListItem\",\"position\":3,\"name\":\"Special Focus 2023\",\"item\":\"https:\\\/\\\/www.rwfund.org\\\/eng\\\/2023-2\\\/special-focus-2023\\\/\"},{\"@type\":\"ListItem\",\"position\":4,\"name\":\"October\"}]},{\"@type\":\"WebSite\",\"@id\":\"https:\\\/\\\/www.rwfund.org\\\/eng\\\/#website\",\"url\":\"https:\\\/\\\/www.rwfund.org\\\/eng\\\/\",\"name\":\"Reconstruction Women&#039;s Fund\",\"description\":\"Reconstruction Women&#039;s Fund\",\"publisher\":{\"@id\":\"https:\\\/\\\/www.rwfund.org\\\/eng\\\/#organization\"},\"potentialAction\":[{\"@type\":\"SearchAction\",\"target\":{\"@type\":\"EntryPoint\",\"urlTemplate\":\"https:\\\/\\\/www.rwfund.org\\\/eng\\\/?s={search_term_string}\"},\"query-input\":{\"@type\":\"PropertyValueSpecification\",\"valueRequired\":true,\"valueName\":\"search_term_string\"}}],\"inLanguage\":\"en-US\"},{\"@type\":\"Organization\",\"@id\":\"https:\\\/\\\/www.rwfund.org\\\/eng\\\/#organization\",\"name\":\"Reconstruction Women's Fund\",\"url\":\"https:\\\/\\\/www.rwfund.org\\\/eng\\\/\",\"logo\":{\"@type\":\"ImageObject\",\"inLanguage\":\"en-US\",\"@id\":\"https:\\\/\\\/www.rwfund.org\\\/eng\\\/#\\\/schema\\\/logo\\\/image\\\/\",\"url\":\"https:\\\/\\\/www.rwfund.org\\\/eng\\\/wp-content\\\/uploads\\\/sites\\\/2\\\/2021\\\/03\\\/LOGO-CROP_V1.svg\",\"contentUrl\":\"https:\\\/\\\/www.rwfund.org\\\/eng\\\/wp-content\\\/uploads\\\/sites\\\/2\\\/2021\\\/03\\\/LOGO-CROP_V1.svg\",\"width\":420,\"height\":640,\"caption\":\"Reconstruction Women's Fund\"},\"image\":{\"@id\":\"https:\\\/\\\/www.rwfund.org\\\/eng\\\/#\\\/schema\\\/logo\\\/image\\\/\"}}]}<\/script>\n<!-- \/ Yoast SEO plugin. -->","yoast_head_json":{"title":"October - Reconstruction Women&#039;s Fund","description":"Special Focus - Grants Awarded, October 2023","robots":{"index":"index","follow":"follow","max-snippet":"max-snippet:-1","max-image-preview":"max-image-preview:large","max-video-preview":"max-video-preview:-1"},"canonical":"https:\/\/www.rwfund.org\/eng\/2023-2\/special-focus-2023\/october\/","og_locale":"en_US","og_type":"article","og_title":"October - Reconstruction Women&#039;s Fund","og_description":"Special Focus - Grants Awarded, October 2023","og_url":"https:\/\/www.rwfund.org\/eng\/2023-2\/special-focus-2023\/october\/","og_site_name":"Reconstruction Women&#039;s Fund","article_modified_time":"2023-12-01T13:34:20+00:00","twitter_card":"summary_large_image","twitter_misc":{"Est. reading time":"8 minutes"},"schema":{"@context":"https:\/\/schema.org","@graph":[{"@type":"WebPage","@id":"https:\/\/www.rwfund.org\/eng\/2023-2\/special-focus-2023\/october\/","url":"https:\/\/www.rwfund.org\/eng\/2023-2\/special-focus-2023\/october\/","name":"October - Reconstruction Women&#039;s Fund","isPartOf":{"@id":"https:\/\/www.rwfund.org\/eng\/#website"},"datePublished":"2023-11-09T12:09:32+00:00","dateModified":"2023-12-01T13:34:20+00:00","description":"Special Focus - Grants Awarded, October 2023","breadcrumb":{"@id":"https:\/\/www.rwfund.org\/eng\/2023-2\/special-focus-2023\/october\/#breadcrumb"},"inLanguage":"en-US","potentialAction":[{"@type":"ReadAction","target":["https:\/\/www.rwfund.org\/eng\/2023-2\/special-focus-2023\/october\/"]}]},{"@type":"BreadcrumbList","@id":"https:\/\/www.rwfund.org\/eng\/2023-2\/special-focus-2023\/october\/#breadcrumb","itemListElement":[{"@type":"ListItem","position":1,"name":"Home","item":"https:\/\/www.rwfund.org\/eng\/"},{"@type":"ListItem","position":2,"name":"2023","item":"https:\/\/www.rwfund.org\/eng\/2023-2\/"},{"@type":"ListItem","position":3,"name":"Special Focus 2023","item":"https:\/\/www.rwfund.org\/eng\/2023-2\/special-focus-2023\/"},{"@type":"ListItem","position":4,"name":"October"}]},{"@type":"WebSite","@id":"https:\/\/www.rwfund.org\/eng\/#website","url":"https:\/\/www.rwfund.org\/eng\/","name":"Reconstruction Women&#039;s Fund","description":"Reconstruction Women&#039;s Fund","publisher":{"@id":"https:\/\/www.rwfund.org\/eng\/#organization"},"potentialAction":[{"@type":"SearchAction","target":{"@type":"EntryPoint","urlTemplate":"https:\/\/www.rwfund.org\/eng\/?s={search_term_string}"},"query-input":{"@type":"PropertyValueSpecification","valueRequired":true,"valueName":"search_term_string"}}],"inLanguage":"en-US"},{"@type":"Organization","@id":"https:\/\/www.rwfund.org\/eng\/#organization","name":"Reconstruction Women's Fund","url":"https:\/\/www.rwfund.org\/eng\/","logo":{"@type":"ImageObject","inLanguage":"en-US","@id":"https:\/\/www.rwfund.org\/eng\/#\/schema\/logo\/image\/","url":"https:\/\/www.rwfund.org\/eng\/wp-content\/uploads\/sites\/2\/2021\/03\/LOGO-CROP_V1.svg","contentUrl":"https:\/\/www.rwfund.org\/eng\/wp-content\/uploads\/sites\/2\/2021\/03\/LOGO-CROP_V1.svg","width":420,"height":640,"caption":"Reconstruction Women's Fund"},"image":{"@id":"https:\/\/www.rwfund.org\/eng\/#\/schema\/logo\/image\/"}}]}},"taxonomy_info":[],"featured_image_src_large":false,"author_info":{"display_name":"Vlidi","author_link":"https:\/\/www.rwfund.org\/eng\/author\/testadmin\/"},"comment_info":0,"_links":{"self":[{"href":"https:\/\/www.rwfund.org\/eng\/wp-json\/wp\/v2\/pages\/16206","targetHints":{"allow":["GET"]}}],"collection":[{"href":"https:\/\/www.rwfund.org\/eng\/wp-json\/wp\/v2\/pages"}],"about":[{"href":"https:\/\/www.rwfund.org\/eng\/wp-json\/wp\/v2\/types\/page"}],"author":[{"embeddable":true,"href":"https:\/\/www.rwfund.org\/eng\/wp-json\/wp\/v2\/users\/1"}],"replies":[{"embeddable":true,"href":"https:\/\/www.rwfund.org\/eng\/wp-json\/wp\/v2\/comments?post=16206"}],"version-history":[{"count":2,"href":"https:\/\/www.rwfund.org\/eng\/wp-json\/wp\/v2\/pages\/16206\/revisions"}],"predecessor-version":[{"id":16236,"href":"https:\/\/www.rwfund.org\/eng\/wp-json\/wp\/v2\/pages\/16206\/revisions\/16236"}],"up":[{"embeddable":true,"href":"https:\/\/www.rwfund.org\/eng\/wp-json\/wp\/v2\/pages\/15989"}],"wp:attachment":[{"href":"https:\/\/www.rwfund.org\/eng\/wp-json\/wp\/v2\/media?parent=16206"}],"wp:term":[{"taxonomy":"category","embeddable":true,"href":"https:\/\/www.rwfund.org\/eng\/wp-json\/wp\/v2\/categories?post=16206"},{"taxonomy":"post_tag","embeddable":true,"href":"https:\/\/www.rwfund.org\/eng\/wp-json\/wp\/v2\/tags?post=16206"}],"curies":[{"name":"wp","href":"https:\/\/api.w.org\/{rel}","templated":true}]}}