{"id":16719,"date":"2025-12-15T14:48:02","date_gmt":"2025-12-15T12:48:02","guid":{"rendered":"https:\/\/www.rwfund.org\/eng\/?page_id=16719"},"modified":"2025-12-15T14:48:03","modified_gmt":"2025-12-15T12:48:03","slug":"november","status":"publish","type":"page","link":"https:\/\/www.rwfund.org\/eng\/2025-2\/rapid-response-grants-2025\/november\/","title":{"rendered":"November"},"content":{"rendered":"\n<h2 class=\"wp-block-heading\"><a href=\"https:\/\/www.rwfund.org\/eng\/2025-2\">2025<\/a><\/h2>\n\n\n\n<h2 class=\"wp-block-heading\"><a href=\"https:\/\/www.rwfund.org\/eng\/programs\/rapid-response-grants\/\">Rapid Response Grants<\/a><\/h2>\n\n\n\n<p><strong>Approved<\/strong>\u00a0\u2013 November 2025<\/p>\n\n\n\n<p><strong>Number of grants: <span style=\"color: #ef4d58;\">2<\/span><\/strong><\/p>\n\n\n\n<h3 class=\"gb-headline gb-headline-6c848f1c gb-headline-text\">\u221a<\/h3>\n\n\n\n<p><strong>1. Miona, Aleksandrovac\/Biljana Petrovi\u0107<\/strong><\/p>\n\n\n\n<p>RSD: <strong>115.000<\/strong><\/p>\n\n\n\n<p>Grant se dodeljuje kao podr\u0161ka u pla\u0107anju tro\u0161kova slapp tu\u017ebe aktivistkinji. The grant is awarded as a support for covering the expenses of a slappsuit against an activist.&nbsp;<\/p>\n\n\n\n<p><strong>2. Osna\u017dene\/Empowered women, Belgrade<\/strong><\/p>\n\n\n\n<p>RSD: <strong>131.200<\/strong><\/p>\n\n\n\n<p>The grant is awarded as a support to the group in the continuity of providing support for women violence survivors in absence of other finances.&nbsp;<\/p>\n\n\n\n<p><\/p>\n\n\n\n<p><\/p>\n\n\n\n<p><\/p>\n\n\n\n<p><\/p>\n\n\n\n<p><\/p>\n","protected":false},"excerpt":{"rendered":"<p>2025 Rapid Response Grants Approved\u00a0\u2013 November 2025 Number of grants: 2 \u221a 1. Miona, Aleksandrovac\/Biljana Petrovi\u0107 RSD: 115.000 Grant se dodeljuje kao podr\u0161ka u pla\u0107anju tro\u0161kova slapp tu\u017ebe aktivistkinji. The grant is awarded as a support for covering the expenses of a slappsuit against an activist.&nbsp; 2. Osna\u017dene\/Empowered women, Belgrade RSD: 131.200 The grant is &#8230; <a title=\"November\" class=\"read-more\" href=\"https:\/\/www.rwfund.org\/eng\/2025-2\/rapid-response-grants-2025\/november\/\" aria-label=\"Read more about November\">MORE<\/a><\/p>\n","protected":false},"author":1,"featured_media":0,"parent":16705,"menu_order":1,"comment_status":"closed","ping_status":"closed","template":"","meta":{"_kad_blocks_custom_css":"","_kad_blocks_head_custom_js":"","_kad_blocks_body_custom_js":"","_kad_blocks_footer_custom_js":"","footnotes":""},"categories":[],"tags":[],"class_list":{"0":"post-16719","1":"page","2":"type-page","3":"status-publish","5":"infinite-scroll-item","6":"no-featured-image-padding"},"yoast_head":"<!-- This site is optimized with the Yoast SEO plugin v27.4 - https:\/\/yoast.com\/product\/yoast-seo-wordpress\/ -->\n<title>November - Reconstruction Women&#039;s Fund<\/title>\n<meta name=\"description\" content=\"Rapid Response Grants awarded in November 2025.\" \/>\n<meta name=\"robots\" content=\"index, follow, max-snippet:-1, max-image-preview:large, max-video-preview:-1\" \/>\n<link rel=\"canonical\" href=\"https:\/\/www.rwfund.org\/eng\/2025-2\/rapid-response-grants-2025\/november\/\" \/>\n<meta property=\"og:locale\" content=\"en_US\" \/>\n<meta property=\"og:type\" content=\"article\" \/>\n<meta property=\"og:title\" content=\"November - Reconstruction Women&#039;s Fund\" \/>\n<meta property=\"og:description\" content=\"Rapid Response Grants awarded in November 2025.\" \/>\n<meta property=\"og:url\" content=\"https:\/\/www.rwfund.org\/eng\/2025-2\/rapid-response-grants-2025\/november\/\" \/>\n<meta property=\"og:site_name\" content=\"Reconstruction Women&#039;s Fund\" \/>\n<meta property=\"article:modified_time\" content=\"2025-12-15T12:48:03+00:00\" \/>\n<meta name=\"twitter:card\" content=\"summary_large_image\" \/>\n<meta name=\"twitter:label1\" content=\"Est. reading time\" \/>\n\t<meta name=\"twitter:data1\" content=\"1 minute\" \/>\n<script type=\"application\/ld+json\" class=\"yoast-schema-graph\">{\"@context\":\"https:\\\/\\\/schema.org\",\"@graph\":[{\"@type\":\"WebPage\",\"@id\":\"https:\\\/\\\/www.rwfund.org\\\/eng\\\/2025-2\\\/rapid-response-grants-2025\\\/november\\\/\",\"url\":\"https:\\\/\\\/www.rwfund.org\\\/eng\\\/2025-2\\\/rapid-response-grants-2025\\\/november\\\/\",\"name\":\"November - Reconstruction Women&#039;s Fund\",\"isPartOf\":{\"@id\":\"https:\\\/\\\/www.rwfund.org\\\/eng\\\/#website\"},\"datePublished\":\"2025-12-15T12:48:02+00:00\",\"dateModified\":\"2025-12-15T12:48:03+00:00\",\"description\":\"Rapid Response Grants awarded in November 2025.\",\"breadcrumb\":{\"@id\":\"https:\\\/\\\/www.rwfund.org\\\/eng\\\/2025-2\\\/rapid-response-grants-2025\\\/november\\\/#breadcrumb\"},\"inLanguage\":\"en-US\",\"potentialAction\":[{\"@type\":\"ReadAction\",\"target\":[\"https:\\\/\\\/www.rwfund.org\\\/eng\\\/2025-2\\\/rapid-response-grants-2025\\\/november\\\/\"]}]},{\"@type\":\"BreadcrumbList\",\"@id\":\"https:\\\/\\\/www.rwfund.org\\\/eng\\\/2025-2\\\/rapid-response-grants-2025\\\/november\\\/#breadcrumb\",\"itemListElement\":[{\"@type\":\"ListItem\",\"position\":1,\"name\":\"Home\",\"item\":\"https:\\\/\\\/www.rwfund.org\\\/eng\\\/\"},{\"@type\":\"ListItem\",\"position\":2,\"name\":\"2025\",\"item\":\"https:\\\/\\\/www.rwfund.org\\\/eng\\\/2025-2\\\/\"},{\"@type\":\"ListItem\",\"position\":3,\"name\":\"Rapid Response Grants\u00a02025\",\"item\":\"https:\\\/\\\/www.rwfund.org\\\/eng\\\/2025-2\\\/rapid-response-grants-2025\\\/\"},{\"@type\":\"ListItem\",\"position\":4,\"name\":\"November\"}]},{\"@type\":\"WebSite\",\"@id\":\"https:\\\/\\\/www.rwfund.org\\\/eng\\\/#website\",\"url\":\"https:\\\/\\\/www.rwfund.org\\\/eng\\\/\",\"name\":\"Reconstruction Women&#039;s Fund\",\"description\":\"Reconstruction Women&#039;s Fund\",\"publisher\":{\"@id\":\"https:\\\/\\\/www.rwfund.org\\\/eng\\\/#organization\"},\"potentialAction\":[{\"@type\":\"SearchAction\",\"target\":{\"@type\":\"EntryPoint\",\"urlTemplate\":\"https:\\\/\\\/www.rwfund.org\\\/eng\\\/?s={search_term_string}\"},\"query-input\":{\"@type\":\"PropertyValueSpecification\",\"valueRequired\":true,\"valueName\":\"search_term_string\"}}],\"inLanguage\":\"en-US\"},{\"@type\":\"Organization\",\"@id\":\"https:\\\/\\\/www.rwfund.org\\\/eng\\\/#organization\",\"name\":\"Reconstruction Women's Fund\",\"url\":\"https:\\\/\\\/www.rwfund.org\\\/eng\\\/\",\"logo\":{\"@type\":\"ImageObject\",\"inLanguage\":\"en-US\",\"@id\":\"https:\\\/\\\/www.rwfund.org\\\/eng\\\/#\\\/schema\\\/logo\\\/image\\\/\",\"url\":\"https:\\\/\\\/www.rwfund.org\\\/eng\\\/wp-content\\\/uploads\\\/sites\\\/2\\\/2021\\\/03\\\/LOGO-CROP_V1.svg\",\"contentUrl\":\"https:\\\/\\\/www.rwfund.org\\\/eng\\\/wp-content\\\/uploads\\\/sites\\\/2\\\/2021\\\/03\\\/LOGO-CROP_V1.svg\",\"width\":420,\"height\":640,\"caption\":\"Reconstruction Women's Fund\"},\"image\":{\"@id\":\"https:\\\/\\\/www.rwfund.org\\\/eng\\\/#\\\/schema\\\/logo\\\/image\\\/\"}}]}<\/script>\n<!-- \/ Yoast SEO plugin. -->","yoast_head_json":{"title":"November - Reconstruction Women&#039;s Fund","description":"Rapid Response Grants awarded in November 2025.","robots":{"index":"index","follow":"follow","max-snippet":"max-snippet:-1","max-image-preview":"max-image-preview:large","max-video-preview":"max-video-preview:-1"},"canonical":"https:\/\/www.rwfund.org\/eng\/2025-2\/rapid-response-grants-2025\/november\/","og_locale":"en_US","og_type":"article","og_title":"November - Reconstruction Women&#039;s Fund","og_description":"Rapid Response Grants awarded in November 2025.","og_url":"https:\/\/www.rwfund.org\/eng\/2025-2\/rapid-response-grants-2025\/november\/","og_site_name":"Reconstruction Women&#039;s Fund","article_modified_time":"2025-12-15T12:48:03+00:00","twitter_card":"summary_large_image","twitter_misc":{"Est. reading time":"1 minute"},"schema":{"@context":"https:\/\/schema.org","@graph":[{"@type":"WebPage","@id":"https:\/\/www.rwfund.org\/eng\/2025-2\/rapid-response-grants-2025\/november\/","url":"https:\/\/www.rwfund.org\/eng\/2025-2\/rapid-response-grants-2025\/november\/","name":"November - Reconstruction Women&#039;s Fund","isPartOf":{"@id":"https:\/\/www.rwfund.org\/eng\/#website"},"datePublished":"2025-12-15T12:48:02+00:00","dateModified":"2025-12-15T12:48:03+00:00","description":"Rapid Response Grants awarded in November 2025.","breadcrumb":{"@id":"https:\/\/www.rwfund.org\/eng\/2025-2\/rapid-response-grants-2025\/november\/#breadcrumb"},"inLanguage":"en-US","potentialAction":[{"@type":"ReadAction","target":["https:\/\/www.rwfund.org\/eng\/2025-2\/rapid-response-grants-2025\/november\/"]}]},{"@type":"BreadcrumbList","@id":"https:\/\/www.rwfund.org\/eng\/2025-2\/rapid-response-grants-2025\/november\/#breadcrumb","itemListElement":[{"@type":"ListItem","position":1,"name":"Home","item":"https:\/\/www.rwfund.org\/eng\/"},{"@type":"ListItem","position":2,"name":"2025","item":"https:\/\/www.rwfund.org\/eng\/2025-2\/"},{"@type":"ListItem","position":3,"name":"Rapid Response Grants\u00a02025","item":"https:\/\/www.rwfund.org\/eng\/2025-2\/rapid-response-grants-2025\/"},{"@type":"ListItem","position":4,"name":"November"}]},{"@type":"WebSite","@id":"https:\/\/www.rwfund.org\/eng\/#website","url":"https:\/\/www.rwfund.org\/eng\/","name":"Reconstruction Women&#039;s Fund","description":"Reconstruction Women&#039;s Fund","publisher":{"@id":"https:\/\/www.rwfund.org\/eng\/#organization"},"potentialAction":[{"@type":"SearchAction","target":{"@type":"EntryPoint","urlTemplate":"https:\/\/www.rwfund.org\/eng\/?s={search_term_string}"},"query-input":{"@type":"PropertyValueSpecification","valueRequired":true,"valueName":"search_term_string"}}],"inLanguage":"en-US"},{"@type":"Organization","@id":"https:\/\/www.rwfund.org\/eng\/#organization","name":"Reconstruction Women's Fund","url":"https:\/\/www.rwfund.org\/eng\/","logo":{"@type":"ImageObject","inLanguage":"en-US","@id":"https:\/\/www.rwfund.org\/eng\/#\/schema\/logo\/image\/","url":"https:\/\/www.rwfund.org\/eng\/wp-content\/uploads\/sites\/2\/2021\/03\/LOGO-CROP_V1.svg","contentUrl":"https:\/\/www.rwfund.org\/eng\/wp-content\/uploads\/sites\/2\/2021\/03\/LOGO-CROP_V1.svg","width":420,"height":640,"caption":"Reconstruction Women's Fund"},"image":{"@id":"https:\/\/www.rwfund.org\/eng\/#\/schema\/logo\/image\/"}}]}},"taxonomy_info":[],"featured_image_src_large":false,"author_info":{"display_name":"Vlidi","author_link":"https:\/\/www.rwfund.org\/eng\/author\/testadmin\/"},"comment_info":0,"_links":{"self":[{"href":"https:\/\/www.rwfund.org\/eng\/wp-json\/wp\/v2\/pages\/16719","targetHints":{"allow":["GET"]}}],"collection":[{"href":"https:\/\/www.rwfund.org\/eng\/wp-json\/wp\/v2\/pages"}],"about":[{"href":"https:\/\/www.rwfund.org\/eng\/wp-json\/wp\/v2\/types\/page"}],"author":[{"embeddable":true,"href":"https:\/\/www.rwfund.org\/eng\/wp-json\/wp\/v2\/users\/1"}],"replies":[{"embeddable":true,"href":"https:\/\/www.rwfund.org\/eng\/wp-json\/wp\/v2\/comments?post=16719"}],"version-history":[{"count":1,"href":"https:\/\/www.rwfund.org\/eng\/wp-json\/wp\/v2\/pages\/16719\/revisions"}],"predecessor-version":[{"id":16720,"href":"https:\/\/www.rwfund.org\/eng\/wp-json\/wp\/v2\/pages\/16719\/revisions\/16720"}],"up":[{"embeddable":true,"href":"https:\/\/www.rwfund.org\/eng\/wp-json\/wp\/v2\/pages\/16705"}],"wp:attachment":[{"href":"https:\/\/www.rwfund.org\/eng\/wp-json\/wp\/v2\/media?parent=16719"}],"wp:term":[{"taxonomy":"category","embeddable":true,"href":"https:\/\/www.rwfund.org\/eng\/wp-json\/wp\/v2\/categories?post=16719"},{"taxonomy":"post_tag","embeddable":true,"href":"https:\/\/www.rwfund.org\/eng\/wp-json\/wp\/v2\/tags?post=16719"}],"curies":[{"name":"wp","href":"https:\/\/api.w.org\/{rel}","templated":true}]}}