{"id":1758,"date":"2015-06-15T16:11:20","date_gmt":"2015-06-15T14:11:20","guid":{"rendered":"https:\/\/www.rwfund.org\/eng\/?page_id=1758"},"modified":"2015-06-15T16:12:33","modified_gmt":"2015-06-15T14:12:33","slug":"joyfulness-craziness-2","status":"publish","type":"page","link":"https:\/\/www.rwfund.org\/eng\/join-in-old\/what-can-be-done\/joyfulness-craziness-2\/","title":{"rendered":"Joyfulness Craziness!"},"content":{"rendered":"<hr \/>\n<p><strong>JOYFULNESS CRAZINESS <\/strong>is a manifestation started by <strong>Reconstruction Women\u2019s Fund<\/strong> to promote politics and aims of the fund, meaning networking, communication, exchange of experiences of art activist groups, collectives, individuals and also to promote visibility with option for donations, spreading idea of local philanthropy. Importance of this manifestation is in using and taking public spaces and cooperation among sectors, with the idea to connect independent, engaged, non-aligned artists with cultural institutions, with all of them trying to change social patterns.<\/p>\n<p>In five year of work the great support we got from numerous artists, groups, collectives and individuals:<\/p>\n<p><strong>Women\u2019s choir Kombinatke (Slovenia), <\/strong><strong>Pesni\u010denje, <\/strong><strong>&#8220;<\/strong><strong>Women\u2019s Side<\/strong><strong>&#8221; (<\/strong><strong>curators Ana Pani\u0107, Marija \u0110orgovi\u0107 and Una Popovi\u0107), Gruvlend Sessions, Sestre in\u017eenjerke, group Secondhanders, Cica and her partner Globus, Fair of short electronic form \u2013 KEF, group \u0160KART, Midica &amp; The Absent Friends, Verglspiel, Stray Dogg, CIRKUSFERA, choir PROBA, EMAEMAEMA + SRETAN BOR, Bojana Petkovi\u0107, Ana Dubljevi\u0107, Milan Markovi\u0107, Ana \u0106ur\u010din, DJ Me\u010dkica, Ana \u0110or\u0111evi\u0107, Jelena Jela\u010da, Natalija Lapto\u0161evi\u0107, Nada Pleskonji\u0107, MARKIZA DE SADA, hor(or)hor, Magda Janji\u0107.<\/strong><\/p>\n<p>We are thankful to all spaces that opened their doors and trust to create together an evening to remember, to socialize and to learn:<\/p>\n<p><strong>Museum of Yugoslav History, Botanic Garden, Inex Film, Street Gallery <\/strong><strong>&#8211; \u010cavketovo Soka\u010de, Center for Cultural Decontamination, with continuous support of Cultural Center REX. <\/strong><\/p>\n<p><a href=\"https:\/\/www.rwfund.org\/eng\/category\/joyfulness_craziness\"><img loading=\"lazy\" decoding=\"async\" class=\"alignnone size-full wp-image-1759\" src=\"https:\/\/www.rwfund.org\/eng\/wp-content\/uploads\/sites\/2\/2015\/06\/banner-Joyfulness-Craziness.jpg\" alt=\"banner-Joyfulness-Craziness\" width=\"1180\" height=\"126\" srcset=\"https:\/\/www.rwfund.org\/eng\/wp-content\/uploads\/sites\/2\/2015\/06\/banner-Joyfulness-Craziness.jpg 1180w, https:\/\/www.rwfund.org\/eng\/wp-content\/uploads\/sites\/2\/2015\/06\/banner-Joyfulness-Craziness-300x32.jpg 300w, https:\/\/www.rwfund.org\/eng\/wp-content\/uploads\/sites\/2\/2015\/06\/banner-Joyfulness-Craziness-1024x109.jpg 1024w, https:\/\/www.rwfund.org\/eng\/wp-content\/uploads\/sites\/2\/2015\/06\/banner-Joyfulness-Craziness-768x82.jpg 768w\" sizes=\"auto, (max-width: 1180px) 100vw, 1180px\" \/><\/a><\/p>\n<hr \/>\n<p><strong>JOYFULNESS CRAZINESS survived all these years because our need is present all the time to connect, rejoice, learn, grow, change, as it should be. The space which a feminist foundation has been filling teaches and refines us all, the participants, accidental and deliberate passers-by, the visitors! <\/strong><\/p>\n","protected":false},"excerpt":{"rendered":"<p>JOYFULNESS CRAZINESS is a manifestation started by Reconstruction Women\u2019s Fund to promote politics and aims of the fund, meaning networking, communication, exchange of experiences of art activist groups, collectives, individuals and also to promote visibility with option for donations, spreading idea of local philanthropy. Importance of this manifestation is in using and taking public spaces &#8230; <a title=\"Joyfulness Craziness!\" class=\"read-more\" href=\"https:\/\/www.rwfund.org\/eng\/join-in-old\/what-can-be-done\/joyfulness-craziness-2\/\" aria-label=\"Read more about Joyfulness Craziness!\">MORE<\/a><\/p>\n","protected":false},"author":1,"featured_media":0,"parent":50,"menu_order":0,"comment_status":"closed","ping_status":"closed","template":"","meta":{"_kad_blocks_custom_css":"","_kad_blocks_head_custom_js":"","_kad_blocks_body_custom_js":"","_kad_blocks_footer_custom_js":"","footnotes":""},"categories":[],"tags":[],"class_list":{"0":"post-1758","1":"page","2":"type-page","3":"status-publish","5":"infinite-scroll-item","6":"no-featured-image-padding"},"yoast_head":"<!-- This site is optimized with the Yoast SEO plugin v27.4 - https:\/\/yoast.com\/product\/yoast-seo-wordpress\/ -->\n<title>Joyfulness Craziness! - Reconstruction Women&#039;s Fund<\/title>\n<meta name=\"robots\" content=\"index, follow, max-snippet:-1, max-image-preview:large, max-video-preview:-1\" \/>\n<link rel=\"canonical\" href=\"https:\/\/www.rwfund.org\/eng\/join-in-old\/what-can-be-done\/joyfulness-craziness-2\/\" \/>\n<meta property=\"og:locale\" content=\"en_US\" \/>\n<meta property=\"og:type\" content=\"article\" \/>\n<meta property=\"og:title\" content=\"Joyfulness Craziness! - Reconstruction Women&#039;s Fund\" \/>\n<meta property=\"og:description\" content=\"JOYFULNESS CRAZINESS is a manifestation started by Reconstruction Women\u2019s Fund to promote politics and aims of the fund, meaning networking, communication, exchange of experiences of art activist groups, collectives, individuals and also to promote visibility with option for donations, spreading idea of local philanthropy. Importance of this manifestation is in using and taking public spaces ... MORE\" \/>\n<meta property=\"og:url\" content=\"https:\/\/www.rwfund.org\/eng\/join-in-old\/what-can-be-done\/joyfulness-craziness-2\/\" \/>\n<meta property=\"og:site_name\" content=\"Reconstruction Women&#039;s Fund\" \/>\n<meta property=\"article:modified_time\" content=\"2015-06-15T14:12:33+00:00\" \/>\n<meta property=\"og:image\" content=\"https:\/\/www.rwfund.org\/eng\/wp-content\/uploads\/sites\/2\/2015\/06\/banner-Joyfulness-Craziness.jpg\" \/>\n<meta name=\"twitter:card\" content=\"summary_large_image\" \/>\n<meta name=\"twitter:label1\" content=\"Est. reading time\" \/>\n\t<meta name=\"twitter:data1\" content=\"1 minute\" \/>\n<script type=\"application\/ld+json\" class=\"yoast-schema-graph\">{\"@context\":\"https:\\\/\\\/schema.org\",\"@graph\":[{\"@type\":\"WebPage\",\"@id\":\"https:\\\/\\\/www.rwfund.org\\\/eng\\\/join-in-old\\\/what-can-be-done\\\/joyfulness-craziness-2\\\/\",\"url\":\"https:\\\/\\\/www.rwfund.org\\\/eng\\\/join-in-old\\\/what-can-be-done\\\/joyfulness-craziness-2\\\/\",\"name\":\"Joyfulness Craziness! - Reconstruction Women&#039;s Fund\",\"isPartOf\":{\"@id\":\"https:\\\/\\\/www.rwfund.org\\\/eng\\\/#website\"},\"primaryImageOfPage\":{\"@id\":\"https:\\\/\\\/www.rwfund.org\\\/eng\\\/join-in-old\\\/what-can-be-done\\\/joyfulness-craziness-2\\\/#primaryimage\"},\"image\":{\"@id\":\"https:\\\/\\\/www.rwfund.org\\\/eng\\\/join-in-old\\\/what-can-be-done\\\/joyfulness-craziness-2\\\/#primaryimage\"},\"thumbnailUrl\":\"https:\\\/\\\/www.rwfund.org\\\/eng\\\/wp-content\\\/uploads\\\/sites\\\/2\\\/2015\\\/06\\\/banner-Joyfulness-Craziness.jpg\",\"datePublished\":\"2015-06-15T14:11:20+00:00\",\"dateModified\":\"2015-06-15T14:12:33+00:00\",\"breadcrumb\":{\"@id\":\"https:\\\/\\\/www.rwfund.org\\\/eng\\\/join-in-old\\\/what-can-be-done\\\/joyfulness-craziness-2\\\/#breadcrumb\"},\"inLanguage\":\"en-US\",\"potentialAction\":[{\"@type\":\"ReadAction\",\"target\":[\"https:\\\/\\\/www.rwfund.org\\\/eng\\\/join-in-old\\\/what-can-be-done\\\/joyfulness-craziness-2\\\/\"]}]},{\"@type\":\"ImageObject\",\"inLanguage\":\"en-US\",\"@id\":\"https:\\\/\\\/www.rwfund.org\\\/eng\\\/join-in-old\\\/what-can-be-done\\\/joyfulness-craziness-2\\\/#primaryimage\",\"url\":\"https:\\\/\\\/www.rwfund.org\\\/eng\\\/wp-content\\\/uploads\\\/sites\\\/2\\\/2015\\\/06\\\/banner-Joyfulness-Craziness.jpg\",\"contentUrl\":\"https:\\\/\\\/www.rwfund.org\\\/eng\\\/wp-content\\\/uploads\\\/sites\\\/2\\\/2015\\\/06\\\/banner-Joyfulness-Craziness.jpg\",\"width\":1180,\"height\":126},{\"@type\":\"BreadcrumbList\",\"@id\":\"https:\\\/\\\/www.rwfund.org\\\/eng\\\/join-in-old\\\/what-can-be-done\\\/joyfulness-craziness-2\\\/#breadcrumb\",\"itemListElement\":[{\"@type\":\"ListItem\",\"position\":1,\"name\":\"Home\",\"item\":\"https:\\\/\\\/www.rwfund.org\\\/eng\\\/\"},{\"@type\":\"ListItem\",\"position\":2,\"name\":\"Get Involved-OLD\",\"item\":\"https:\\\/\\\/www.rwfund.org\\\/eng\\\/?page_id=17\"},{\"@type\":\"ListItem\",\"position\":3,\"name\":\"What Can Be Done?\",\"item\":\"https:\\\/\\\/www.rwfund.org\\\/eng\\\/join-in-old\\\/what-can-be-done\\\/\"},{\"@type\":\"ListItem\",\"position\":4,\"name\":\"Joyfulness Craziness!\"}]},{\"@type\":\"WebSite\",\"@id\":\"https:\\\/\\\/www.rwfund.org\\\/eng\\\/#website\",\"url\":\"https:\\\/\\\/www.rwfund.org\\\/eng\\\/\",\"name\":\"Reconstruction Women&#039;s Fund\",\"description\":\"Reconstruction Women&#039;s Fund\",\"publisher\":{\"@id\":\"https:\\\/\\\/www.rwfund.org\\\/eng\\\/#organization\"},\"potentialAction\":[{\"@type\":\"SearchAction\",\"target\":{\"@type\":\"EntryPoint\",\"urlTemplate\":\"https:\\\/\\\/www.rwfund.org\\\/eng\\\/?s={search_term_string}\"},\"query-input\":{\"@type\":\"PropertyValueSpecification\",\"valueRequired\":true,\"valueName\":\"search_term_string\"}}],\"inLanguage\":\"en-US\"},{\"@type\":\"Organization\",\"@id\":\"https:\\\/\\\/www.rwfund.org\\\/eng\\\/#organization\",\"name\":\"Reconstruction Women's Fund\",\"url\":\"https:\\\/\\\/www.rwfund.org\\\/eng\\\/\",\"logo\":{\"@type\":\"ImageObject\",\"inLanguage\":\"en-US\",\"@id\":\"https:\\\/\\\/www.rwfund.org\\\/eng\\\/#\\\/schema\\\/logo\\\/image\\\/\",\"url\":\"https:\\\/\\\/www.rwfund.org\\\/eng\\\/wp-content\\\/uploads\\\/sites\\\/2\\\/2021\\\/03\\\/LOGO-CROP_V1.svg\",\"contentUrl\":\"https:\\\/\\\/www.rwfund.org\\\/eng\\\/wp-content\\\/uploads\\\/sites\\\/2\\\/2021\\\/03\\\/LOGO-CROP_V1.svg\",\"width\":420,\"height\":640,\"caption\":\"Reconstruction Women's Fund\"},\"image\":{\"@id\":\"https:\\\/\\\/www.rwfund.org\\\/eng\\\/#\\\/schema\\\/logo\\\/image\\\/\"}}]}<\/script>\n<!-- \/ Yoast SEO plugin. -->","yoast_head_json":{"title":"Joyfulness Craziness! - Reconstruction Women&#039;s Fund","robots":{"index":"index","follow":"follow","max-snippet":"max-snippet:-1","max-image-preview":"max-image-preview:large","max-video-preview":"max-video-preview:-1"},"canonical":"https:\/\/www.rwfund.org\/eng\/join-in-old\/what-can-be-done\/joyfulness-craziness-2\/","og_locale":"en_US","og_type":"article","og_title":"Joyfulness Craziness! - Reconstruction Women&#039;s Fund","og_description":"JOYFULNESS CRAZINESS is a manifestation started by Reconstruction Women\u2019s Fund to promote politics and aims of the fund, meaning networking, communication, exchange of experiences of art activist groups, collectives, individuals and also to promote visibility with option for donations, spreading idea of local philanthropy. Importance of this manifestation is in using and taking public spaces ... MORE","og_url":"https:\/\/www.rwfund.org\/eng\/join-in-old\/what-can-be-done\/joyfulness-craziness-2\/","og_site_name":"Reconstruction Women&#039;s Fund","article_modified_time":"2015-06-15T14:12:33+00:00","og_image":[{"url":"https:\/\/www.rwfund.org\/eng\/wp-content\/uploads\/sites\/2\/2015\/06\/banner-Joyfulness-Craziness.jpg","type":"","width":"","height":""}],"twitter_card":"summary_large_image","twitter_misc":{"Est. reading time":"1 minute"},"schema":{"@context":"https:\/\/schema.org","@graph":[{"@type":"WebPage","@id":"https:\/\/www.rwfund.org\/eng\/join-in-old\/what-can-be-done\/joyfulness-craziness-2\/","url":"https:\/\/www.rwfund.org\/eng\/join-in-old\/what-can-be-done\/joyfulness-craziness-2\/","name":"Joyfulness Craziness! - Reconstruction Women&#039;s Fund","isPartOf":{"@id":"https:\/\/www.rwfund.org\/eng\/#website"},"primaryImageOfPage":{"@id":"https:\/\/www.rwfund.org\/eng\/join-in-old\/what-can-be-done\/joyfulness-craziness-2\/#primaryimage"},"image":{"@id":"https:\/\/www.rwfund.org\/eng\/join-in-old\/what-can-be-done\/joyfulness-craziness-2\/#primaryimage"},"thumbnailUrl":"https:\/\/www.rwfund.org\/eng\/wp-content\/uploads\/sites\/2\/2015\/06\/banner-Joyfulness-Craziness.jpg","datePublished":"2015-06-15T14:11:20+00:00","dateModified":"2015-06-15T14:12:33+00:00","breadcrumb":{"@id":"https:\/\/www.rwfund.org\/eng\/join-in-old\/what-can-be-done\/joyfulness-craziness-2\/#breadcrumb"},"inLanguage":"en-US","potentialAction":[{"@type":"ReadAction","target":["https:\/\/www.rwfund.org\/eng\/join-in-old\/what-can-be-done\/joyfulness-craziness-2\/"]}]},{"@type":"ImageObject","inLanguage":"en-US","@id":"https:\/\/www.rwfund.org\/eng\/join-in-old\/what-can-be-done\/joyfulness-craziness-2\/#primaryimage","url":"https:\/\/www.rwfund.org\/eng\/wp-content\/uploads\/sites\/2\/2015\/06\/banner-Joyfulness-Craziness.jpg","contentUrl":"https:\/\/www.rwfund.org\/eng\/wp-content\/uploads\/sites\/2\/2015\/06\/banner-Joyfulness-Craziness.jpg","width":1180,"height":126},{"@type":"BreadcrumbList","@id":"https:\/\/www.rwfund.org\/eng\/join-in-old\/what-can-be-done\/joyfulness-craziness-2\/#breadcrumb","itemListElement":[{"@type":"ListItem","position":1,"name":"Home","item":"https:\/\/www.rwfund.org\/eng\/"},{"@type":"ListItem","position":2,"name":"Get Involved-OLD","item":"https:\/\/www.rwfund.org\/eng\/?page_id=17"},{"@type":"ListItem","position":3,"name":"What Can Be Done?","item":"https:\/\/www.rwfund.org\/eng\/join-in-old\/what-can-be-done\/"},{"@type":"ListItem","position":4,"name":"Joyfulness Craziness!"}]},{"@type":"WebSite","@id":"https:\/\/www.rwfund.org\/eng\/#website","url":"https:\/\/www.rwfund.org\/eng\/","name":"Reconstruction Women&#039;s Fund","description":"Reconstruction Women&#039;s Fund","publisher":{"@id":"https:\/\/www.rwfund.org\/eng\/#organization"},"potentialAction":[{"@type":"SearchAction","target":{"@type":"EntryPoint","urlTemplate":"https:\/\/www.rwfund.org\/eng\/?s={search_term_string}"},"query-input":{"@type":"PropertyValueSpecification","valueRequired":true,"valueName":"search_term_string"}}],"inLanguage":"en-US"},{"@type":"Organization","@id":"https:\/\/www.rwfund.org\/eng\/#organization","name":"Reconstruction Women's Fund","url":"https:\/\/www.rwfund.org\/eng\/","logo":{"@type":"ImageObject","inLanguage":"en-US","@id":"https:\/\/www.rwfund.org\/eng\/#\/schema\/logo\/image\/","url":"https:\/\/www.rwfund.org\/eng\/wp-content\/uploads\/sites\/2\/2021\/03\/LOGO-CROP_V1.svg","contentUrl":"https:\/\/www.rwfund.org\/eng\/wp-content\/uploads\/sites\/2\/2021\/03\/LOGO-CROP_V1.svg","width":420,"height":640,"caption":"Reconstruction Women's Fund"},"image":{"@id":"https:\/\/www.rwfund.org\/eng\/#\/schema\/logo\/image\/"}}]}},"taxonomy_info":[],"featured_image_src_large":false,"author_info":{"display_name":"Vlidi","author_link":"https:\/\/www.rwfund.org\/eng\/author\/testadmin\/"},"comment_info":0,"_links":{"self":[{"href":"https:\/\/www.rwfund.org\/eng\/wp-json\/wp\/v2\/pages\/1758","targetHints":{"allow":["GET"]}}],"collection":[{"href":"https:\/\/www.rwfund.org\/eng\/wp-json\/wp\/v2\/pages"}],"about":[{"href":"https:\/\/www.rwfund.org\/eng\/wp-json\/wp\/v2\/types\/page"}],"author":[{"embeddable":true,"href":"https:\/\/www.rwfund.org\/eng\/wp-json\/wp\/v2\/users\/1"}],"replies":[{"embeddable":true,"href":"https:\/\/www.rwfund.org\/eng\/wp-json\/wp\/v2\/comments?post=1758"}],"version-history":[{"count":2,"href":"https:\/\/www.rwfund.org\/eng\/wp-json\/wp\/v2\/pages\/1758\/revisions"}],"predecessor-version":[{"id":1762,"href":"https:\/\/www.rwfund.org\/eng\/wp-json\/wp\/v2\/pages\/1758\/revisions\/1762"}],"up":[{"embeddable":true,"href":"https:\/\/www.rwfund.org\/eng\/wp-json\/wp\/v2\/pages\/50"}],"wp:attachment":[{"href":"https:\/\/www.rwfund.org\/eng\/wp-json\/wp\/v2\/media?parent=1758"}],"wp:term":[{"taxonomy":"category","embeddable":true,"href":"https:\/\/www.rwfund.org\/eng\/wp-json\/wp\/v2\/categories?post=1758"},{"taxonomy":"post_tag","embeddable":true,"href":"https:\/\/www.rwfund.org\/eng\/wp-json\/wp\/v2\/tags?post=1758"}],"curies":[{"name":"wp","href":"https:\/\/api.w.org\/{rel}","templated":true}]}}