{"id":2520,"date":"2018-02-07T21:36:18","date_gmt":"2018-02-07T19:36:18","guid":{"rendered":"https:\/\/www.rwfund.org\/eng\/?page_id=2520"},"modified":"2018-02-07T21:36:18","modified_gmt":"2018-02-07T19:36:18","slug":"november","status":"publish","type":"page","link":"https:\/\/www.rwfund.org\/eng\/2017-3\/stipends-zarana-papic-2017\/november\/","title":{"rendered":"November"},"content":{"rendered":"<header class=\"entry-header\">\n<h3 class=\"entry-title\" style=\"font-weight: 500;\"><a title=\"2017\" href=\"https:\/\/www.rwfund.org\/eng\/2017-3\/\">2017<\/a><\/h3>\n<\/header>\n<div class=\"entry-content\">\n<h4 style=\"font-weight: 500; color: #f5666b;\"><b><a style=\"color: #ef4d58;\" href=\"https:\/\/www.rwfund.org\/eng\/programs\/stipends-zarana-papic\/\">Program area: Stipends \u017darana Papi\u0107<\/a><\/b><\/h4>\n<p style=\"color: #424242;\"><b>Stipends\u00a0approved\u00a0<\/b>&#8211; November\u00a02017<\/p>\n<p><b><span style=\"color: #424242;\">Number of\u00a0stipends: <\/span><span><span style=\"color: #ff2600;\">4<\/span><\/span><\/b><b style=\"color: #424242;\">\u00a0<\/b><\/p>\n<p style=\"color: #ff2600;\">\u221a<\/p>\n<p>1. Stipendist:\u00a0<strong>Na\u0111a Bobi\u010di\u0107<\/strong><\/p>\n<ul>\n<li><strong>Amount<\/strong>:\u00a0RSD\u00a0<strong>108.000,00 (to be payed in 2018)<\/strong><\/li>\n<li><strong>Stipend for<\/strong>: part of the fee for the third year of PhD studies, Center for Gender Studies and Politics, Faculty of Political Sciences, Belgrade<\/li>\n<\/ul>\n<p>2. Stipendist:\u00a0<strong>Ana Simona Zelenovi\u0107<\/strong><\/p>\n<ul>\n<li><strong>Amount<\/strong>:\u00a0RSD\u00a0<strong>124.000,00 9part to be payed in 2018)<\/strong><\/li>\n<li><strong>Stipend for<\/strong>: fee for the MA in Gender Studies, Faculty of Political Sciences, University of Belgrade<\/li>\n<\/ul>\n<p>3. Stipendist:\u00a0<strong>Jelena Andjelovski <\/strong><\/p>\n<ul>\n<li><strong>Amount<\/strong>:\u00a0RSD\u00a0<strong>124.000,00 (part to be payed in 2018)<\/strong><\/li>\n<li><strong>Stipend for:<\/strong>\u00a0fee for the MA in Gender Studies, Faculty of Political Sciences, University of Belgrade<\/li>\n<\/ul>\n<p>4. Stipendist:\u00a0<strong>Aleksandra Aksentijevi\u0107 \u00a0<\/strong><\/p>\n<ul>\n<li><strong>Amount<\/strong>:\u00a0RSD\u00a0<strong>93.000,00 (part to be payed in 2018)<\/strong><\/li>\n<li><strong>Stipend for:<\/strong>\u00a0part of the fee for the MA in Gender Studies, Faculty of Political Sciences, University of Belgrade<\/li>\n<\/ul>\n<\/div>\n","protected":false},"excerpt":{"rendered":"<p>2017 Program area: Stipends \u017darana Papi\u0107 Stipends\u00a0approved\u00a0&#8211; November\u00a02017 Number of\u00a0stipends: 4\u00a0 \u221a 1. Stipendist:\u00a0Na\u0111a Bobi\u010di\u0107 Amount:\u00a0RSD\u00a0108.000,00 (to be payed in 2018) Stipend for: part of the fee for the third year of PhD studies, Center for Gender Studies and Politics, Faculty of Political Sciences, Belgrade 2. Stipendist:\u00a0Ana Simona Zelenovi\u0107 Amount:\u00a0RSD\u00a0124.000,00 9part to be payed in &#8230; <a title=\"November\" class=\"read-more\" href=\"https:\/\/www.rwfund.org\/eng\/2017-3\/stipends-zarana-papic-2017\/november\/\" aria-label=\"Read more about November\">MORE<\/a><\/p>\n","protected":false},"author":1,"featured_media":0,"parent":2357,"menu_order":0,"comment_status":"closed","ping_status":"closed","template":"","meta":{"_kad_blocks_custom_css":"","_kad_blocks_head_custom_js":"","_kad_blocks_body_custom_js":"","_kad_blocks_footer_custom_js":"","footnotes":""},"categories":[],"tags":[],"class_list":{"0":"post-2520","1":"page","2":"type-page","3":"status-publish","5":"infinite-scroll-item","6":"no-featured-image-padding"},"yoast_head":"<!-- This site is optimized with the Yoast SEO plugin v27.4 - https:\/\/yoast.com\/product\/yoast-seo-wordpress\/ -->\n<title>November - Reconstruction Women&#039;s Fund<\/title>\n<meta name=\"robots\" content=\"index, follow, max-snippet:-1, max-image-preview:large, max-video-preview:-1\" \/>\n<link rel=\"canonical\" href=\"https:\/\/www.rwfund.org\/eng\/2017-3\/stipends-zarana-papic-2017\/november\/\" \/>\n<meta property=\"og:locale\" content=\"en_US\" \/>\n<meta property=\"og:type\" content=\"article\" \/>\n<meta property=\"og:title\" content=\"November - Reconstruction Women&#039;s Fund\" \/>\n<meta property=\"og:description\" content=\"2017 Program area: Stipends \u017darana Papi\u0107 Stipends\u00a0approved\u00a0&#8211; November\u00a02017 Number of\u00a0stipends: 4\u00a0 \u221a 1. Stipendist:\u00a0Na\u0111a Bobi\u010di\u0107 Amount:\u00a0RSD\u00a0108.000,00 (to be payed in 2018) Stipend for: part of the fee for the third year of PhD studies, Center for Gender Studies and Politics, Faculty of Political Sciences, Belgrade 2. Stipendist:\u00a0Ana Simona Zelenovi\u0107 Amount:\u00a0RSD\u00a0124.000,00 9part to be payed in ... MORE\" \/>\n<meta property=\"og:url\" content=\"https:\/\/www.rwfund.org\/eng\/2017-3\/stipends-zarana-papic-2017\/november\/\" \/>\n<meta property=\"og:site_name\" content=\"Reconstruction Women&#039;s Fund\" \/>\n<meta name=\"twitter:card\" content=\"summary_large_image\" \/>\n<meta name=\"twitter:label1\" content=\"Est. reading time\" \/>\n\t<meta name=\"twitter:data1\" content=\"1 minute\" \/>\n<script type=\"application\/ld+json\" class=\"yoast-schema-graph\">{\"@context\":\"https:\\\/\\\/schema.org\",\"@graph\":[{\"@type\":\"WebPage\",\"@id\":\"https:\\\/\\\/www.rwfund.org\\\/eng\\\/2017-3\\\/stipends-zarana-papic-2017\\\/november\\\/\",\"url\":\"https:\\\/\\\/www.rwfund.org\\\/eng\\\/2017-3\\\/stipends-zarana-papic-2017\\\/november\\\/\",\"name\":\"November - Reconstruction Women&#039;s Fund\",\"isPartOf\":{\"@id\":\"https:\\\/\\\/www.rwfund.org\\\/eng\\\/#website\"},\"datePublished\":\"2018-02-07T19:36:18+00:00\",\"breadcrumb\":{\"@id\":\"https:\\\/\\\/www.rwfund.org\\\/eng\\\/2017-3\\\/stipends-zarana-papic-2017\\\/november\\\/#breadcrumb\"},\"inLanguage\":\"en-US\",\"potentialAction\":[{\"@type\":\"ReadAction\",\"target\":[\"https:\\\/\\\/www.rwfund.org\\\/eng\\\/2017-3\\\/stipends-zarana-papic-2017\\\/november\\\/\"]}]},{\"@type\":\"BreadcrumbList\",\"@id\":\"https:\\\/\\\/www.rwfund.org\\\/eng\\\/2017-3\\\/stipends-zarana-papic-2017\\\/november\\\/#breadcrumb\",\"itemListElement\":[{\"@type\":\"ListItem\",\"position\":1,\"name\":\"Home\",\"item\":\"https:\\\/\\\/www.rwfund.org\\\/eng\\\/\"},{\"@type\":\"ListItem\",\"position\":2,\"name\":\"2017\",\"item\":\"https:\\\/\\\/www.rwfund.org\\\/eng\\\/2017-3\\\/\"},{\"@type\":\"ListItem\",\"position\":3,\"name\":\"Stipends \u017darana Papi\u0107 2017\",\"item\":\"https:\\\/\\\/www.rwfund.org\\\/eng\\\/2017-3\\\/stipends-zarana-papic-2017\\\/\"},{\"@type\":\"ListItem\",\"position\":4,\"name\":\"November\"}]},{\"@type\":\"WebSite\",\"@id\":\"https:\\\/\\\/www.rwfund.org\\\/eng\\\/#website\",\"url\":\"https:\\\/\\\/www.rwfund.org\\\/eng\\\/\",\"name\":\"Reconstruction Women&#039;s Fund\",\"description\":\"Reconstruction Women&#039;s Fund\",\"publisher\":{\"@id\":\"https:\\\/\\\/www.rwfund.org\\\/eng\\\/#organization\"},\"potentialAction\":[{\"@type\":\"SearchAction\",\"target\":{\"@type\":\"EntryPoint\",\"urlTemplate\":\"https:\\\/\\\/www.rwfund.org\\\/eng\\\/?s={search_term_string}\"},\"query-input\":{\"@type\":\"PropertyValueSpecification\",\"valueRequired\":true,\"valueName\":\"search_term_string\"}}],\"inLanguage\":\"en-US\"},{\"@type\":\"Organization\",\"@id\":\"https:\\\/\\\/www.rwfund.org\\\/eng\\\/#organization\",\"name\":\"Reconstruction Women's Fund\",\"url\":\"https:\\\/\\\/www.rwfund.org\\\/eng\\\/\",\"logo\":{\"@type\":\"ImageObject\",\"inLanguage\":\"en-US\",\"@id\":\"https:\\\/\\\/www.rwfund.org\\\/eng\\\/#\\\/schema\\\/logo\\\/image\\\/\",\"url\":\"https:\\\/\\\/www.rwfund.org\\\/eng\\\/wp-content\\\/uploads\\\/sites\\\/2\\\/2021\\\/03\\\/LOGO-CROP_V1.svg\",\"contentUrl\":\"https:\\\/\\\/www.rwfund.org\\\/eng\\\/wp-content\\\/uploads\\\/sites\\\/2\\\/2021\\\/03\\\/LOGO-CROP_V1.svg\",\"width\":420,\"height\":640,\"caption\":\"Reconstruction Women's Fund\"},\"image\":{\"@id\":\"https:\\\/\\\/www.rwfund.org\\\/eng\\\/#\\\/schema\\\/logo\\\/image\\\/\"}}]}<\/script>\n<!-- \/ Yoast SEO plugin. -->","yoast_head_json":{"title":"November - Reconstruction Women&#039;s Fund","robots":{"index":"index","follow":"follow","max-snippet":"max-snippet:-1","max-image-preview":"max-image-preview:large","max-video-preview":"max-video-preview:-1"},"canonical":"https:\/\/www.rwfund.org\/eng\/2017-3\/stipends-zarana-papic-2017\/november\/","og_locale":"en_US","og_type":"article","og_title":"November - Reconstruction Women&#039;s Fund","og_description":"2017 Program area: Stipends \u017darana Papi\u0107 Stipends\u00a0approved\u00a0&#8211; November\u00a02017 Number of\u00a0stipends: 4\u00a0 \u221a 1. Stipendist:\u00a0Na\u0111a Bobi\u010di\u0107 Amount:\u00a0RSD\u00a0108.000,00 (to be payed in 2018) Stipend for: part of the fee for the third year of PhD studies, Center for Gender Studies and Politics, Faculty of Political Sciences, Belgrade 2. Stipendist:\u00a0Ana Simona Zelenovi\u0107 Amount:\u00a0RSD\u00a0124.000,00 9part to be payed in ... MORE","og_url":"https:\/\/www.rwfund.org\/eng\/2017-3\/stipends-zarana-papic-2017\/november\/","og_site_name":"Reconstruction Women&#039;s Fund","twitter_card":"summary_large_image","twitter_misc":{"Est. reading time":"1 minute"},"schema":{"@context":"https:\/\/schema.org","@graph":[{"@type":"WebPage","@id":"https:\/\/www.rwfund.org\/eng\/2017-3\/stipends-zarana-papic-2017\/november\/","url":"https:\/\/www.rwfund.org\/eng\/2017-3\/stipends-zarana-papic-2017\/november\/","name":"November - Reconstruction Women&#039;s Fund","isPartOf":{"@id":"https:\/\/www.rwfund.org\/eng\/#website"},"datePublished":"2018-02-07T19:36:18+00:00","breadcrumb":{"@id":"https:\/\/www.rwfund.org\/eng\/2017-3\/stipends-zarana-papic-2017\/november\/#breadcrumb"},"inLanguage":"en-US","potentialAction":[{"@type":"ReadAction","target":["https:\/\/www.rwfund.org\/eng\/2017-3\/stipends-zarana-papic-2017\/november\/"]}]},{"@type":"BreadcrumbList","@id":"https:\/\/www.rwfund.org\/eng\/2017-3\/stipends-zarana-papic-2017\/november\/#breadcrumb","itemListElement":[{"@type":"ListItem","position":1,"name":"Home","item":"https:\/\/www.rwfund.org\/eng\/"},{"@type":"ListItem","position":2,"name":"2017","item":"https:\/\/www.rwfund.org\/eng\/2017-3\/"},{"@type":"ListItem","position":3,"name":"Stipends \u017darana Papi\u0107 2017","item":"https:\/\/www.rwfund.org\/eng\/2017-3\/stipends-zarana-papic-2017\/"},{"@type":"ListItem","position":4,"name":"November"}]},{"@type":"WebSite","@id":"https:\/\/www.rwfund.org\/eng\/#website","url":"https:\/\/www.rwfund.org\/eng\/","name":"Reconstruction Women&#039;s Fund","description":"Reconstruction Women&#039;s Fund","publisher":{"@id":"https:\/\/www.rwfund.org\/eng\/#organization"},"potentialAction":[{"@type":"SearchAction","target":{"@type":"EntryPoint","urlTemplate":"https:\/\/www.rwfund.org\/eng\/?s={search_term_string}"},"query-input":{"@type":"PropertyValueSpecification","valueRequired":true,"valueName":"search_term_string"}}],"inLanguage":"en-US"},{"@type":"Organization","@id":"https:\/\/www.rwfund.org\/eng\/#organization","name":"Reconstruction Women's Fund","url":"https:\/\/www.rwfund.org\/eng\/","logo":{"@type":"ImageObject","inLanguage":"en-US","@id":"https:\/\/www.rwfund.org\/eng\/#\/schema\/logo\/image\/","url":"https:\/\/www.rwfund.org\/eng\/wp-content\/uploads\/sites\/2\/2021\/03\/LOGO-CROP_V1.svg","contentUrl":"https:\/\/www.rwfund.org\/eng\/wp-content\/uploads\/sites\/2\/2021\/03\/LOGO-CROP_V1.svg","width":420,"height":640,"caption":"Reconstruction Women's Fund"},"image":{"@id":"https:\/\/www.rwfund.org\/eng\/#\/schema\/logo\/image\/"}}]}},"taxonomy_info":[],"featured_image_src_large":false,"author_info":{"display_name":"Vlidi","author_link":"https:\/\/www.rwfund.org\/eng\/author\/testadmin\/"},"comment_info":0,"_links":{"self":[{"href":"https:\/\/www.rwfund.org\/eng\/wp-json\/wp\/v2\/pages\/2520","targetHints":{"allow":["GET"]}}],"collection":[{"href":"https:\/\/www.rwfund.org\/eng\/wp-json\/wp\/v2\/pages"}],"about":[{"href":"https:\/\/www.rwfund.org\/eng\/wp-json\/wp\/v2\/types\/page"}],"author":[{"embeddable":true,"href":"https:\/\/www.rwfund.org\/eng\/wp-json\/wp\/v2\/users\/1"}],"replies":[{"embeddable":true,"href":"https:\/\/www.rwfund.org\/eng\/wp-json\/wp\/v2\/comments?post=2520"}],"version-history":[{"count":1,"href":"https:\/\/www.rwfund.org\/eng\/wp-json\/wp\/v2\/pages\/2520\/revisions"}],"predecessor-version":[{"id":2521,"href":"https:\/\/www.rwfund.org\/eng\/wp-json\/wp\/v2\/pages\/2520\/revisions\/2521"}],"up":[{"embeddable":true,"href":"https:\/\/www.rwfund.org\/eng\/wp-json\/wp\/v2\/pages\/2357"}],"wp:attachment":[{"href":"https:\/\/www.rwfund.org\/eng\/wp-json\/wp\/v2\/media?parent=2520"}],"wp:term":[{"taxonomy":"category","embeddable":true,"href":"https:\/\/www.rwfund.org\/eng\/wp-json\/wp\/v2\/categories?post=2520"},{"taxonomy":"post_tag","embeddable":true,"href":"https:\/\/www.rwfund.org\/eng\/wp-json\/wp\/v2\/tags?post=2520"}],"curies":[{"name":"wp","href":"https:\/\/api.w.org\/{rel}","templated":true}]}}