{"id":3029,"date":"2020-03-16T14:12:02","date_gmt":"2020-03-16T12:12:02","guid":{"rendered":"https:\/\/www.rwfund.org\/eng\/?page_id=3029"},"modified":"2020-03-16T14:16:35","modified_gmt":"2020-03-16T12:16:35","slug":"february","status":"publish","type":"page","link":"https:\/\/www.rwfund.org\/eng\/2020-2\/special-focus-2020\/february\/","title":{"rendered":"February"},"content":{"rendered":"<p><strong><a style=\"color: #ef4d58;\" href=\"https:\/\/www.rwfund.org\/eng\/programs\/special-focus\/\">Program: Special Focus<\/a><\/strong><\/p>\n<p><strong>Grants approved\u00a0<\/strong>\u2013 February\u00a02020<\/p>\n<p><strong>Number of grants:<span style=\"color: #ff0000;\">\u00a013<\/span><\/strong><\/p>\n<p><span style=\"color: #ff2500;\">\u221a<\/span><\/p>\n<p><strong>1. Association of Women Sandglass, Kru\u0161evac<\/strong><\/p>\n<ul>\n<li>RSD:\u00a0<strong>299.000<\/strong><\/li>\n<li>Project title:\u00a0<strong>Supporting Women\u2019s Activism in Rasina County<\/strong><\/li>\n<\/ul>\n<p>Supporting the work of Association of Women Sandglass for empowering, self-organizing, connecting and networking of women in Rasina county in the domain of women\u2018s rights and peace activism, through the contribution to stability and continuity of the organization\u2018s work.<\/p>\n<p>&nbsp;<\/p>\n<p><strong>2. Non-formal group of authors<\/strong><\/p>\n<ul>\n<li>RSD:\u00a0<strong>300.000<\/strong><\/li>\n<li>Project title:\u00a0<strong>Understanding the Extreme Right in Serbia<\/strong><\/li>\n<\/ul>\n<p>The research implies mapping and understanding the extreme right-wing scene in Serbia, their political principles and functioning.<\/p>\n<p>&nbsp;<\/p>\n<p><strong>3. Impuls, Tutin\u00a0<\/strong><\/p>\n<ul>\n<li>RSD:\u00a0<strong>300.000<\/strong><\/li>\n<li>Project title:\u00a0<strong>Festival of Women\u2018s Friendship<\/strong><\/li>\n<\/ul>\n<p>Supporting regional festival of women\u2018s friendship which is being held since 2013 with the idea of connecting and mutual empowering of feminists from Serbia, Bosnia and Herzegovina, Montenegro, Kosovo and Macedonia, a place of exchanging experiences emerging from the long-term struggle against violence and discrimination, especially in times of strengthening of fundamentalist tendencies, a place of questioning and rethinking new strategies in combating nationalism, clerofascism, capitalism, racism and homophobia. The festival provides organizations and feminists from small environments with space to be heard, to present their work and connect to women from the region. It is the only regional feminist festival taking place outside the capitals and economical centres, which is essential to feminists and activists living and\/or working in such isolated and conservative communities.<\/p>\n<p>&nbsp;<\/p>\n<p><strong>4. ACC Heroj Mari\u010di\u0107, Kraljevo\u00a0<\/strong><\/p>\n<ul>\n<li>RSD:\u00a0<strong>235.040<\/strong><\/li>\n<li>Project title:\u00a0<strong>Manifesto from Our Backyard<\/strong><\/li>\n<\/ul>\n<p>Supporting the activities of the Alternative Cultural Centre\u00a0<em>Heroj Mari\u010di\u0107<\/em>, a unique and non-formal activist safe space where young people with creative ambition can turn their ideas into a reality; friends from the Roma camp, mainly women and children, have access to the internet and cultural content; those who are exploring the local culture have a place to stay, discuss history, culture and politics of the Balkans, get new insights, and very often new friends as well. Through diverse activities, non-formal gatherings, workshops, preparing vegan food, food distribution, gathering clothes, footwear, school supplies and toys, the centre works on the principles of solidarity, mutual help and support.\u00a0<em>Manifesto from Our Backyard\u00a0<\/em>will include a series of educational activities and alternative content aiming to bring new perspectives and possibilities of responding to stereotypes to the young people, those who are quite often exposed to stereotypical worldviews of the environment.<\/p>\n<p>&nbsp;<\/p>\n<p><strong>5.\u00a0\u00a0The Centre for Public History,\u00a0<\/strong><\/p>\n<ul>\n<li>RSD:\u00a0<strong>299.000<\/strong><\/li>\n<li>Project title:\u00a0<strong>HISTORIES OF RESISTANCE \u2013 Neda Bo\u017einovi\u0107: Comic Book and Festival of Public History Devoted to Neda Bo\u017einovi\u0107\u00a0<\/strong><\/li>\n<\/ul>\n<p>Through the comic book\u00a0<em>Histories of resistance \u2013 Neda Bo\u017einovi\u0107<\/em>and one-day Festival of Public History which will include an exhibition, presentation of the comic book and public guidance\u00a0<em>Continuity of Resistance \u2013 A Walk through the Feminist History, The Centre for Public History\u00a0<\/em>will remind the audience of the continuity of feminist and antifascist struggle in this region in the 20th century. The story about Neda Bo\u017einovi\u0107 is an opportunity for reminding ourselves of the history of feminist movement before and during the World War II, the importance of Women\u2018s Antifascist Front of Yugoslavia, and the range covered in the socialist era when it comes to equality between men and women, as well as the role of the feminist movement in the antiwar resistance in Serbia during the 1990s.<\/p>\n<p><strong>\u00a0<\/strong><\/p>\n<p><strong>6. Center for Cultural Decontamination<\/strong><\/p>\n<ul>\n<li>RSD:\u00a0<strong>299.842<\/strong><\/li>\n<li>Project title:\u00a0<strong>In transition: Trans activism and arts in the post-Yugoslav region<\/strong><\/li>\n<\/ul>\n<p>RWF supported this project envisioned by a non-formal group to be held within the Center for Cultural Decontamination and it implies organizing a three-day feminist conference gathering 27 authors. It is devoted to the history and politics of transgender activist organizing and trans culture in all the countries of former Yugoslavia. The gathering will be held in Center for Cultural Decontamination in Belgrade in May 2020, and the contributions presented at the conference will be published in the proceedings.<\/p>\n<p>&nbsp;<\/p>\n<p><strong>7. Association of Roma Women \u201cNADA\u201d, Aleksinac<\/strong><\/p>\n<ul>\n<li>RSD:\u00a0<strong>267.100<\/strong><\/li>\n<li>Project title:\u00a0<strong>Marriage at Second Sight<\/strong><\/li>\n<\/ul>\n<p>This three-month program tends to encourage the social community of Aleksinac to work on the prevention of forced marriages in the Roma community. Forced early marriages are described as criminal act within international and national law regulations but they are rarely a subject of responsible work.<\/p>\n<p>This phase of the program includes organizing interactive creative workshops for Roma girls in collaboration with relevant responsible actors at the local level so the girls would get an insight into their rights, the consequences of forced marriages and protective mechanisms.<\/p>\n<p><strong>\u00a0<\/strong><\/p>\n<p><strong>8. Independent Film Centre \u201cFilmart\u201d, Po\u017eega<\/strong><\/p>\n<ul>\n<li>RSD:\u00a0<strong>140.000<\/strong><\/li>\n<li>Project title:\u00a0<strong>Stories from Mladost<\/strong><\/li>\n<\/ul>\n<p>\u201cStories from Mladost\u201c is an artistic and research project implying research of the emancipatory achievements of small communities regarding women\u2018s labour rights, envisioned as the continuation of working with former women workers of the textile factory \u201cMladost\u201c in Po\u017eega. The project implies collecting stories from the time when they were working in the factory, as well as stories about their position and status today, and publishing a book with photo portraits of workers and a selection from the photo-archive from the active period of the factory, and public promotion and distribution of the book. Workers\u2018 stories are the stories of women\u2018s emancipation, working class, struggle for equality, for women\u2018s labour rights, stories about building a community.<\/p>\n<p>&nbsp;<\/p>\n<p><strong>9.\u00a0<\/strong><strong>NENA \u2013 Informal Group for Peace and Rights of Women, Leskovac<\/strong><\/p>\n<ul>\n<li>RSD:\u00a0<strong>274.600<\/strong><\/li>\n<li>Project title:\u00a0<strong>Our Labour Rights<\/strong><\/li>\n<\/ul>\n<p>The supported project tends to empower and encourage women and men to publicly and without any fear speak out about injustices and discrimination, and create space for witnessing about exploitation in the field of labour, liberation from fear, building mutual support and solidarity for overcoming hopelessness existing due to continuous blackmailing, insecurity and vulnerability regarding labour. The goal is motivating workers to get more engaged in struggles for their labour rights in order to get a better impact on changing the legal framework of labour law.<\/p>\n<p>&nbsp;<\/p>\n<p><strong>10. Art Group\u00a0<\/strong><strong>Hop.La!, Belgrade<\/strong><\/p>\n<ul>\n<li>RSD:\u00a0<strong>266.250<\/strong><\/li>\n<li>Project title:\u00a0<strong>Opening of the Reading Room<\/strong><strong>\u201cEkatarina Pavlovi\u0107\u201d, Markovac<\/strong><\/li>\n<\/ul>\n<p>The book fund of the Reading Room\u00a0\u201cEkatarina Pavlovi\u0107\u201c will be named after the first literate resident of Markovac and it represents the continuation of work on creating a social centre for the village community. The project is focused on children, their teachers, parents and neighbors. Deprived of cultural content, children living in the village are at the higher fanger of non-curated content that they are exposed through the television, internet, market of children\u2018s products (garments, games and toys reproducing violent daily reality of uniform gender roles). By implementing feminist pedagogy premises, the affirmation of books that offer a gender-balanced view of literature, and introducing literary characters which question patriarchal stereotypes, this project will animate the residents of Markovac, a village with around 3000 people without a library, with reading activities, strengthening their cultural and civic capacities, and gathering them to rethink a more just micro and macro-community.<\/p>\n<p>&nbsp;<\/p>\n<p><strong>11.\u00a0<\/strong><strong>Workers Commune Links, Belgrade<\/strong><\/p>\n<ul>\n<li>RSD:\u00a0<strong>300.000<\/strong><\/li>\n<li>Project title:\u00a0<strong>KundK (Books &amp; Criticism)<\/strong><\/li>\n<\/ul>\n<p>Project\u00a0<strong>K&amp;K\u00a0<\/strong>is being implemented on the Workers\u2018 Commune Links\u2018 website since 2017. The goal is a critical approach to reading books produced in the territory of former Yugoslavia, mainly those that tackle the joint destiny of this region. Also, the project highlights cultural, social and political\u00a0<em>underground<\/em>existing outside the\u00a0<em>mainstream<\/em>media, which is important for understanding contemporary processes. The goal is to build an alternative network for evaluating book production in this region made of young critics and authors. The final outcome of the project would be the affirmation of subjects that are essential to public debate in post-traumatic society, that are, as such, marginalized at the moment.<\/p>\n<p>&nbsp;<\/p>\n<p><strong>12. Humanitarian Law Center, Belgrade\u00a0<\/strong><\/p>\n<ul>\n<li>RSD:\u00a0<strong>130.480<\/strong><\/li>\n<li>Project title:\u00a0<strong>ArchiWar \u2013 Stories and Memories of Genocide in Srebrenica<\/strong><\/li>\n<\/ul>\n<p>This project is envisioned as an artistic and activist process, and it is devoted to noting genocide in Srebrenica and raising awareness about it. It is intended to general audiences, especially young people (age 15 \u2013 35). After the analysis of evidence materials and creating informative illustrations, there will be an exhibition held in Belgrade, as well as its online version.<\/p>\n<p>&nbsp;<\/p>\n<p><strong>13. Women Space<\/strong><strong>, Ni\u0161<\/strong><\/p>\n<ul>\n<li><strong>RSD: 30.000<\/strong><\/li>\n<li><strong>Project title:\u00a0<\/strong><strong>Maintainance of the Month of Roma Women\u2018s Activism Website\u00a0<a href=\"http:\/\/www.mrza.info\/\">mrza.info<\/a><\/strong><\/li>\n<\/ul>\n<p>Supporting the efforts of Roma Women\u2018s Network in documenting and preserving Roma activist history through their website<em>\u00a0Month of Roma Women\u2018s Activism <\/em>(<a href=\"http:\/\/www.mrza.info\/\">www.mrza.info<\/a>)<em>.<\/em> The website works as the database of contents related to the Month of Roma Women\u2018s Activism and also represents and important resource of organizations and initiatives making the Roma Women\u2018s Network for documenting activities.<\/p>\n","protected":false},"excerpt":{"rendered":"<p>Program: Special Focus Grants approved\u00a0\u2013 February\u00a02020 Number of grants:\u00a013 \u221a 1. Association of Women Sandglass, Kru\u0161evac RSD:\u00a0299.000 Project title:\u00a0Supporting Women\u2019s Activism in Rasina County Supporting the work of Association of Women Sandglass for empowering, self-organizing, connecting and networking of women in Rasina county in the domain of women\u2018s rights and peace activism, through the contribution &#8230; <a title=\"February\" class=\"read-more\" href=\"https:\/\/www.rwfund.org\/eng\/2020-2\/special-focus-2020\/february\/\" aria-label=\"Read more about February\">MORE<\/a><\/p>\n","protected":false},"author":1,"featured_media":0,"parent":3027,"menu_order":0,"comment_status":"closed","ping_status":"closed","template":"","meta":{"_kad_blocks_custom_css":"","_kad_blocks_head_custom_js":"","_kad_blocks_body_custom_js":"","_kad_blocks_footer_custom_js":"","footnotes":""},"categories":[],"tags":[],"class_list":{"0":"post-3029","1":"page","2":"type-page","3":"status-publish","5":"infinite-scroll-item","6":"no-featured-image-padding"},"yoast_head":"<!-- This site is optimized with the Yoast SEO plugin v27.5 - https:\/\/yoast.com\/product\/yoast-seo-wordpress\/ -->\n<title>February - Reconstruction Women&#039;s Fund<\/title>\n<meta name=\"robots\" content=\"index, follow, max-snippet:-1, max-image-preview:large, max-video-preview:-1\" \/>\n<link rel=\"canonical\" href=\"https:\/\/www.rwfund.org\/eng\/2020-2\/special-focus-2020\/february\/\" \/>\n<meta property=\"og:locale\" content=\"en_US\" \/>\n<meta property=\"og:type\" content=\"article\" \/>\n<meta property=\"og:title\" content=\"February - Reconstruction Women&#039;s Fund\" \/>\n<meta property=\"og:description\" content=\"Program: Special Focus Grants approved\u00a0\u2013 February\u00a02020 Number of grants:\u00a013 \u221a 1. Association of Women Sandglass, Kru\u0161evac RSD:\u00a0299.000 Project title:\u00a0Supporting Women\u2019s Activism in Rasina County Supporting the work of Association of Women Sandglass for empowering, self-organizing, connecting and networking of women in Rasina county in the domain of women\u2018s rights and peace activism, through the contribution ... MORE\" \/>\n<meta property=\"og:url\" content=\"https:\/\/www.rwfund.org\/eng\/2020-2\/special-focus-2020\/february\/\" \/>\n<meta property=\"og:site_name\" content=\"Reconstruction Women&#039;s Fund\" \/>\n<meta property=\"article:modified_time\" content=\"2020-03-16T12:16:35+00:00\" \/>\n<meta name=\"twitter:card\" content=\"summary_large_image\" \/>\n<meta name=\"twitter:label1\" content=\"Est. reading time\" \/>\n\t<meta name=\"twitter:data1\" content=\"7 minutes\" \/>\n<script type=\"application\/ld+json\" class=\"yoast-schema-graph\">{\"@context\":\"https:\\\/\\\/schema.org\",\"@graph\":[{\"@type\":\"WebPage\",\"@id\":\"https:\\\/\\\/www.rwfund.org\\\/eng\\\/2020-2\\\/special-focus-2020\\\/february\\\/\",\"url\":\"https:\\\/\\\/www.rwfund.org\\\/eng\\\/2020-2\\\/special-focus-2020\\\/february\\\/\",\"name\":\"February - Reconstruction Women&#039;s Fund\",\"isPartOf\":{\"@id\":\"https:\\\/\\\/www.rwfund.org\\\/eng\\\/#website\"},\"datePublished\":\"2020-03-16T12:12:02+00:00\",\"dateModified\":\"2020-03-16T12:16:35+00:00\",\"breadcrumb\":{\"@id\":\"https:\\\/\\\/www.rwfund.org\\\/eng\\\/2020-2\\\/special-focus-2020\\\/february\\\/#breadcrumb\"},\"inLanguage\":\"en-US\",\"potentialAction\":[{\"@type\":\"ReadAction\",\"target\":[\"https:\\\/\\\/www.rwfund.org\\\/eng\\\/2020-2\\\/special-focus-2020\\\/february\\\/\"]}]},{\"@type\":\"BreadcrumbList\",\"@id\":\"https:\\\/\\\/www.rwfund.org\\\/eng\\\/2020-2\\\/special-focus-2020\\\/february\\\/#breadcrumb\",\"itemListElement\":[{\"@type\":\"ListItem\",\"position\":1,\"name\":\"Home\",\"item\":\"https:\\\/\\\/www.rwfund.org\\\/eng\\\/\"},{\"@type\":\"ListItem\",\"position\":2,\"name\":\"2020\",\"item\":\"https:\\\/\\\/www.rwfund.org\\\/eng\\\/2020-2\\\/\"},{\"@type\":\"ListItem\",\"position\":3,\"name\":\"Special Focus 2020\",\"item\":\"https:\\\/\\\/www.rwfund.org\\\/eng\\\/2020-2\\\/special-focus-2020\\\/\"},{\"@type\":\"ListItem\",\"position\":4,\"name\":\"February\"}]},{\"@type\":\"WebSite\",\"@id\":\"https:\\\/\\\/www.rwfund.org\\\/eng\\\/#website\",\"url\":\"https:\\\/\\\/www.rwfund.org\\\/eng\\\/\",\"name\":\"Reconstruction Women&#039;s Fund\",\"description\":\"Reconstruction Women&#039;s Fund\",\"publisher\":{\"@id\":\"https:\\\/\\\/www.rwfund.org\\\/eng\\\/#organization\"},\"potentialAction\":[{\"@type\":\"SearchAction\",\"target\":{\"@type\":\"EntryPoint\",\"urlTemplate\":\"https:\\\/\\\/www.rwfund.org\\\/eng\\\/?s={search_term_string}\"},\"query-input\":{\"@type\":\"PropertyValueSpecification\",\"valueRequired\":true,\"valueName\":\"search_term_string\"}}],\"inLanguage\":\"en-US\"},{\"@type\":\"Organization\",\"@id\":\"https:\\\/\\\/www.rwfund.org\\\/eng\\\/#organization\",\"name\":\"Reconstruction Women's Fund\",\"url\":\"https:\\\/\\\/www.rwfund.org\\\/eng\\\/\",\"logo\":{\"@type\":\"ImageObject\",\"inLanguage\":\"en-US\",\"@id\":\"https:\\\/\\\/www.rwfund.org\\\/eng\\\/#\\\/schema\\\/logo\\\/image\\\/\",\"url\":\"https:\\\/\\\/www.rwfund.org\\\/eng\\\/wp-content\\\/uploads\\\/sites\\\/2\\\/2021\\\/03\\\/LOGO-CROP_V1.svg\",\"contentUrl\":\"https:\\\/\\\/www.rwfund.org\\\/eng\\\/wp-content\\\/uploads\\\/sites\\\/2\\\/2021\\\/03\\\/LOGO-CROP_V1.svg\",\"width\":420,\"height\":640,\"caption\":\"Reconstruction Women's Fund\"},\"image\":{\"@id\":\"https:\\\/\\\/www.rwfund.org\\\/eng\\\/#\\\/schema\\\/logo\\\/image\\\/\"}}]}<\/script>\n<!-- \/ Yoast SEO plugin. -->","yoast_head_json":{"title":"February - Reconstruction Women&#039;s Fund","robots":{"index":"index","follow":"follow","max-snippet":"max-snippet:-1","max-image-preview":"max-image-preview:large","max-video-preview":"max-video-preview:-1"},"canonical":"https:\/\/www.rwfund.org\/eng\/2020-2\/special-focus-2020\/february\/","og_locale":"en_US","og_type":"article","og_title":"February - Reconstruction Women&#039;s Fund","og_description":"Program: Special Focus Grants approved\u00a0\u2013 February\u00a02020 Number of grants:\u00a013 \u221a 1. Association of Women Sandglass, Kru\u0161evac RSD:\u00a0299.000 Project title:\u00a0Supporting Women\u2019s Activism in Rasina County Supporting the work of Association of Women Sandglass for empowering, self-organizing, connecting and networking of women in Rasina county in the domain of women\u2018s rights and peace activism, through the contribution ... MORE","og_url":"https:\/\/www.rwfund.org\/eng\/2020-2\/special-focus-2020\/february\/","og_site_name":"Reconstruction Women&#039;s Fund","article_modified_time":"2020-03-16T12:16:35+00:00","twitter_card":"summary_large_image","twitter_misc":{"Est. reading time":"7 minutes"},"schema":{"@context":"https:\/\/schema.org","@graph":[{"@type":"WebPage","@id":"https:\/\/www.rwfund.org\/eng\/2020-2\/special-focus-2020\/february\/","url":"https:\/\/www.rwfund.org\/eng\/2020-2\/special-focus-2020\/february\/","name":"February - Reconstruction Women&#039;s Fund","isPartOf":{"@id":"https:\/\/www.rwfund.org\/eng\/#website"},"datePublished":"2020-03-16T12:12:02+00:00","dateModified":"2020-03-16T12:16:35+00:00","breadcrumb":{"@id":"https:\/\/www.rwfund.org\/eng\/2020-2\/special-focus-2020\/february\/#breadcrumb"},"inLanguage":"en-US","potentialAction":[{"@type":"ReadAction","target":["https:\/\/www.rwfund.org\/eng\/2020-2\/special-focus-2020\/february\/"]}]},{"@type":"BreadcrumbList","@id":"https:\/\/www.rwfund.org\/eng\/2020-2\/special-focus-2020\/february\/#breadcrumb","itemListElement":[{"@type":"ListItem","position":1,"name":"Home","item":"https:\/\/www.rwfund.org\/eng\/"},{"@type":"ListItem","position":2,"name":"2020","item":"https:\/\/www.rwfund.org\/eng\/2020-2\/"},{"@type":"ListItem","position":3,"name":"Special Focus 2020","item":"https:\/\/www.rwfund.org\/eng\/2020-2\/special-focus-2020\/"},{"@type":"ListItem","position":4,"name":"February"}]},{"@type":"WebSite","@id":"https:\/\/www.rwfund.org\/eng\/#website","url":"https:\/\/www.rwfund.org\/eng\/","name":"Reconstruction Women&#039;s Fund","description":"Reconstruction Women&#039;s Fund","publisher":{"@id":"https:\/\/www.rwfund.org\/eng\/#organization"},"potentialAction":[{"@type":"SearchAction","target":{"@type":"EntryPoint","urlTemplate":"https:\/\/www.rwfund.org\/eng\/?s={search_term_string}"},"query-input":{"@type":"PropertyValueSpecification","valueRequired":true,"valueName":"search_term_string"}}],"inLanguage":"en-US"},{"@type":"Organization","@id":"https:\/\/www.rwfund.org\/eng\/#organization","name":"Reconstruction Women's Fund","url":"https:\/\/www.rwfund.org\/eng\/","logo":{"@type":"ImageObject","inLanguage":"en-US","@id":"https:\/\/www.rwfund.org\/eng\/#\/schema\/logo\/image\/","url":"https:\/\/www.rwfund.org\/eng\/wp-content\/uploads\/sites\/2\/2021\/03\/LOGO-CROP_V1.svg","contentUrl":"https:\/\/www.rwfund.org\/eng\/wp-content\/uploads\/sites\/2\/2021\/03\/LOGO-CROP_V1.svg","width":420,"height":640,"caption":"Reconstruction Women's Fund"},"image":{"@id":"https:\/\/www.rwfund.org\/eng\/#\/schema\/logo\/image\/"}}]}},"taxonomy_info":[],"featured_image_src_large":false,"author_info":{"display_name":"Vlidi","author_link":"https:\/\/www.rwfund.org\/eng\/author\/testadmin\/"},"comment_info":0,"_links":{"self":[{"href":"https:\/\/www.rwfund.org\/eng\/wp-json\/wp\/v2\/pages\/3029","targetHints":{"allow":["GET"]}}],"collection":[{"href":"https:\/\/www.rwfund.org\/eng\/wp-json\/wp\/v2\/pages"}],"about":[{"href":"https:\/\/www.rwfund.org\/eng\/wp-json\/wp\/v2\/types\/page"}],"author":[{"embeddable":true,"href":"https:\/\/www.rwfund.org\/eng\/wp-json\/wp\/v2\/users\/1"}],"replies":[{"embeddable":true,"href":"https:\/\/www.rwfund.org\/eng\/wp-json\/wp\/v2\/comments?post=3029"}],"version-history":[{"count":2,"href":"https:\/\/www.rwfund.org\/eng\/wp-json\/wp\/v2\/pages\/3029\/revisions"}],"predecessor-version":[{"id":3032,"href":"https:\/\/www.rwfund.org\/eng\/wp-json\/wp\/v2\/pages\/3029\/revisions\/3032"}],"up":[{"embeddable":true,"href":"https:\/\/www.rwfund.org\/eng\/wp-json\/wp\/v2\/pages\/3027"}],"wp:attachment":[{"href":"https:\/\/www.rwfund.org\/eng\/wp-json\/wp\/v2\/media?parent=3029"}],"wp:term":[{"taxonomy":"category","embeddable":true,"href":"https:\/\/www.rwfund.org\/eng\/wp-json\/wp\/v2\/categories?post=3029"},{"taxonomy":"post_tag","embeddable":true,"href":"https:\/\/www.rwfund.org\/eng\/wp-json\/wp\/v2\/tags?post=3029"}],"curies":[{"name":"wp","href":"https:\/\/api.w.org\/{rel}","templated":true}]}}