{"id":3063,"date":"2020-06-13T18:30:20","date_gmt":"2020-06-13T16:30:20","guid":{"rendered":"https:\/\/www.rwfund.org\/eng\/?page_id=3063"},"modified":"2020-06-13T18:30:20","modified_gmt":"2020-06-13T16:30:20","slug":"june","status":"publish","type":"page","link":"https:\/\/www.rwfund.org\/eng\/2020-2\/special-focus-2020\/june\/","title":{"rendered":"June"},"content":{"rendered":"<p><strong><a style=\"color: #ef4d58;\" href=\"https:\/\/www.rwfund.org\/eng\/programs\/special-focus\/\">Program: Special Focus<\/a><\/strong><\/p>\n<p><strong>Grants approved\u00a0<\/strong>\u2013 June\u00a02020<\/p>\n<p><strong>Number of grants:<span style=\"color: #ff0000;\">\u00a09<\/span><\/strong><\/p>\n<p><span style=\"color: #ff2500;\">\u221a<\/span><\/p>\n<p>&nbsp;<\/p>\n<p><strong>1. CA \u201eKlara and Rosa\u201c, Subotica<\/strong><\/p>\n<p>RSD:\u00a0<strong>223.400<\/strong><\/p>\n<p>Project title:\u00a0<strong>CA \u201cKlara and Rosa\u201d team building<\/strong><\/p>\n<p>The three-day educational for 10 participants is primarily envisioned to young and elderly local women but also for other local people who wish to take an active part in strategizing and founding a polyvalent, contemporary cultural centre in Subotica. This project is a support to work, self-organizing, strengthening and networking of cultural workers in Subotica, as well as strengthening knowledge and civil activism. This is another step towards creating a cultural centre that CA \u201cKlara and Rosa\u201d is trying to build.<\/p>\n<p>&nbsp;<\/p>\n<p><strong>2. Centre \u201cLiving Upright\u201d, Novi Sad<\/strong><\/p>\n<p>RSD:\u00a0<strong>300.000<\/strong><\/p>\n<p>Project title:\u00a0<strong>In the same movie<\/strong><\/p>\n<p>The project implies creating a short documentary in which the participants (children, parents\/guardians, young people, service users, education and health system employees, social protection system employees and media representatives) present their experiences of participation, taking responsibilities, freedom of expressing thoughts and choices during the state of emergency due to the COVID19 pandemic. The goal is highlighting mutual collaboration, the necessity of mutual support in creating conditions for the full application of social rights in order to achieve permanent availability of measurements guaranteed by the international documents ratified by the Government, regardless of the circumstances.<\/p>\n<p>&nbsp;<\/p>\n<p><strong>3. Hleb teatar, Belgrade<\/strong><\/p>\n<p>RSD:\u00a0<strong>300.000\u00a0<\/strong><\/p>\n<p>Project title:\u00a0<strong>SAP \u2013 School of Activist Performance<\/strong><\/p>\n<p>SAP \u2013 School of activist performance is a cycle of workshops for girls and women activists. Starting from raising awareness and articulating subjects and burning issues, the workshops will provide activists with knowledge and skills of performance, working on the development of body and voice techniques, as mentorship support in creating street actions and performances. The workshops will be lead by Sanja Krsmanovi\u0107 Tasi\u0107, with the support of artists from Hleb Teatar. At the end of the workshop cycle, the participants will publicly present performances and actions.<\/p>\n<p>&nbsp;<\/p>\n<p><strong>4. Association \u201cOkular\u201d, \u0106i\u0107evac<\/strong><\/p>\n<p>RSD:\u00a0<strong>300.000<\/strong><\/p>\n<p>Project title:\u00a0<strong>Super girls<\/strong><\/p>\n<p>The project \u201cSuper Girls\u201d is envisioned with the goal of empowering girls aged 12 to 18 from the territory of \u0106i\u0107evac municipality, to encourage them to become their own heroines through workshops lead by peer educators, as well as online campaigns implying the promotion of messages and stories of successful women as role models for girls. The participants will be motivated to independently, as young girls, become socially active, freedom and equality fighters, as well as to transfer the lessons learned to their peers within their classes.<\/p>\n<p>&nbsp;<\/p>\n<p><strong>5. The Right to Water \u2013 Association Polekol, Belgrade<\/strong><\/p>\n<p>RSD:\u00a0<strong>300.000<\/strong><\/p>\n<p>Project title:\u00a0<strong>Network \u201cWomen for Rivers\u201d<\/strong><\/p>\n<p>\u201cWomen for Rivers\u201d is a network gathering and empowering women in the growing eco-movement, especially in struggles for preserving rivers in entire Serbia. Although barely visible in the public sphere, women fighters are maintaining groups and bear the full load of activism for preserving the environment. The network serves as the support to them to take up more public space and be bolder in offering their tremendous knowledge and skills, often within patriarchal movements. With the activities of women\u2019s solidarity, the network shifts the focus from the destructive production of enemies to the universality of exploitation and unjust distribution.<\/p>\n<p>&nbsp;<\/p>\n<p><strong>6. Workers\u2019 Commune Links, Belgrade<\/strong><\/p>\n<p>RSD:\u00a0<strong>300.000<\/strong><\/p>\n<p>Project title:\u00a0<strong>COUNTER-STRIKE: Restricted freedom of speech and political manipulation in media in Serbia \u2013 the Ugri\u010di\u0107 example (phase II)<\/strong><\/p>\n<p>To understand the intention of the project, it is necessary to structurally describe the politics and time the project will deal with. The year is 2012, and the pre-electoral media campaign for presidential elections which Boris Tadi\u0107 will lose is launched. This campaign was marked by an affair revolving around the intellectual Sreten Ugri\u010di\u0107, then the director of the National Library of Serbia. The behavior of politicians, the usurpation of media, rapid shrinking of freedoms and pursuing intellectuals represent a model of ruling which only progressed in Serbia through the years. A team of experts explores diverse aspects of this event and writes texts that will be published in a book.<\/p>\n<p>&nbsp;<\/p>\n<p><strong>7. Association \u201eSatibara\u201c, Belgrade<\/strong><\/p>\n<p>RSD:\u00a0<strong>300.000<\/strong><\/p>\n<p>Project title:\u00a0<strong>Inclusive Film Club \u201cMy Close-Up\u201d<\/strong><\/p>\n<p>The inclusive film club \u201cMy Close-Up\u201d from Belgrade gathers youth from different vulnerable social groups and their peers. In the club, teenagers through practical education get familiar with film art and video as activist tools. Thanks to that, they become able to use the language of film to reflect on the challenges they encounter in their environment, their opinions, hopes and positive ideas. The subjects that occupy their minds become articulated through creating a joint short film, contributing the goal of increasing their visibility in the wider community.<\/p>\n<p>&nbsp;<\/p>\n<p><strong>8. Volunteer Centre of Vojvodina, Novi Sad<\/strong><\/p>\n<p>RSD:\u00a0<strong>299.600<\/strong><\/p>\n<p>Project title:\u00a0<strong>(Fellow) Travelers: Women\u2019s activism on the Western Balkan\u2019s Route\u00a0<\/strong><\/p>\n<p>The project encompasses a series of meetings during which the activists involved in providing support to people in motion from Serbia and the region will present their work, experience, views and perspectives on freedom of movement and right to asylum in this area. The meetings will be organized in CK13 (Novi Sad) and are envisioned for the broader community. The aim is to provide the women activists space to speak about their work and activism for the rights of people in motion, and to offer the community a chance to get familiar with their direct experiences and the reality in the field.<\/p>\n<p>&nbsp;<\/p>\n<p><strong>9. Women in Black, Belgrade<\/strong><\/p>\n<p>RSD:\u00a0<strong>300.000<\/strong><\/p>\n<p>Project title:\u00a0<strong>Publishing Athena Athanasiou\u2019s Book \u201cAgonistic Mourning: Political Dissidence and the Women in Black\u201d\u00a0<\/strong><\/p>\n<p><strong>\u00a0<\/strong>Within this project, it is planned to publish Athena Athanasiou\u2019s book \u201cAgonistic Mourning: Political Dissidence and the Women in Black.\u201d The author of the book is a member of the International Network of Women in Black. The book is intended for activists of the Network of Women in Black, Women\u2019s Court \u2013 Feminist approach to justice, similar organizations and groups, academic community and society. The project will be conducted in Belgrade, Novi Sad and Vrnja\u010dka Banja. The aim of printing this book is to present the political philosophy, ethical principles and aesthetics of resistance of Women in Black, how the author understood it based on nearly one year of research and fieldwork with the activists of the Network of Women in Black from Serbia.<\/p>\n<p>&nbsp;<\/p>\n<p>&nbsp;<\/p>\n<p>&nbsp;<\/p>\n<p>&nbsp;<\/p>\n<p>&nbsp;<\/p>\n<p>&nbsp;<\/p>\n<p>&nbsp;<\/p>\n<p>&nbsp;<\/p>\n","protected":false},"excerpt":{"rendered":"<p>Program: Special Focus Grants approved\u00a0\u2013 June\u00a02020 Number of grants:\u00a09 \u221a &nbsp; 1. CA \u201eKlara and Rosa\u201c, Subotica RSD:\u00a0223.400 Project title:\u00a0CA \u201cKlara and Rosa\u201d team building The three-day educational for 10 participants is primarily envisioned to young and elderly local women but also for other local people who wish to take an active part in strategizing &#8230; <a title=\"June\" class=\"read-more\" href=\"https:\/\/www.rwfund.org\/eng\/2020-2\/special-focus-2020\/june\/\" aria-label=\"Read more about June\">MORE<\/a><\/p>\n","protected":false},"author":1,"featured_media":0,"parent":3027,"menu_order":0,"comment_status":"closed","ping_status":"closed","template":"","meta":{"_kad_blocks_custom_css":"","_kad_blocks_head_custom_js":"","_kad_blocks_body_custom_js":"","_kad_blocks_footer_custom_js":"","footnotes":""},"categories":[],"tags":[],"class_list":{"0":"post-3063","1":"page","2":"type-page","3":"status-publish","5":"infinite-scroll-item","6":"no-featured-image-padding"},"yoast_head":"<!-- This site is optimized with the Yoast SEO plugin v27.4 - https:\/\/yoast.com\/product\/yoast-seo-wordpress\/ -->\n<title>June - Reconstruction Women&#039;s Fund<\/title>\n<meta name=\"robots\" content=\"index, follow, max-snippet:-1, max-image-preview:large, max-video-preview:-1\" \/>\n<link rel=\"canonical\" href=\"https:\/\/www.rwfund.org\/eng\/2020-2\/special-focus-2020\/june\/\" \/>\n<meta property=\"og:locale\" content=\"en_US\" \/>\n<meta property=\"og:type\" content=\"article\" \/>\n<meta property=\"og:title\" content=\"June - Reconstruction Women&#039;s Fund\" \/>\n<meta property=\"og:description\" content=\"Program: Special Focus Grants approved\u00a0\u2013 June\u00a02020 Number of grants:\u00a09 \u221a &nbsp; 1. CA \u201eKlara and Rosa\u201c, Subotica RSD:\u00a0223.400 Project title:\u00a0CA \u201cKlara and Rosa\u201d team building The three-day educational for 10 participants is primarily envisioned to young and elderly local women but also for other local people who wish to take an active part in strategizing ... MORE\" \/>\n<meta property=\"og:url\" content=\"https:\/\/www.rwfund.org\/eng\/2020-2\/special-focus-2020\/june\/\" \/>\n<meta property=\"og:site_name\" content=\"Reconstruction Women&#039;s Fund\" \/>\n<meta name=\"twitter:card\" content=\"summary_large_image\" \/>\n<meta name=\"twitter:label1\" content=\"Est. reading time\" \/>\n\t<meta name=\"twitter:data1\" content=\"5 minutes\" \/>\n<script type=\"application\/ld+json\" class=\"yoast-schema-graph\">{\"@context\":\"https:\\\/\\\/schema.org\",\"@graph\":[{\"@type\":\"WebPage\",\"@id\":\"https:\\\/\\\/www.rwfund.org\\\/eng\\\/2020-2\\\/special-focus-2020\\\/june\\\/\",\"url\":\"https:\\\/\\\/www.rwfund.org\\\/eng\\\/2020-2\\\/special-focus-2020\\\/june\\\/\",\"name\":\"June - Reconstruction Women&#039;s Fund\",\"isPartOf\":{\"@id\":\"https:\\\/\\\/www.rwfund.org\\\/eng\\\/#website\"},\"datePublished\":\"2020-06-13T16:30:20+00:00\",\"breadcrumb\":{\"@id\":\"https:\\\/\\\/www.rwfund.org\\\/eng\\\/2020-2\\\/special-focus-2020\\\/june\\\/#breadcrumb\"},\"inLanguage\":\"en-US\",\"potentialAction\":[{\"@type\":\"ReadAction\",\"target\":[\"https:\\\/\\\/www.rwfund.org\\\/eng\\\/2020-2\\\/special-focus-2020\\\/june\\\/\"]}]},{\"@type\":\"BreadcrumbList\",\"@id\":\"https:\\\/\\\/www.rwfund.org\\\/eng\\\/2020-2\\\/special-focus-2020\\\/june\\\/#breadcrumb\",\"itemListElement\":[{\"@type\":\"ListItem\",\"position\":1,\"name\":\"Home\",\"item\":\"https:\\\/\\\/www.rwfund.org\\\/eng\\\/\"},{\"@type\":\"ListItem\",\"position\":2,\"name\":\"2020\",\"item\":\"https:\\\/\\\/www.rwfund.org\\\/eng\\\/2020-2\\\/\"},{\"@type\":\"ListItem\",\"position\":3,\"name\":\"Special Focus 2020\",\"item\":\"https:\\\/\\\/www.rwfund.org\\\/eng\\\/2020-2\\\/special-focus-2020\\\/\"},{\"@type\":\"ListItem\",\"position\":4,\"name\":\"June\"}]},{\"@type\":\"WebSite\",\"@id\":\"https:\\\/\\\/www.rwfund.org\\\/eng\\\/#website\",\"url\":\"https:\\\/\\\/www.rwfund.org\\\/eng\\\/\",\"name\":\"Reconstruction Women&#039;s Fund\",\"description\":\"Reconstruction Women&#039;s Fund\",\"publisher\":{\"@id\":\"https:\\\/\\\/www.rwfund.org\\\/eng\\\/#organization\"},\"potentialAction\":[{\"@type\":\"SearchAction\",\"target\":{\"@type\":\"EntryPoint\",\"urlTemplate\":\"https:\\\/\\\/www.rwfund.org\\\/eng\\\/?s={search_term_string}\"},\"query-input\":{\"@type\":\"PropertyValueSpecification\",\"valueRequired\":true,\"valueName\":\"search_term_string\"}}],\"inLanguage\":\"en-US\"},{\"@type\":\"Organization\",\"@id\":\"https:\\\/\\\/www.rwfund.org\\\/eng\\\/#organization\",\"name\":\"Reconstruction Women's Fund\",\"url\":\"https:\\\/\\\/www.rwfund.org\\\/eng\\\/\",\"logo\":{\"@type\":\"ImageObject\",\"inLanguage\":\"en-US\",\"@id\":\"https:\\\/\\\/www.rwfund.org\\\/eng\\\/#\\\/schema\\\/logo\\\/image\\\/\",\"url\":\"https:\\\/\\\/www.rwfund.org\\\/eng\\\/wp-content\\\/uploads\\\/sites\\\/2\\\/2021\\\/03\\\/LOGO-CROP_V1.svg\",\"contentUrl\":\"https:\\\/\\\/www.rwfund.org\\\/eng\\\/wp-content\\\/uploads\\\/sites\\\/2\\\/2021\\\/03\\\/LOGO-CROP_V1.svg\",\"width\":420,\"height\":640,\"caption\":\"Reconstruction Women's Fund\"},\"image\":{\"@id\":\"https:\\\/\\\/www.rwfund.org\\\/eng\\\/#\\\/schema\\\/logo\\\/image\\\/\"}}]}<\/script>\n<!-- \/ Yoast SEO plugin. -->","yoast_head_json":{"title":"June - Reconstruction Women&#039;s Fund","robots":{"index":"index","follow":"follow","max-snippet":"max-snippet:-1","max-image-preview":"max-image-preview:large","max-video-preview":"max-video-preview:-1"},"canonical":"https:\/\/www.rwfund.org\/eng\/2020-2\/special-focus-2020\/june\/","og_locale":"en_US","og_type":"article","og_title":"June - Reconstruction Women&#039;s Fund","og_description":"Program: Special Focus Grants approved\u00a0\u2013 June\u00a02020 Number of grants:\u00a09 \u221a &nbsp; 1. CA \u201eKlara and Rosa\u201c, Subotica RSD:\u00a0223.400 Project title:\u00a0CA \u201cKlara and Rosa\u201d team building The three-day educational for 10 participants is primarily envisioned to young and elderly local women but also for other local people who wish to take an active part in strategizing ... MORE","og_url":"https:\/\/www.rwfund.org\/eng\/2020-2\/special-focus-2020\/june\/","og_site_name":"Reconstruction Women&#039;s Fund","twitter_card":"summary_large_image","twitter_misc":{"Est. reading time":"5 minutes"},"schema":{"@context":"https:\/\/schema.org","@graph":[{"@type":"WebPage","@id":"https:\/\/www.rwfund.org\/eng\/2020-2\/special-focus-2020\/june\/","url":"https:\/\/www.rwfund.org\/eng\/2020-2\/special-focus-2020\/june\/","name":"June - Reconstruction Women&#039;s Fund","isPartOf":{"@id":"https:\/\/www.rwfund.org\/eng\/#website"},"datePublished":"2020-06-13T16:30:20+00:00","breadcrumb":{"@id":"https:\/\/www.rwfund.org\/eng\/2020-2\/special-focus-2020\/june\/#breadcrumb"},"inLanguage":"en-US","potentialAction":[{"@type":"ReadAction","target":["https:\/\/www.rwfund.org\/eng\/2020-2\/special-focus-2020\/june\/"]}]},{"@type":"BreadcrumbList","@id":"https:\/\/www.rwfund.org\/eng\/2020-2\/special-focus-2020\/june\/#breadcrumb","itemListElement":[{"@type":"ListItem","position":1,"name":"Home","item":"https:\/\/www.rwfund.org\/eng\/"},{"@type":"ListItem","position":2,"name":"2020","item":"https:\/\/www.rwfund.org\/eng\/2020-2\/"},{"@type":"ListItem","position":3,"name":"Special Focus 2020","item":"https:\/\/www.rwfund.org\/eng\/2020-2\/special-focus-2020\/"},{"@type":"ListItem","position":4,"name":"June"}]},{"@type":"WebSite","@id":"https:\/\/www.rwfund.org\/eng\/#website","url":"https:\/\/www.rwfund.org\/eng\/","name":"Reconstruction Women&#039;s Fund","description":"Reconstruction Women&#039;s Fund","publisher":{"@id":"https:\/\/www.rwfund.org\/eng\/#organization"},"potentialAction":[{"@type":"SearchAction","target":{"@type":"EntryPoint","urlTemplate":"https:\/\/www.rwfund.org\/eng\/?s={search_term_string}"},"query-input":{"@type":"PropertyValueSpecification","valueRequired":true,"valueName":"search_term_string"}}],"inLanguage":"en-US"},{"@type":"Organization","@id":"https:\/\/www.rwfund.org\/eng\/#organization","name":"Reconstruction Women's Fund","url":"https:\/\/www.rwfund.org\/eng\/","logo":{"@type":"ImageObject","inLanguage":"en-US","@id":"https:\/\/www.rwfund.org\/eng\/#\/schema\/logo\/image\/","url":"https:\/\/www.rwfund.org\/eng\/wp-content\/uploads\/sites\/2\/2021\/03\/LOGO-CROP_V1.svg","contentUrl":"https:\/\/www.rwfund.org\/eng\/wp-content\/uploads\/sites\/2\/2021\/03\/LOGO-CROP_V1.svg","width":420,"height":640,"caption":"Reconstruction Women's Fund"},"image":{"@id":"https:\/\/www.rwfund.org\/eng\/#\/schema\/logo\/image\/"}}]}},"taxonomy_info":[],"featured_image_src_large":false,"author_info":{"display_name":"Vlidi","author_link":"https:\/\/www.rwfund.org\/eng\/author\/testadmin\/"},"comment_info":0,"_links":{"self":[{"href":"https:\/\/www.rwfund.org\/eng\/wp-json\/wp\/v2\/pages\/3063","targetHints":{"allow":["GET"]}}],"collection":[{"href":"https:\/\/www.rwfund.org\/eng\/wp-json\/wp\/v2\/pages"}],"about":[{"href":"https:\/\/www.rwfund.org\/eng\/wp-json\/wp\/v2\/types\/page"}],"author":[{"embeddable":true,"href":"https:\/\/www.rwfund.org\/eng\/wp-json\/wp\/v2\/users\/1"}],"replies":[{"embeddable":true,"href":"https:\/\/www.rwfund.org\/eng\/wp-json\/wp\/v2\/comments?post=3063"}],"version-history":[{"count":1,"href":"https:\/\/www.rwfund.org\/eng\/wp-json\/wp\/v2\/pages\/3063\/revisions"}],"predecessor-version":[{"id":3064,"href":"https:\/\/www.rwfund.org\/eng\/wp-json\/wp\/v2\/pages\/3063\/revisions\/3064"}],"up":[{"embeddable":true,"href":"https:\/\/www.rwfund.org\/eng\/wp-json\/wp\/v2\/pages\/3027"}],"wp:attachment":[{"href":"https:\/\/www.rwfund.org\/eng\/wp-json\/wp\/v2\/media?parent=3063"}],"wp:term":[{"taxonomy":"category","embeddable":true,"href":"https:\/\/www.rwfund.org\/eng\/wp-json\/wp\/v2\/categories?post=3063"},{"taxonomy":"post_tag","embeddable":true,"href":"https:\/\/www.rwfund.org\/eng\/wp-json\/wp\/v2\/tags?post=3063"}],"curies":[{"name":"wp","href":"https:\/\/api.w.org\/{rel}","templated":true}]}}