{"id":352,"date":"2015-01-22T13:32:26","date_gmt":"2015-01-22T11:32:26","guid":{"rendered":"https:\/\/www.rwfund.org\/eng\/?page_id=352"},"modified":"2015-06-15T16:30:24","modified_gmt":"2015-06-15T14:30:24","slug":"sisters-are-doing-it-best","status":"publish","type":"page","link":"https:\/\/www.rwfund.org\/eng\/join-in-old\/sisters-are-doing-it-best\/","title":{"rendered":"Sisters Are Doing It Best"},"content":{"rendered":"<hr \/>\n<p>In 2014 we initiated the action <strong>SISTERS ARE DOING IT BEST<\/strong>.<\/p>\n<p>Goal of this action is to present women who have contributed and still contribute to pushing borders in our society. In the worst times, women show their strength and solidarity. Unfortunately, these important social actors are often being erased.<\/p>\n<p>The first action <b>Sisters Are Doing It Best<\/b> we did in partnership with <b>BeFem<\/b>, a feminist cultural centre, and during the evening dedicated to solidarity and friendship in a great and friendly atmosphere of October Community Centre (Zadruga Oktobar), with wonderful panelists \u2013 \u010carna Radoi\u010di\u0107, Marija Ratkovi\u0107, Nada \u0110uri\u010dkovi\u0107 \u2013 and wonderful DJs \u2013 Women&#8217;s Studies Center, ACT Women, Women In Black, Autonomous Women&#8217;s Center (Centar za \u017eenske studije, ACT Women, \u017dene U Crnom , Autonomni \u017eenski centar) \u2013 we raised <b>24.111,oo dinars for Veliki Crljeni!!! <\/b>We bought goods for forty women, thirty children and twenty-six men from Veliki Crljeni.\u00a0<a href=\"http:\/\/rwfund.us9.list-manage.com\/track\/click?u=45fc29a6af3153f08b7929d17&amp;id=fe80783bbb&amp;e=ca93659103\"><b>At this link you can see a short movie made by BeFem collaborators Sanja Seli\u0161kar and Nada Kosti\u0107.<\/b><\/a><\/p>\n<p><b>SISTERS ARE DOING IT BEST 2 <\/b>raised the question of housing, a roof above one\u2019s head. The floods in Serbia left people in many places without their homes, houses where they could get back, and some people lost their documents due to fast evacuation, while some internally displaced persons did not have documents in the first place. Therefore, it was important to discuss this topic and the ways to help. In the atmosphere of hospitality in caf\u00e9 Ljuti\u0107, with great panelists <b>Jovana Vukovi\u0107, Du\u0161ica Parezanovi\u0107, Violeta \u0110ikanovi\u0107, Iva \u010cuki\u0107<\/b>, and wonderful DJs <b>Sisters Engineers we succeeded to raise 30.000,oo dinars for the Kara\u0111or\u0111evo settlement in Smederevska Palanka!!!<\/b> For people in Kara\u0111or\u0111evo we bought a stove, food and household chemicals, and the goods were directly distributed by Violeta \u0110ikanovi\u0107 from Women in Black who was all the time in contact with the families from this settlement. <a href=\"http:\/\/rwfund.us9.list-manage.com\/track\/click?u=45fc29a6af3153f08b7929d17&amp;id=6ef1bad9ca&amp;e=ca93659103\"><b>At this link you can see a short movie by Nada Pleskonji\u0107.<\/b><\/a><\/p>\n<p><i>The right to housing is one of the fundamental human rights that requires full and unequivocal affirmation, especially today, in the time of general erosion of social rights that reduces this right to one of the needs that individuals are supposed to fulfill by themselves through market relations. Many people are falling victims of violations of this right, but the most dramatic cases in Serbia have happened in informal Roma settlements that do not meet the criteria of acceptable housing, and forced evictions of inhabitants of these settlements have often most severely violated this right. The floods that struck Serbia and Balkans in May this year exposed all the difficulties in reaching this right, especially for Roma who are treated differently than majority population (in providing temporary places to stay and by lack of appreciation of specific housing needs of Roma in regions that were not affected by floods, etc).<\/i><\/p>\n<p>Jovana Vukovi\u0107<br \/>\nRegional Centre for Minorities<\/p>\n<p><strong>More\u00a0information and photographs from our actions can be found\u00a0at our\u00a0<span style=\"color: #ff6666;\"><a href=\"http:\/\/rwfund.us9.list-manage.com\/track\/click?u=45fc29a6af3153f08b7929d17&amp;id=ec3e0e55d4&amp;e=ca93659103\">Facebook page<\/a>.<\/span><\/strong><\/p>\n<hr \/>\n<p><a href=\"https:\/\/www.rwfund.org\/eng\/category\/sisters-are-doing-it-best\/\"><img loading=\"lazy\" decoding=\"async\" class=\"alignnone size-full wp-image-1175\" src=\"https:\/\/www.rwfund.org\/eng\/wp-content\/uploads\/sites\/2\/2015\/01\/banner-Sisters-Are-Doing-It-Best-Actions.jpg\" alt=\"banner Sisters Are Doing It Best Actions\" width=\"1180\" height=\"126\" srcset=\"https:\/\/www.rwfund.org\/eng\/wp-content\/uploads\/sites\/2\/2015\/01\/banner-Sisters-Are-Doing-It-Best-Actions.jpg 1180w, https:\/\/www.rwfund.org\/eng\/wp-content\/uploads\/sites\/2\/2015\/01\/banner-Sisters-Are-Doing-It-Best-Actions-300x32.jpg 300w, https:\/\/www.rwfund.org\/eng\/wp-content\/uploads\/sites\/2\/2015\/01\/banner-Sisters-Are-Doing-It-Best-Actions-1024x109.jpg 1024w, https:\/\/www.rwfund.org\/eng\/wp-content\/uploads\/sites\/2\/2015\/01\/banner-Sisters-Are-Doing-It-Best-Actions-768x82.jpg 768w\" sizes=\"auto, (max-width: 1180px) 100vw, 1180px\" \/><\/a><\/p>\n<hr \/>\n<p><strong>THE EXPANDING CIRCLE \u2013 GIVE A LITTLE, CHANGE A LOT!<\/strong><\/p>\n<p>Reconstruction Women&#8217;s Fund goes on with the campaigns and promotion of local philanthropy. We encourage our friends to consider investing into the future of women, women\u2019s groups and the only women\u2019s foundation in Serbia.<\/p>\n<p>From 2013 to 2014 we had a chance to see which methods are the best and make people feel most pleasant and somehow safe when investing their money in some action or activity. We opened our ears for learning, windows for questions, and doors for discussions.<\/p>\n<p>Our experience with the circle of giving or the circle of friends is a method that individually motivates first people from our closest environment and then expands, motivating the expanding circle of people to invest into something familiar, where they can see their money bringing changes. We are grateful to our friends who invest in the work of RWF, thus contributing to raising money for the activities of women`s groups. We hope the circle will keep expanding and our friends will start organizing events themselves, without us, and inform people of the importance of investments into women, women`s human rights and women`s movement in Serbia.<\/p>\n<hr \/>\n<p>During the floods that struck Serbia, RWF was in the field, mapping needs, distributing help, communicating with people. It is important that we were not alone \u2013 this disaster brought out a high level of awareness that we couldn\u2019t do without each other!<\/p>\n<p>The first action <strong>Sisters Are Doing It Best<\/strong> we did in partnership with <strong>BeFem<\/strong>, a feminist cultural centre, and during the evening dedicated to solidarity and friendship in a great and friendly atmosphere of October Community Centre (<a href=\"https:\/\/www.facebook.com\/zadruga.oktobar\">Zadruga Oktobar<\/a>), with wonderful panelists \u2013 <a href=\"https:\/\/www.facebook.com\/carna.radoicic\">\u010carna Radoi\u010di\u0107<\/a>, <a href=\"https:\/\/www.facebook.com\/creative.dyslexics\">Marija Ratkovi\u0107<\/a>, <a href=\"https:\/\/www.facebook.com\/nada.djurickovic\">Nada \u0110uri\u010dkovi<\/a>\u0107\u2013 and wonderful DJs \u2013 Women&#8217;s Studies Center, ACT Women, Women In Black, Autonomous Women&#8217;s Center (<a href=\"https:\/\/www.facebook.com\/pages\/Centar-za-%C5%BEenske-studije\/177303942317898\">Centar za \u017eenske studije<\/a>, <a href=\"https:\/\/www.facebook.com\/pages\/ACT-Women\/157191677679969\">ACT Women<\/a>, <a href=\"https:\/\/www.facebook.com\/womeninblackserbia\">\u017dene U Crnom ,<\/a> <a href=\"https:\/\/www.facebook.com\/pages\/Autonomni-%C5%BEenski-centar\/224122800984571\">Autonomni \u017eenski centar<\/a>) \u2013 we raised <strong>24.111,oo dinars for Veliki Crljeni!!! <\/strong>We bought goods for forty women, thirty children and twenty-six men from Veliki Crljeni.<\/p>\n<p><strong>SISTERS ARE DOING IT BEST 2 <\/strong>raised the question of housing, a roof above one\u2019s head.The floods in Serbia left people in many places without their homes, houses where they could get back, and some people lost their documents due to fast evacuation, while some internally displaced persons did not have documents in the first place. Therefore, it was important to discuss this topic and the ways to help. In the atmosphere of hospitality in caf\u00e9 Ljuti\u0107, with great panelists <strong>Jovana Vukovi\u0107, Du\u0161ica Parezanovi\u0107, Violeta \u0110ikanovi\u0107, Iva \u010cuki\u0107<\/strong>, and wonderful DJs <strong>Sisters Engineers we succeeded to raise 30.000,oo dinars for the Kara\u0111or\u0111evo settlement in Smederevska Palanka!!!<\/strong> For people in Kara\u0111or\u0111evo we bought a stove, food and household chemicals, and the goods were directly distributed by Violeta \u0110ikanovi\u0107 from Women in Black who was all the time in contact with the families from this settlement.<\/p>\n<p>Therefore, the action <strong>SISTERS ARE DOING IT BEST 3<\/strong> we intended directly to helping a woman who had a very hard life, survived violence and in the eve of the winter had no roof over her head. RWF invested into the roof, and money we raised bought her the door. Thanks to the joined action of our friends and their direct donations, life became a little easier for Milica Djordjevic from Mladenovac.<\/p>\n<p>It does not take a lot of money to donate, since it ain`t easy for anyone today, but a little changes a lot!<\/p>\n<p>Here are the links for the action, and we will go on in the next year, keep up with our work and invest into changes!<\/p>\n<hr \/>\n<p><strong><a href=\"https:\/\/www.youtube.com\/watch?v=tuCsU44uAp0\">SISTERS ARE DOING IT BEST 1<\/a> (a short movie made by BeFem associates Sanja Seliskar and Nada Kostic)<\/strong><\/p>\n<p><a href=\"https:\/\/www.youtube.com\/watch?v=E3j3qWaHhBI\"><strong>SISTERS ARE DOING IT BEST <\/strong><\/a><strong><a href=\"https:\/\/www.youtube.com\/watch?v=E3j3qWaHhBI\">2\u00a0<\/a><strong>(a short movie made by Nada Pleskonji\u0107)<\/strong>\u00a0<\/strong><\/p>\n<p><a href=\"https:\/\/www.youtube.com\/watch?v=s6YvNbWewlo\"><strong>SISTERS ARE DOING IT BEST <\/strong><\/a><strong><a href=\"https:\/\/www.youtube.com\/watch?v=s6YvNbWewlo\">3<\/a> (a short movie made by Nada Pleskonji\u0107)<\/strong><\/p>\n<hr \/>\n<p>All the information about our actions and more photos\u00a0can be found\u00a0at <a href=\"https:\/\/www.facebook.com\/rwfund?ref=hl\">our Facebook page<\/a>.<\/p>\n<h2>SOLIDARITY IS OUR POWER!<\/h2>\n<p>Join in the circuit of positive energy, donate for our programmes!!!<\/p>\n","protected":false},"excerpt":{"rendered":"<p>In 2014 we initiated the action SISTERS ARE DOING IT BEST. Goal of this action is to present women who have contributed and still contribute to pushing borders in our society. In the worst times, women show their strength and solidarity. Unfortunately, these important social actors are often being erased. The first action Sisters Are &#8230; <a title=\"Sisters Are Doing It Best\" class=\"read-more\" href=\"https:\/\/www.rwfund.org\/eng\/join-in-old\/sisters-are-doing-it-best\/\" aria-label=\"Read more about Sisters Are Doing It Best\">MORE<\/a><\/p>\n","protected":false},"author":1,"featured_media":0,"parent":17,"menu_order":0,"comment_status":"closed","ping_status":"closed","template":"","meta":{"_kad_blocks_custom_css":"","_kad_blocks_head_custom_js":"","_kad_blocks_body_custom_js":"","_kad_blocks_footer_custom_js":"","footnotes":""},"categories":[],"tags":[],"class_list":{"0":"post-352","1":"page","2":"type-page","3":"status-publish","5":"infinite-scroll-item","6":"no-featured-image-padding"},"yoast_head":"<!-- This site is optimized with the Yoast SEO plugin v27.4 - https:\/\/yoast.com\/product\/yoast-seo-wordpress\/ -->\n<title>Sisters Are Doing It Best - Reconstruction Women&#039;s Fund<\/title>\n<meta name=\"robots\" content=\"index, follow, max-snippet:-1, max-image-preview:large, max-video-preview:-1\" \/>\n<link rel=\"canonical\" href=\"https:\/\/www.rwfund.org\/eng\/join-in-old\/sisters-are-doing-it-best\/\" \/>\n<meta property=\"og:locale\" content=\"en_US\" \/>\n<meta property=\"og:type\" content=\"article\" \/>\n<meta property=\"og:title\" content=\"Sisters Are Doing It Best - Reconstruction Women&#039;s Fund\" \/>\n<meta property=\"og:description\" content=\"In 2014 we initiated the action SISTERS ARE DOING IT BEST. Goal of this action is to present women who have contributed and still contribute to pushing borders in our society. In the worst times, women show their strength and solidarity. Unfortunately, these important social actors are often being erased. The first action Sisters Are ... MORE\" \/>\n<meta property=\"og:url\" content=\"https:\/\/www.rwfund.org\/eng\/join-in-old\/sisters-are-doing-it-best\/\" \/>\n<meta property=\"og:site_name\" content=\"Reconstruction Women&#039;s Fund\" \/>\n<meta property=\"article:modified_time\" content=\"2015-06-15T14:30:24+00:00\" \/>\n<meta property=\"og:image\" content=\"https:\/\/www.rwfund.org\/eng\/wp-content\/uploads\/sites\/2\/2015\/01\/banner-Sisters-Are-Doing-It-Best-Actions.jpg\" \/>\n<meta name=\"twitter:card\" content=\"summary_large_image\" \/>\n<meta name=\"twitter:label1\" content=\"Est. reading time\" \/>\n\t<meta name=\"twitter:data1\" content=\"6 minutes\" \/>\n<script type=\"application\/ld+json\" class=\"yoast-schema-graph\">{\"@context\":\"https:\\\/\\\/schema.org\",\"@graph\":[{\"@type\":\"WebPage\",\"@id\":\"https:\\\/\\\/www.rwfund.org\\\/eng\\\/join-in-old\\\/sisters-are-doing-it-best\\\/\",\"url\":\"https:\\\/\\\/www.rwfund.org\\\/eng\\\/join-in-old\\\/sisters-are-doing-it-best\\\/\",\"name\":\"Sisters Are Doing It Best - Reconstruction Women&#039;s Fund\",\"isPartOf\":{\"@id\":\"https:\\\/\\\/www.rwfund.org\\\/eng\\\/#website\"},\"primaryImageOfPage\":{\"@id\":\"https:\\\/\\\/www.rwfund.org\\\/eng\\\/join-in-old\\\/sisters-are-doing-it-best\\\/#primaryimage\"},\"image\":{\"@id\":\"https:\\\/\\\/www.rwfund.org\\\/eng\\\/join-in-old\\\/sisters-are-doing-it-best\\\/#primaryimage\"},\"thumbnailUrl\":\"https:\\\/\\\/www.rwfund.org\\\/eng\\\/wp-content\\\/uploads\\\/sites\\\/2\\\/2015\\\/01\\\/banner-Sisters-Are-Doing-It-Best-Actions.jpg\",\"datePublished\":\"2015-01-22T11:32:26+00:00\",\"dateModified\":\"2015-06-15T14:30:24+00:00\",\"breadcrumb\":{\"@id\":\"https:\\\/\\\/www.rwfund.org\\\/eng\\\/join-in-old\\\/sisters-are-doing-it-best\\\/#breadcrumb\"},\"inLanguage\":\"en-US\",\"potentialAction\":[{\"@type\":\"ReadAction\",\"target\":[\"https:\\\/\\\/www.rwfund.org\\\/eng\\\/join-in-old\\\/sisters-are-doing-it-best\\\/\"]}]},{\"@type\":\"ImageObject\",\"inLanguage\":\"en-US\",\"@id\":\"https:\\\/\\\/www.rwfund.org\\\/eng\\\/join-in-old\\\/sisters-are-doing-it-best\\\/#primaryimage\",\"url\":\"https:\\\/\\\/www.rwfund.org\\\/eng\\\/wp-content\\\/uploads\\\/sites\\\/2\\\/2015\\\/01\\\/banner-Sisters-Are-Doing-It-Best-Actions.jpg\",\"contentUrl\":\"https:\\\/\\\/www.rwfund.org\\\/eng\\\/wp-content\\\/uploads\\\/sites\\\/2\\\/2015\\\/01\\\/banner-Sisters-Are-Doing-It-Best-Actions.jpg\",\"width\":1180,\"height\":126},{\"@type\":\"BreadcrumbList\",\"@id\":\"https:\\\/\\\/www.rwfund.org\\\/eng\\\/join-in-old\\\/sisters-are-doing-it-best\\\/#breadcrumb\",\"itemListElement\":[{\"@type\":\"ListItem\",\"position\":1,\"name\":\"Home\",\"item\":\"https:\\\/\\\/www.rwfund.org\\\/eng\\\/\"},{\"@type\":\"ListItem\",\"position\":2,\"name\":\"Get Involved-OLD\",\"item\":\"https:\\\/\\\/www.rwfund.org\\\/eng\\\/?page_id=17\"},{\"@type\":\"ListItem\",\"position\":3,\"name\":\"Sisters Are Doing It Best\"}]},{\"@type\":\"WebSite\",\"@id\":\"https:\\\/\\\/www.rwfund.org\\\/eng\\\/#website\",\"url\":\"https:\\\/\\\/www.rwfund.org\\\/eng\\\/\",\"name\":\"Reconstruction Women&#039;s Fund\",\"description\":\"Reconstruction Women&#039;s Fund\",\"publisher\":{\"@id\":\"https:\\\/\\\/www.rwfund.org\\\/eng\\\/#organization\"},\"potentialAction\":[{\"@type\":\"SearchAction\",\"target\":{\"@type\":\"EntryPoint\",\"urlTemplate\":\"https:\\\/\\\/www.rwfund.org\\\/eng\\\/?s={search_term_string}\"},\"query-input\":{\"@type\":\"PropertyValueSpecification\",\"valueRequired\":true,\"valueName\":\"search_term_string\"}}],\"inLanguage\":\"en-US\"},{\"@type\":\"Organization\",\"@id\":\"https:\\\/\\\/www.rwfund.org\\\/eng\\\/#organization\",\"name\":\"Reconstruction Women's Fund\",\"url\":\"https:\\\/\\\/www.rwfund.org\\\/eng\\\/\",\"logo\":{\"@type\":\"ImageObject\",\"inLanguage\":\"en-US\",\"@id\":\"https:\\\/\\\/www.rwfund.org\\\/eng\\\/#\\\/schema\\\/logo\\\/image\\\/\",\"url\":\"https:\\\/\\\/www.rwfund.org\\\/eng\\\/wp-content\\\/uploads\\\/sites\\\/2\\\/2021\\\/03\\\/LOGO-CROP_V1.svg\",\"contentUrl\":\"https:\\\/\\\/www.rwfund.org\\\/eng\\\/wp-content\\\/uploads\\\/sites\\\/2\\\/2021\\\/03\\\/LOGO-CROP_V1.svg\",\"width\":420,\"height\":640,\"caption\":\"Reconstruction Women's Fund\"},\"image\":{\"@id\":\"https:\\\/\\\/www.rwfund.org\\\/eng\\\/#\\\/schema\\\/logo\\\/image\\\/\"}}]}<\/script>\n<!-- \/ Yoast SEO plugin. -->","yoast_head_json":{"title":"Sisters Are Doing It Best - Reconstruction Women&#039;s Fund","robots":{"index":"index","follow":"follow","max-snippet":"max-snippet:-1","max-image-preview":"max-image-preview:large","max-video-preview":"max-video-preview:-1"},"canonical":"https:\/\/www.rwfund.org\/eng\/join-in-old\/sisters-are-doing-it-best\/","og_locale":"en_US","og_type":"article","og_title":"Sisters Are Doing It Best - Reconstruction Women&#039;s Fund","og_description":"In 2014 we initiated the action SISTERS ARE DOING IT BEST. Goal of this action is to present women who have contributed and still contribute to pushing borders in our society. In the worst times, women show their strength and solidarity. Unfortunately, these important social actors are often being erased. The first action Sisters Are ... MORE","og_url":"https:\/\/www.rwfund.org\/eng\/join-in-old\/sisters-are-doing-it-best\/","og_site_name":"Reconstruction Women&#039;s Fund","article_modified_time":"2015-06-15T14:30:24+00:00","og_image":[{"url":"https:\/\/www.rwfund.org\/eng\/wp-content\/uploads\/sites\/2\/2015\/01\/banner-Sisters-Are-Doing-It-Best-Actions.jpg","type":"","width":"","height":""}],"twitter_card":"summary_large_image","twitter_misc":{"Est. reading time":"6 minutes"},"schema":{"@context":"https:\/\/schema.org","@graph":[{"@type":"WebPage","@id":"https:\/\/www.rwfund.org\/eng\/join-in-old\/sisters-are-doing-it-best\/","url":"https:\/\/www.rwfund.org\/eng\/join-in-old\/sisters-are-doing-it-best\/","name":"Sisters Are Doing It Best - Reconstruction Women&#039;s Fund","isPartOf":{"@id":"https:\/\/www.rwfund.org\/eng\/#website"},"primaryImageOfPage":{"@id":"https:\/\/www.rwfund.org\/eng\/join-in-old\/sisters-are-doing-it-best\/#primaryimage"},"image":{"@id":"https:\/\/www.rwfund.org\/eng\/join-in-old\/sisters-are-doing-it-best\/#primaryimage"},"thumbnailUrl":"https:\/\/www.rwfund.org\/eng\/wp-content\/uploads\/sites\/2\/2015\/01\/banner-Sisters-Are-Doing-It-Best-Actions.jpg","datePublished":"2015-01-22T11:32:26+00:00","dateModified":"2015-06-15T14:30:24+00:00","breadcrumb":{"@id":"https:\/\/www.rwfund.org\/eng\/join-in-old\/sisters-are-doing-it-best\/#breadcrumb"},"inLanguage":"en-US","potentialAction":[{"@type":"ReadAction","target":["https:\/\/www.rwfund.org\/eng\/join-in-old\/sisters-are-doing-it-best\/"]}]},{"@type":"ImageObject","inLanguage":"en-US","@id":"https:\/\/www.rwfund.org\/eng\/join-in-old\/sisters-are-doing-it-best\/#primaryimage","url":"https:\/\/www.rwfund.org\/eng\/wp-content\/uploads\/sites\/2\/2015\/01\/banner-Sisters-Are-Doing-It-Best-Actions.jpg","contentUrl":"https:\/\/www.rwfund.org\/eng\/wp-content\/uploads\/sites\/2\/2015\/01\/banner-Sisters-Are-Doing-It-Best-Actions.jpg","width":1180,"height":126},{"@type":"BreadcrumbList","@id":"https:\/\/www.rwfund.org\/eng\/join-in-old\/sisters-are-doing-it-best\/#breadcrumb","itemListElement":[{"@type":"ListItem","position":1,"name":"Home","item":"https:\/\/www.rwfund.org\/eng\/"},{"@type":"ListItem","position":2,"name":"Get Involved-OLD","item":"https:\/\/www.rwfund.org\/eng\/?page_id=17"},{"@type":"ListItem","position":3,"name":"Sisters Are Doing It Best"}]},{"@type":"WebSite","@id":"https:\/\/www.rwfund.org\/eng\/#website","url":"https:\/\/www.rwfund.org\/eng\/","name":"Reconstruction Women&#039;s Fund","description":"Reconstruction Women&#039;s Fund","publisher":{"@id":"https:\/\/www.rwfund.org\/eng\/#organization"},"potentialAction":[{"@type":"SearchAction","target":{"@type":"EntryPoint","urlTemplate":"https:\/\/www.rwfund.org\/eng\/?s={search_term_string}"},"query-input":{"@type":"PropertyValueSpecification","valueRequired":true,"valueName":"search_term_string"}}],"inLanguage":"en-US"},{"@type":"Organization","@id":"https:\/\/www.rwfund.org\/eng\/#organization","name":"Reconstruction Women's Fund","url":"https:\/\/www.rwfund.org\/eng\/","logo":{"@type":"ImageObject","inLanguage":"en-US","@id":"https:\/\/www.rwfund.org\/eng\/#\/schema\/logo\/image\/","url":"https:\/\/www.rwfund.org\/eng\/wp-content\/uploads\/sites\/2\/2021\/03\/LOGO-CROP_V1.svg","contentUrl":"https:\/\/www.rwfund.org\/eng\/wp-content\/uploads\/sites\/2\/2021\/03\/LOGO-CROP_V1.svg","width":420,"height":640,"caption":"Reconstruction Women's Fund"},"image":{"@id":"https:\/\/www.rwfund.org\/eng\/#\/schema\/logo\/image\/"}}]}},"taxonomy_info":[],"featured_image_src_large":false,"author_info":{"display_name":"Vlidi","author_link":"https:\/\/www.rwfund.org\/eng\/author\/testadmin\/"},"comment_info":0,"_links":{"self":[{"href":"https:\/\/www.rwfund.org\/eng\/wp-json\/wp\/v2\/pages\/352","targetHints":{"allow":["GET"]}}],"collection":[{"href":"https:\/\/www.rwfund.org\/eng\/wp-json\/wp\/v2\/pages"}],"about":[{"href":"https:\/\/www.rwfund.org\/eng\/wp-json\/wp\/v2\/types\/page"}],"author":[{"embeddable":true,"href":"https:\/\/www.rwfund.org\/eng\/wp-json\/wp\/v2\/users\/1"}],"replies":[{"embeddable":true,"href":"https:\/\/www.rwfund.org\/eng\/wp-json\/wp\/v2\/comments?post=352"}],"version-history":[{"count":16,"href":"https:\/\/www.rwfund.org\/eng\/wp-json\/wp\/v2\/pages\/352\/revisions"}],"predecessor-version":[{"id":1769,"href":"https:\/\/www.rwfund.org\/eng\/wp-json\/wp\/v2\/pages\/352\/revisions\/1769"}],"up":[{"embeddable":true,"href":"https:\/\/www.rwfund.org\/eng\/wp-json\/wp\/v2\/pages\/17"}],"wp:attachment":[{"href":"https:\/\/www.rwfund.org\/eng\/wp-json\/wp\/v2\/media?parent=352"}],"wp:term":[{"taxonomy":"category","embeddable":true,"href":"https:\/\/www.rwfund.org\/eng\/wp-json\/wp\/v2\/categories?post=352"},{"taxonomy":"post_tag","embeddable":true,"href":"https:\/\/www.rwfund.org\/eng\/wp-json\/wp\/v2\/tags?post=352"}],"curies":[{"name":"wp","href":"https:\/\/api.w.org\/{rel}","templated":true}]}}