{"id":56,"date":"2014-09-18T01:59:44","date_gmt":"2014-09-17T23:59:44","guid":{"rendered":"https:\/\/www.rwfund.org\/eng\/?page_id=56"},"modified":"2025-10-07T13:33:46","modified_gmt":"2025-10-07T11:33:46","slug":"managing-board","status":"publish","type":"page","link":"https:\/\/www.rwfund.org\/eng\/about-us\/managing-board\/","title":{"rendered":"Managing Board"},"content":{"rendered":"\n<hr class=\"wp-block-separator has-css-opacity\"\/>\n\n\n\n<p class=\"entry-content has-rred-color has-text-color\"><span style=\"color: #ff0000;\"><strong><em>Reconstruction Women&#8217;s Fund&nbsp;\u2013 Managing Board:<\/em><\/strong><\/span><br><em><strong>Olga Manojlovi\u0107 Pintar<\/strong>, historian, president of the Managing Board<br><strong>Du\u0161ica Parezanovi\u0107<\/strong>, cultural worker<br><strong>Mirjana Mirosavljevi\u0107 Bobi\u0107<\/strong>, journalist, activist, co-founder of RWF, philanthropy worker<br><strong>Jovana \u0110or\u0111evi\u0107<\/strong>, activist, philanthropy worker<\/em><\/p>\n\n\n\n<hr class=\"wp-block-separator has-css-opacity\"\/>\n","protected":false},"excerpt":{"rendered":"<p>Reconstruction Women&#8217;s Fund&nbsp;\u2013 Managing Board:Olga Manojlovi\u0107 Pintar, historian, president of the Managing BoardDu\u0161ica Parezanovi\u0107, cultural workerMirjana Mirosavljevi\u0107 Bobi\u0107, journalist, activist, co-founder of RWF, philanthropy workerJovana \u0110or\u0111evi\u0107, activist, philanthropy worker<\/p>\n","protected":false},"author":1,"featured_media":0,"parent":14212,"menu_order":1,"comment_status":"closed","ping_status":"closed","template":"","meta":{"_kad_blocks_custom_css":"","_kad_blocks_head_custom_js":"","_kad_blocks_body_custom_js":"","_kad_blocks_footer_custom_js":"","footnotes":""},"categories":[],"tags":[],"class_list":{"0":"post-56","1":"page","2":"type-page","3":"status-publish","5":"infinite-scroll-item","6":"no-featured-image-padding"},"yoast_head":"<!-- This site is optimized with the Yoast SEO plugin v27.4 - https:\/\/yoast.com\/product\/yoast-seo-wordpress\/ -->\n<title>Managing Board - Reconstruction Women&#039;s Fund<\/title>\n<meta name=\"robots\" content=\"index, follow, max-snippet:-1, max-image-preview:large, max-video-preview:-1\" \/>\n<link rel=\"canonical\" href=\"https:\/\/www.rwfund.org\/eng\/about-us\/managing-board\/\" \/>\n<meta property=\"og:locale\" content=\"en_US\" \/>\n<meta property=\"og:type\" content=\"article\" \/>\n<meta property=\"og:title\" content=\"Managing Board - Reconstruction Women&#039;s Fund\" \/>\n<meta property=\"og:description\" content=\"Reconstruction Women&#8217;s Fund&nbsp;\u2013 Managing Board:Olga Manojlovi\u0107 Pintar, historian, president of the Managing BoardDu\u0161ica Parezanovi\u0107, cultural workerMirjana Mirosavljevi\u0107 Bobi\u0107, journalist, activist, co-founder of RWF, philanthropy workerJovana \u0110or\u0111evi\u0107, activist, philanthropy worker\" \/>\n<meta property=\"og:url\" content=\"https:\/\/www.rwfund.org\/eng\/about-us\/managing-board\/\" \/>\n<meta property=\"og:site_name\" content=\"Reconstruction Women&#039;s Fund\" \/>\n<meta property=\"article:modified_time\" content=\"2025-10-07T11:33:46+00:00\" \/>\n<meta name=\"twitter:card\" content=\"summary_large_image\" \/>\n<meta name=\"twitter:label1\" content=\"Est. reading time\" \/>\n\t<meta name=\"twitter:data1\" content=\"1 minute\" \/>\n<script type=\"application\/ld+json\" class=\"yoast-schema-graph\">{\"@context\":\"https:\\\/\\\/schema.org\",\"@graph\":[{\"@type\":\"WebPage\",\"@id\":\"https:\\\/\\\/www.rwfund.org\\\/eng\\\/about-us\\\/managing-board\\\/\",\"url\":\"https:\\\/\\\/www.rwfund.org\\\/eng\\\/about-us\\\/managing-board\\\/\",\"name\":\"Managing Board - Reconstruction Women&#039;s Fund\",\"isPartOf\":{\"@id\":\"https:\\\/\\\/www.rwfund.org\\\/eng\\\/#website\"},\"datePublished\":\"2014-09-17T23:59:44+00:00\",\"dateModified\":\"2025-10-07T11:33:46+00:00\",\"breadcrumb\":{\"@id\":\"https:\\\/\\\/www.rwfund.org\\\/eng\\\/about-us\\\/managing-board\\\/#breadcrumb\"},\"inLanguage\":\"en-US\",\"potentialAction\":[{\"@type\":\"ReadAction\",\"target\":[\"https:\\\/\\\/www.rwfund.org\\\/eng\\\/about-us\\\/managing-board\\\/\"]}]},{\"@type\":\"BreadcrumbList\",\"@id\":\"https:\\\/\\\/www.rwfund.org\\\/eng\\\/about-us\\\/managing-board\\\/#breadcrumb\",\"itemListElement\":[{\"@type\":\"ListItem\",\"position\":1,\"name\":\"Home\",\"item\":\"https:\\\/\\\/www.rwfund.org\\\/eng\\\/\"},{\"@type\":\"ListItem\",\"position\":2,\"name\":\"About Us\",\"item\":\"https:\\\/\\\/www.rwfund.org\\\/eng\\\/about-us\\\/\"},{\"@type\":\"ListItem\",\"position\":3,\"name\":\"Managing Board\"}]},{\"@type\":\"WebSite\",\"@id\":\"https:\\\/\\\/www.rwfund.org\\\/eng\\\/#website\",\"url\":\"https:\\\/\\\/www.rwfund.org\\\/eng\\\/\",\"name\":\"Reconstruction Women&#039;s Fund\",\"description\":\"Reconstruction Women&#039;s Fund\",\"publisher\":{\"@id\":\"https:\\\/\\\/www.rwfund.org\\\/eng\\\/#organization\"},\"potentialAction\":[{\"@type\":\"SearchAction\",\"target\":{\"@type\":\"EntryPoint\",\"urlTemplate\":\"https:\\\/\\\/www.rwfund.org\\\/eng\\\/?s={search_term_string}\"},\"query-input\":{\"@type\":\"PropertyValueSpecification\",\"valueRequired\":true,\"valueName\":\"search_term_string\"}}],\"inLanguage\":\"en-US\"},{\"@type\":\"Organization\",\"@id\":\"https:\\\/\\\/www.rwfund.org\\\/eng\\\/#organization\",\"name\":\"Reconstruction Women's Fund\",\"url\":\"https:\\\/\\\/www.rwfund.org\\\/eng\\\/\",\"logo\":{\"@type\":\"ImageObject\",\"inLanguage\":\"en-US\",\"@id\":\"https:\\\/\\\/www.rwfund.org\\\/eng\\\/#\\\/schema\\\/logo\\\/image\\\/\",\"url\":\"https:\\\/\\\/www.rwfund.org\\\/eng\\\/wp-content\\\/uploads\\\/sites\\\/2\\\/2021\\\/03\\\/LOGO-CROP_V1.svg\",\"contentUrl\":\"https:\\\/\\\/www.rwfund.org\\\/eng\\\/wp-content\\\/uploads\\\/sites\\\/2\\\/2021\\\/03\\\/LOGO-CROP_V1.svg\",\"width\":420,\"height\":640,\"caption\":\"Reconstruction Women's Fund\"},\"image\":{\"@id\":\"https:\\\/\\\/www.rwfund.org\\\/eng\\\/#\\\/schema\\\/logo\\\/image\\\/\"}}]}<\/script>\n<!-- \/ Yoast SEO plugin. -->","yoast_head_json":{"title":"Managing Board - Reconstruction Women&#039;s Fund","robots":{"index":"index","follow":"follow","max-snippet":"max-snippet:-1","max-image-preview":"max-image-preview:large","max-video-preview":"max-video-preview:-1"},"canonical":"https:\/\/www.rwfund.org\/eng\/about-us\/managing-board\/","og_locale":"en_US","og_type":"article","og_title":"Managing Board - Reconstruction Women&#039;s Fund","og_description":"Reconstruction Women&#8217;s Fund&nbsp;\u2013 Managing Board:Olga Manojlovi\u0107 Pintar, historian, president of the Managing BoardDu\u0161ica Parezanovi\u0107, cultural workerMirjana Mirosavljevi\u0107 Bobi\u0107, journalist, activist, co-founder of RWF, philanthropy workerJovana \u0110or\u0111evi\u0107, activist, philanthropy worker","og_url":"https:\/\/www.rwfund.org\/eng\/about-us\/managing-board\/","og_site_name":"Reconstruction Women&#039;s Fund","article_modified_time":"2025-10-07T11:33:46+00:00","twitter_card":"summary_large_image","twitter_misc":{"Est. reading time":"1 minute"},"schema":{"@context":"https:\/\/schema.org","@graph":[{"@type":"WebPage","@id":"https:\/\/www.rwfund.org\/eng\/about-us\/managing-board\/","url":"https:\/\/www.rwfund.org\/eng\/about-us\/managing-board\/","name":"Managing Board - Reconstruction Women&#039;s Fund","isPartOf":{"@id":"https:\/\/www.rwfund.org\/eng\/#website"},"datePublished":"2014-09-17T23:59:44+00:00","dateModified":"2025-10-07T11:33:46+00:00","breadcrumb":{"@id":"https:\/\/www.rwfund.org\/eng\/about-us\/managing-board\/#breadcrumb"},"inLanguage":"en-US","potentialAction":[{"@type":"ReadAction","target":["https:\/\/www.rwfund.org\/eng\/about-us\/managing-board\/"]}]},{"@type":"BreadcrumbList","@id":"https:\/\/www.rwfund.org\/eng\/about-us\/managing-board\/#breadcrumb","itemListElement":[{"@type":"ListItem","position":1,"name":"Home","item":"https:\/\/www.rwfund.org\/eng\/"},{"@type":"ListItem","position":2,"name":"About Us","item":"https:\/\/www.rwfund.org\/eng\/about-us\/"},{"@type":"ListItem","position":3,"name":"Managing Board"}]},{"@type":"WebSite","@id":"https:\/\/www.rwfund.org\/eng\/#website","url":"https:\/\/www.rwfund.org\/eng\/","name":"Reconstruction Women&#039;s Fund","description":"Reconstruction Women&#039;s Fund","publisher":{"@id":"https:\/\/www.rwfund.org\/eng\/#organization"},"potentialAction":[{"@type":"SearchAction","target":{"@type":"EntryPoint","urlTemplate":"https:\/\/www.rwfund.org\/eng\/?s={search_term_string}"},"query-input":{"@type":"PropertyValueSpecification","valueRequired":true,"valueName":"search_term_string"}}],"inLanguage":"en-US"},{"@type":"Organization","@id":"https:\/\/www.rwfund.org\/eng\/#organization","name":"Reconstruction Women's Fund","url":"https:\/\/www.rwfund.org\/eng\/","logo":{"@type":"ImageObject","inLanguage":"en-US","@id":"https:\/\/www.rwfund.org\/eng\/#\/schema\/logo\/image\/","url":"https:\/\/www.rwfund.org\/eng\/wp-content\/uploads\/sites\/2\/2021\/03\/LOGO-CROP_V1.svg","contentUrl":"https:\/\/www.rwfund.org\/eng\/wp-content\/uploads\/sites\/2\/2021\/03\/LOGO-CROP_V1.svg","width":420,"height":640,"caption":"Reconstruction Women's Fund"},"image":{"@id":"https:\/\/www.rwfund.org\/eng\/#\/schema\/logo\/image\/"}}]}},"taxonomy_info":[],"featured_image_src_large":false,"author_info":{"display_name":"Vlidi","author_link":"https:\/\/www.rwfund.org\/eng\/author\/testadmin\/"},"comment_info":0,"_links":{"self":[{"href":"https:\/\/www.rwfund.org\/eng\/wp-json\/wp\/v2\/pages\/56","targetHints":{"allow":["GET"]}}],"collection":[{"href":"https:\/\/www.rwfund.org\/eng\/wp-json\/wp\/v2\/pages"}],"about":[{"href":"https:\/\/www.rwfund.org\/eng\/wp-json\/wp\/v2\/types\/page"}],"author":[{"embeddable":true,"href":"https:\/\/www.rwfund.org\/eng\/wp-json\/wp\/v2\/users\/1"}],"replies":[{"embeddable":true,"href":"https:\/\/www.rwfund.org\/eng\/wp-json\/wp\/v2\/comments?post=56"}],"version-history":[{"count":19,"href":"https:\/\/www.rwfund.org\/eng\/wp-json\/wp\/v2\/pages\/56\/revisions"}],"predecessor-version":[{"id":16656,"href":"https:\/\/www.rwfund.org\/eng\/wp-json\/wp\/v2\/pages\/56\/revisions\/16656"}],"up":[{"embeddable":true,"href":"https:\/\/www.rwfund.org\/eng\/wp-json\/wp\/v2\/pages\/14212"}],"wp:attachment":[{"href":"https:\/\/www.rwfund.org\/eng\/wp-json\/wp\/v2\/media?parent=56"}],"wp:term":[{"taxonomy":"category","embeddable":true,"href":"https:\/\/www.rwfund.org\/eng\/wp-json\/wp\/v2\/categories?post=56"},{"taxonomy":"post_tag","embeddable":true,"href":"https:\/\/www.rwfund.org\/eng\/wp-json\/wp\/v2\/tags?post=56"}],"curies":[{"name":"wp","href":"https:\/\/api.w.org\/{rel}","templated":true}]}}