{"id":62,"date":"2014-09-18T02:04:08","date_gmt":"2014-09-18T00:04:08","guid":{"rendered":"https:\/\/www.rwfund.org\/eng\/?page_id=62"},"modified":"2023-02-28T20:48:28","modified_gmt":"2023-02-28T18:48:28","slug":"individual-support","status":"publish","type":"page","link":"https:\/\/www.rwfund.org\/eng\/about-us\/friends-and-support\/individual-support\/","title":{"rendered":"Individual Support"},"content":{"rendered":"\n<hr class=\"wp-block-separator has-css-opacity\"\/>\n\n\n\n<h2 class=\"wp-block-heading\"><a href=\"https:\/\/www.rwfund.org\/eng\/2022-2\/\">2022<\/a><\/h2>\n\n\n\n<p>Paola Petri\u0107, Slavica Stojanovi\u0107, Ivana \u017dani\u0107, Hana Kuku\u010dka, Jarmila Maksimovi\u0107, Dragana Koji\u010di\u0107, Tamara Maksimovi\u0107, Savetovali\u0161te Jefimija, U\u017eice, Sne\u017eana Jakovljevi\u0107, Tanja Bjelanovi\u0107, Incest Trauma Centar, Beograd, Milica Naumov, Aleksandra Ra\u0161i\u0107, Ljiljana Marinkovi\u0107, Lepa Mla\u0111enovi\u0107, Rozi Brajdotti, Slavica Simi\u0107, Djordje Bruji\u0107, Anais Vanden Eijnden, Lilia Vanden Eijnden, Jelena Stefanovi\u0107, Ivana An\u0111elkovi\u0107, Zoran \u0110uri\u0107, Svetlana Gavrilovi\u0107, Branislav Jakovljevi\u0107, Branka Pavlovi\u0107, Minja Bogavac, Miriana Tomi\u0107, Ivana Smiljani\u0107, Vajka An\u0111elkovi\u0107, Marija Jakovljevi\u0107, Merima Omeragi\u0107 and Francesca Fornari, Ma\u0161a Radonji\u0107, Aleksandra Bajzetov, Beopolis bookstore, Belgrade, Cultural center Oktobar, Belgrade, eight<span style=\"color: #222222;\"> anonymous donations<\/span><\/p>\n\n\n\n<h2 class=\"wp-block-heading\"><a href=\"https:\/\/www.rwfund.org\/eng\/2021-3\">2021<\/a><\/h2>\n\n\n\n<p>Paola Petri\u0107, Ivana \u017dani\u0107, Slavica Stojanovi\u0107, Vajka An\u0111elkovi\u0107, Gordana Suboti\u0107, Tanja Bjelanovi\u0107, Sara Lup\u0161or, Danijela Mamu\u017ei\u0107, Milena Dragi\u010devi\u0107 \u0160e\u0161i\u0107, Nata\u0161a Kova\u010devi\u0107, Ivana Smiljani\u0107, Jovana \u017dujevi\u0107, Jelena Todorovi\u0107, Tanja Ignjatovi\u0107, Slavi\u0161a Rakovi\u0107, Sne\u017eana Jakoviljevi\u0107, Milan Adna\u0111, Ivana Jak\u0161i\u0107, Svetlana Gavrilovi\u0107, Maja Fiket, Mia Vukovi\u0107, Jelena Todorovi\u0107, Zoran \u0110uri\u0107, Milica Turni\u0107, Wendy Richardson, Rosi Braidotti, Zoran \u0110uri\u0107, Centre for Public History, U\u017eice Women&#8217;s Center<\/p>\n\n\n\n<h2 class=\"wp-block-heading\"><a title=\"2020\" href=\"https:\/\/www.rwfund.org\/eng\/2020-2\/\">2020<\/a><\/h2>\n\n\n\n<p>Svetlana \u0160ari\u0107, Ivana Gorunovi\u0107, Lepa Mla\u0111enovi\u0107, Vajka An\u0111elkovi\u0107, Paola Petri\u0107, Slavica Stojanovi\u0107, Ivana \u017dani\u0107, Smiljana Milinkov, Radmila Gujani\u010di\u0107, Mirjana Mirosavljevi\u0107 Bobi\u0107, Natalija Simovi\u0107, Roma Women\u2019s Association &#8220;Nada&#8221; Aleksinac, Breast Cancer Centre &#8220;Jefimija&#8221; U\u017eice,&nbsp;<span style=\"color: #222222;\">two anonymous donations<\/span><\/p>\n\n\n\n<h2 class=\"wp-block-heading\"><a title=\"2019\" href=\"https:\/\/www.rwfund.org\/eng\/2019-3\/\">2019<\/a><\/h2>\n\n\n\n<p>Ivana \u017dani\u0107, Da\u0161a Duha\u010dek, Paola Petri\u0107, Slavica Stojanovi\u0107, Vajka An\u0111elkovi\u0107, Mirjana Mirosavljevi\u0107, Milica Mira\u017ei\u0107, Iva Para\u0111anin, Melanija Lojpur, Silvia Dra\u017ei\u0107, DAH teatar, Slavica Simi\u0107, Ivana Gorunovi\u0107, Sne\u017eana Daskalovi\u0107, Svetlana \u0160ari\u0107, Nikoleta Kosovac, Jenny Hodgson, Svetlana Gavrilovi\u0107, Aleksandar Raki\u0107, Marija Raki\u0107, Marija Milo\u0161evi\u0107, Milica Turni\u0107, Malina Stanojevi\u0107, Sanja Pavlovi\u0107, Radmila Gujani\u010di\u0107, cafe Ljubimac, Zdru\u017eenska (Macedonia), Sisters Are Doing It Best 16 and 17 (donation box), Joyfulness Craziness (donation box), anonymous donations<\/p>\n\n\n\n<h2 class=\"wp-block-heading\"><a title=\"2018\" href=\"https:\/\/www.rwfund.org\/eng\/2018-3\/\">2018<\/a><\/h2>\n\n\n\n<p>Aleksandra Vesi\u0107, Da\u0161a Duha\u010dek, Jelisaveta Blagojevi\u0107, Jovana Vukovi\u0107, \u201dKafe Ljuti\u0107\u201d, Marina Vignjevi\u0107, Paola Petri\u0107, \u201cRadost Ludost\u201d (donatorska kutija), \u201cSestre to rade najbolje\u201d 14, 15 (donatorska kutija), Slavica Stojanovi\u0107, Vajka An\u0111elkovi\u0107, Melanija Lojpur, Katarina Beljin, Miljanka Arsenov, Marta Drury, Uli\u010dna galerija,&nbsp;Advokatska kancelarija Trifunovi\u0107 &amp;Cvetkovi\u0107, Zadruga Oktobar, Kafe knji\u017eara Nubla, Klub Ljubimac, Zoe Gudovi\u0107<\/p>\n\n\n\n<h2 class=\"wp-block-heading\"><a title=\"2017\" href=\"https:\/\/www.rwfund.org\/eng\/2017-3\/\">2017<\/a><\/h2>\n\n\n\n<p class=\"has-text-align-left\">Aleksandra Vesi\u0107, Da\u0161a Duha\u010dek, \u201cDelikatesni ponedeljak\u201d, Jelisaveta Blagojevi\u0107, Jovana Vukovi\u0107, \u201dKafe Ljuti\u0107\u201d, Lorans Howde, Marina Vignjevi\u0107, Nikoleta Kosovac, Paola Petri\u0107, \u201cRadost Ludost\u201d (donatorska kutija), \u201cSestre to rade najbolje\u201d 11, 12, 13 (donatorska kutija), \u201cSestre za Sestre\u201d, Slavica Stojanovi\u0107, Vajka An\u0111elkovi\u0107, Ur\u0161ka Merc, \u201cYard Sale\u201d, Zoe Gudovi\u0107<\/p>\n\n\n\n<h2 class=\"wp-block-heading\"><a title=\"2016\" href=\"https:\/\/www.rwfund.org\/eng\/2016-3\/\">2016<\/a><\/h2>\n\n\n\n<p class=\"has-text-align-left\">Aleksandra Vesi\u0107, Biljana Daki\u0107 \u0110or\u0111evi\u0107, Bobana Macanovi\u0107, Da\u0161a Duha\u010dek, Dru\u0161tveni centar &#8220;Oktobar&#8221;, Ivanka Popovi\u0107, Jelisaveta Blagojevi\u0107, Jovana Vukovi\u0107, \u201dKafe Ljuti\u0107\u201d, Kafe &#8220;Meduza&#8221;, Ljiljana Bogavac, Marina Vignjevi\u0107, Milo\u0161 Ran\u010di\u0107 PR, Natalija Simovi\u0107, Paola Petri\u0107, Radost Ludost (donatorska kutija), \u201cSestre to rade najbolje\u201d 7, 8 , 9, 10 (donatorska kutija), Slavica Stojanovi\u0107, Tatjana Joksimovi\u0107, Vajka An\u0111elkovi\u0107, Zoe Gudovi\u0107<\/p>\n\n\n\n<h2 class=\"wp-block-heading\"><a title=\"2015\" href=\"https:\/\/www.rwfund.org\/eng\/programs\/2015-2\/\">2015<\/a><\/h2>\n\n\n\n<p class=\"has-text-align-left\">Aleksandra Vesi\u0107, Aleksandar \u010covi\u0107,&nbsp; Anonymous, Biljana Daki\u0107 \u0110or\u0111evi\u0107, Bobana Macanovi\u0107, Johanna Horvath with friends, \u201dCaf\u00e9 Ljuti\u0107\u201d, Mariam Gagoshashvili, Maypole Fund activists, Mirjana Mirosavljevi\u0107 Bobi\u0107, Nana Pantsulaia,Nikolina Zec, &nbsp;&nbsp;\u201cSisters Are Doing It Best\u201d 4, 5 &amp; 6 (donation box),&nbsp; Slavica Stojanovi\u0107,&nbsp; Sne\u017eana Mirosavljevi\u0107, Sopio Pruidze, Vajka An\u0111elkovi\u0107, Violeta Krasni\u0107,&nbsp; Walter Veirs, Zoe Gudovi\u0107<\/p>\n\n\n\n<h2 class=\"wp-block-heading\"><a style=\"color: #ef4d58;\" href=\"https:\/\/www.rwfund.org\/programi\/2014-2\/\">2014<\/a><\/h2>\n\n\n\n<p class=\"has-text-align-left\">Aleksandra Vesi\u0107, Ana Aksentijevi\u0107, Andrea Aramba\u0161i\u0107, Bobana Macanovi\u0107, Gordana Stojakovi\u0107, Jelena Jovanovi\u0107, &#8220;Kafe Ljuti\u0107&#8221;, Mirjana Mirosavljevi\u0107 Bobi\u0107, \u201dSavetovali\u0161te Jefimija\u201d, \u201cSestre to rade najbolje 1i2 (donatorska kutija)\u201d, Silvia Dra\u017ei\u0107,&nbsp; Slavica Stojanovi\u0107, Smiljana Milinkov, Sne\u017eana Mirosavljevi\u0107, Svenka Savi\u0107, Svjetlana Timoti\u0107, Tatjana Peri\u0107, \u201cZadruga Oktobar\u201d, Zoe Gudovi\u0107,&nbsp;V<span style=\"color: #222222;\">ajka&nbsp;An\u0111elkovi\u0107,&nbsp;Tanja Ignjatovi\u0107<\/span><\/p>\n\n\n\n<h2 class=\"wp-block-heading\"><a style=\"color: #ef4d58;\" href=\"https:\/\/www.rwfund.org\/programi\/2013-2\/\">2013<\/a><\/h2>\n\n\n\n<p class=\"has-text-align-left\">Aleksandra Vesi\u0107, Amina Doherty, Andrea Aramba\u0161i\u0107, Bobana Macanovi\u0107, Danijel Sporea, \u201cDelikatesni ponedeljak\u201d, Du\u0161ica Popadi\u0107, Ivanka Popovi\u0107, Katarina Lon\u010darevi\u0107, Ljiljana Bogavac, Marko \u0110or\u0111evi\u0107, Marta Drury, Mirjana Mirosavljevi\u0107 Bobi\u0107, \u201cSavetovali\u0161te Jefimija\u201d, \u201cSerbica Books\u201d, Slavica Stojanovi\u0107,&nbsp; Snjezana Mr\u0161e, Vajka An\u0111elkovi\u0107, Zoe Gudovi\u0107<\/p>\n\n\n\n<h2 class=\"wp-block-heading\"><a style=\"color: #ef4d58;\" href=\"https:\/\/www.rwfund.org\/programi\/2012-2\/\">2012<\/a><\/h2>\n\n\n\n<p class=\"has-text-align-left\">Aleksandar Bobi\u0107, Christina Morus, Diane Lynnete, Jelisaveta Blagojevi\u0107, Kerry Lobel &amp; Marta Drury, Miodrag Ranki\u0107, Mirna \u0110uri\u0107, Monnina Operey, \u201cRadost Ludost 3 (donatorska kutija)\u201d, Slavica Stojanovi\u0107, Vladimir Andreji\u0107<\/p>\n\n\n\n<h2 class=\"wp-block-heading\"><a style=\"color: #ef4d58;\" href=\"https:\/\/www.rwfund.org\/programi\/2011-2\/\">2011<\/a><\/h2>\n\n\n\n<p class=\"has-text-align-left\">Ana Radi\u0107, Andrea Aramba\u0161i\u0107,&nbsp; Fiona Mc Cormack, Heather Kurland, Kerry Lobel, \u201cLa Mama Theatre (donatorska kutija)\u201d, Marta Drury, &nbsp;MKZ Amsterdam, Mirjana Mirosavljevi\u0107 Bobi\u0107, Saun Yox, Tanja Ignjatovi\u0107, Ur\u0161ka Merc, Zoe Gudovi\u0107, Zorica Skakun<\/p>\n\n\n\n<h2 class=\"wp-block-heading\"><a style=\"color: #ef4d58;\" href=\"https:\/\/www.rwfund.org\/programi\/2009-2\/\">2009<\/a><\/h2>\n\n\n\n<p class=\"has-text-align-left\">Anonimni\/a donator\/ka, &#8220;Kafe Dunja (donatorska kutija)&#8221;, &#8220;Kafe Radio 021 (donatorska kutija)&#8221;, Marta Drury, Milica Le\u017eaji\u0107, Nevena Ivanovi\u0107<\/p>\n\n\n\n<h2 class=\"wp-block-heading\"><a style=\"color: #ef4d58;\" href=\"https:\/\/www.rwfund.org\/programi\/2008-2\/\">2008<\/a><\/h2>\n\n\n\n<p class=\"has-text-align-left\">Marta Drury<\/p>\n\n\n\n<h2 class=\"wp-block-heading\"><a style=\"color: #ef4d58;\" href=\"https:\/\/www.rwfund.org\/programi\/2007-2\/\">2007<\/a><\/h2>\n\n\n\n<p class=\"has-text-align-left\">David E. Garner, Denise D\u2019Anne, &#8220;East Bay CLUW (Coalition of Labor Union Women)&#8221;, &#8220;The SF LGBTQ Center (donatorska kutija)&#8221;<\/p>\n\n\n\n<h2 class=\"wp-block-heading\"><a style=\"color: #ef4d58;\" href=\"https:\/\/www.rwfund.org\/programi\/2006-2\/\">2006<\/a><\/h2>\n\n\n\n<p class=\"has-text-align-left\">Ana Maria Enriques, Art Moore, Elizabeth Blackwell Moore, Jo Moore, Kate Moore, Ted Moore, Tina Thiart, Wendy Blackwell Moore<\/p>\n","protected":false},"excerpt":{"rendered":"<p>2022 Paola Petri\u0107, Slavica Stojanovi\u0107, Ivana \u017dani\u0107, Hana Kuku\u010dka, Jarmila Maksimovi\u0107, Dragana Koji\u010di\u0107, Tamara Maksimovi\u0107, Savetovali\u0161te Jefimija, U\u017eice, Sne\u017eana Jakovljevi\u0107, Tanja Bjelanovi\u0107, Incest Trauma Centar, Beograd, Milica Naumov, Aleksandra Ra\u0161i\u0107, Ljiljana Marinkovi\u0107, Lepa Mla\u0111enovi\u0107, Rozi Brajdotti, Slavica Simi\u0107, Djordje Bruji\u0107, Anais Vanden Eijnden, Lilia Vanden Eijnden, Jelena Stefanovi\u0107, Ivana An\u0111elkovi\u0107, Zoran \u0110uri\u0107, Svetlana Gavrilovi\u0107, Branislav &#8230; <a title=\"Individual Support\" class=\"read-more\" href=\"https:\/\/www.rwfund.org\/eng\/about-us\/friends-and-support\/individual-support\/\" aria-label=\"Read more about Individual Support\">MORE<\/a><\/p>\n","protected":false},"author":1,"featured_media":0,"parent":11,"menu_order":0,"comment_status":"closed","ping_status":"closed","template":"","meta":{"_kad_blocks_custom_css":"","_kad_blocks_head_custom_js":"","_kad_blocks_body_custom_js":"","_kad_blocks_footer_custom_js":"","footnotes":""},"categories":[],"tags":[],"class_list":{"0":"post-62","1":"page","2":"type-page","3":"status-publish","5":"infinite-scroll-item","6":"no-featured-image-padding"},"yoast_head":"<!-- This site is optimized with the Yoast SEO plugin v27.4 - https:\/\/yoast.com\/product\/yoast-seo-wordpress\/ -->\n<title>Individual Support - Reconstruction Women&#039;s Fund<\/title>\n<meta name=\"robots\" content=\"index, follow, max-snippet:-1, max-image-preview:large, max-video-preview:-1\" \/>\n<link rel=\"canonical\" href=\"https:\/\/www.rwfund.org\/eng\/about-us\/friends-and-support\/individual-support\/\" \/>\n<meta property=\"og:locale\" content=\"en_US\" \/>\n<meta property=\"og:type\" content=\"article\" \/>\n<meta property=\"og:title\" content=\"Individual Support - Reconstruction Women&#039;s Fund\" \/>\n<meta property=\"og:description\" content=\"2022 Paola Petri\u0107, Slavica Stojanovi\u0107, Ivana \u017dani\u0107, Hana Kuku\u010dka, Jarmila Maksimovi\u0107, Dragana Koji\u010di\u0107, Tamara Maksimovi\u0107, Savetovali\u0161te Jefimija, U\u017eice, Sne\u017eana Jakovljevi\u0107, Tanja Bjelanovi\u0107, Incest Trauma Centar, Beograd, Milica Naumov, Aleksandra Ra\u0161i\u0107, Ljiljana Marinkovi\u0107, Lepa Mla\u0111enovi\u0107, Rozi Brajdotti, Slavica Simi\u0107, Djordje Bruji\u0107, Anais Vanden Eijnden, Lilia Vanden Eijnden, Jelena Stefanovi\u0107, Ivana An\u0111elkovi\u0107, Zoran \u0110uri\u0107, Svetlana Gavrilovi\u0107, Branislav ... MORE\" \/>\n<meta property=\"og:url\" content=\"https:\/\/www.rwfund.org\/eng\/about-us\/friends-and-support\/individual-support\/\" \/>\n<meta property=\"og:site_name\" content=\"Reconstruction Women&#039;s Fund\" \/>\n<meta property=\"article:modified_time\" content=\"2023-02-28T18:48:28+00:00\" \/>\n<meta name=\"twitter:card\" content=\"summary_large_image\" \/>\n<meta name=\"twitter:label1\" content=\"Est. reading time\" \/>\n\t<meta name=\"twitter:data1\" content=\"3 minutes\" \/>\n<script type=\"application\/ld+json\" class=\"yoast-schema-graph\">{\"@context\":\"https:\\\/\\\/schema.org\",\"@graph\":[{\"@type\":\"WebPage\",\"@id\":\"https:\\\/\\\/www.rwfund.org\\\/eng\\\/about-us\\\/friends-and-support\\\/individual-support\\\/\",\"url\":\"https:\\\/\\\/www.rwfund.org\\\/eng\\\/about-us\\\/friends-and-support\\\/individual-support\\\/\",\"name\":\"Individual Support - Reconstruction Women&#039;s Fund\",\"isPartOf\":{\"@id\":\"https:\\\/\\\/www.rwfund.org\\\/eng\\\/#website\"},\"datePublished\":\"2014-09-18T00:04:08+00:00\",\"dateModified\":\"2023-02-28T18:48:28+00:00\",\"breadcrumb\":{\"@id\":\"https:\\\/\\\/www.rwfund.org\\\/eng\\\/about-us\\\/friends-and-support\\\/individual-support\\\/#breadcrumb\"},\"inLanguage\":\"en-US\",\"potentialAction\":[{\"@type\":\"ReadAction\",\"target\":[\"https:\\\/\\\/www.rwfund.org\\\/eng\\\/about-us\\\/friends-and-support\\\/individual-support\\\/\"]}]},{\"@type\":\"BreadcrumbList\",\"@id\":\"https:\\\/\\\/www.rwfund.org\\\/eng\\\/about-us\\\/friends-and-support\\\/individual-support\\\/#breadcrumb\",\"itemListElement\":[{\"@type\":\"ListItem\",\"position\":1,\"name\":\"Home\",\"item\":\"https:\\\/\\\/www.rwfund.org\\\/eng\\\/\"},{\"@type\":\"ListItem\",\"position\":2,\"name\":\"About Us\",\"item\":\"https:\\\/\\\/www.rwfund.org\\\/eng\\\/about-us\\\/\"},{\"@type\":\"ListItem\",\"position\":3,\"name\":\"Friends &#038; Support\",\"item\":\"https:\\\/\\\/www.rwfund.org\\\/eng\\\/about-us\\\/friends-and-support\\\/\"},{\"@type\":\"ListItem\",\"position\":4,\"name\":\"Individual Support\"}]},{\"@type\":\"WebSite\",\"@id\":\"https:\\\/\\\/www.rwfund.org\\\/eng\\\/#website\",\"url\":\"https:\\\/\\\/www.rwfund.org\\\/eng\\\/\",\"name\":\"Reconstruction Women&#039;s Fund\",\"description\":\"Reconstruction Women&#039;s Fund\",\"publisher\":{\"@id\":\"https:\\\/\\\/www.rwfund.org\\\/eng\\\/#organization\"},\"potentialAction\":[{\"@type\":\"SearchAction\",\"target\":{\"@type\":\"EntryPoint\",\"urlTemplate\":\"https:\\\/\\\/www.rwfund.org\\\/eng\\\/?s={search_term_string}\"},\"query-input\":{\"@type\":\"PropertyValueSpecification\",\"valueRequired\":true,\"valueName\":\"search_term_string\"}}],\"inLanguage\":\"en-US\"},{\"@type\":\"Organization\",\"@id\":\"https:\\\/\\\/www.rwfund.org\\\/eng\\\/#organization\",\"name\":\"Reconstruction Women's Fund\",\"url\":\"https:\\\/\\\/www.rwfund.org\\\/eng\\\/\",\"logo\":{\"@type\":\"ImageObject\",\"inLanguage\":\"en-US\",\"@id\":\"https:\\\/\\\/www.rwfund.org\\\/eng\\\/#\\\/schema\\\/logo\\\/image\\\/\",\"url\":\"https:\\\/\\\/www.rwfund.org\\\/eng\\\/wp-content\\\/uploads\\\/sites\\\/2\\\/2021\\\/03\\\/LOGO-CROP_V1.svg\",\"contentUrl\":\"https:\\\/\\\/www.rwfund.org\\\/eng\\\/wp-content\\\/uploads\\\/sites\\\/2\\\/2021\\\/03\\\/LOGO-CROP_V1.svg\",\"width\":420,\"height\":640,\"caption\":\"Reconstruction Women's Fund\"},\"image\":{\"@id\":\"https:\\\/\\\/www.rwfund.org\\\/eng\\\/#\\\/schema\\\/logo\\\/image\\\/\"}}]}<\/script>\n<!-- \/ Yoast SEO plugin. -->","yoast_head_json":{"title":"Individual Support - Reconstruction Women&#039;s Fund","robots":{"index":"index","follow":"follow","max-snippet":"max-snippet:-1","max-image-preview":"max-image-preview:large","max-video-preview":"max-video-preview:-1"},"canonical":"https:\/\/www.rwfund.org\/eng\/about-us\/friends-and-support\/individual-support\/","og_locale":"en_US","og_type":"article","og_title":"Individual Support - Reconstruction Women&#039;s Fund","og_description":"2022 Paola Petri\u0107, Slavica Stojanovi\u0107, Ivana \u017dani\u0107, Hana Kuku\u010dka, Jarmila Maksimovi\u0107, Dragana Koji\u010di\u0107, Tamara Maksimovi\u0107, Savetovali\u0161te Jefimija, U\u017eice, Sne\u017eana Jakovljevi\u0107, Tanja Bjelanovi\u0107, Incest Trauma Centar, Beograd, Milica Naumov, Aleksandra Ra\u0161i\u0107, Ljiljana Marinkovi\u0107, Lepa Mla\u0111enovi\u0107, Rozi Brajdotti, Slavica Simi\u0107, Djordje Bruji\u0107, Anais Vanden Eijnden, Lilia Vanden Eijnden, Jelena Stefanovi\u0107, Ivana An\u0111elkovi\u0107, Zoran \u0110uri\u0107, Svetlana Gavrilovi\u0107, Branislav ... MORE","og_url":"https:\/\/www.rwfund.org\/eng\/about-us\/friends-and-support\/individual-support\/","og_site_name":"Reconstruction Women&#039;s Fund","article_modified_time":"2023-02-28T18:48:28+00:00","twitter_card":"summary_large_image","twitter_misc":{"Est. reading time":"3 minutes"},"schema":{"@context":"https:\/\/schema.org","@graph":[{"@type":"WebPage","@id":"https:\/\/www.rwfund.org\/eng\/about-us\/friends-and-support\/individual-support\/","url":"https:\/\/www.rwfund.org\/eng\/about-us\/friends-and-support\/individual-support\/","name":"Individual Support - Reconstruction Women&#039;s Fund","isPartOf":{"@id":"https:\/\/www.rwfund.org\/eng\/#website"},"datePublished":"2014-09-18T00:04:08+00:00","dateModified":"2023-02-28T18:48:28+00:00","breadcrumb":{"@id":"https:\/\/www.rwfund.org\/eng\/about-us\/friends-and-support\/individual-support\/#breadcrumb"},"inLanguage":"en-US","potentialAction":[{"@type":"ReadAction","target":["https:\/\/www.rwfund.org\/eng\/about-us\/friends-and-support\/individual-support\/"]}]},{"@type":"BreadcrumbList","@id":"https:\/\/www.rwfund.org\/eng\/about-us\/friends-and-support\/individual-support\/#breadcrumb","itemListElement":[{"@type":"ListItem","position":1,"name":"Home","item":"https:\/\/www.rwfund.org\/eng\/"},{"@type":"ListItem","position":2,"name":"About Us","item":"https:\/\/www.rwfund.org\/eng\/about-us\/"},{"@type":"ListItem","position":3,"name":"Friends &#038; Support","item":"https:\/\/www.rwfund.org\/eng\/about-us\/friends-and-support\/"},{"@type":"ListItem","position":4,"name":"Individual Support"}]},{"@type":"WebSite","@id":"https:\/\/www.rwfund.org\/eng\/#website","url":"https:\/\/www.rwfund.org\/eng\/","name":"Reconstruction Women&#039;s Fund","description":"Reconstruction Women&#039;s Fund","publisher":{"@id":"https:\/\/www.rwfund.org\/eng\/#organization"},"potentialAction":[{"@type":"SearchAction","target":{"@type":"EntryPoint","urlTemplate":"https:\/\/www.rwfund.org\/eng\/?s={search_term_string}"},"query-input":{"@type":"PropertyValueSpecification","valueRequired":true,"valueName":"search_term_string"}}],"inLanguage":"en-US"},{"@type":"Organization","@id":"https:\/\/www.rwfund.org\/eng\/#organization","name":"Reconstruction Women's Fund","url":"https:\/\/www.rwfund.org\/eng\/","logo":{"@type":"ImageObject","inLanguage":"en-US","@id":"https:\/\/www.rwfund.org\/eng\/#\/schema\/logo\/image\/","url":"https:\/\/www.rwfund.org\/eng\/wp-content\/uploads\/sites\/2\/2021\/03\/LOGO-CROP_V1.svg","contentUrl":"https:\/\/www.rwfund.org\/eng\/wp-content\/uploads\/sites\/2\/2021\/03\/LOGO-CROP_V1.svg","width":420,"height":640,"caption":"Reconstruction Women's Fund"},"image":{"@id":"https:\/\/www.rwfund.org\/eng\/#\/schema\/logo\/image\/"}}]}},"taxonomy_info":[],"featured_image_src_large":false,"author_info":{"display_name":"Vlidi","author_link":"https:\/\/www.rwfund.org\/eng\/author\/testadmin\/"},"comment_info":0,"_links":{"self":[{"href":"https:\/\/www.rwfund.org\/eng\/wp-json\/wp\/v2\/pages\/62","targetHints":{"allow":["GET"]}}],"collection":[{"href":"https:\/\/www.rwfund.org\/eng\/wp-json\/wp\/v2\/pages"}],"about":[{"href":"https:\/\/www.rwfund.org\/eng\/wp-json\/wp\/v2\/types\/page"}],"author":[{"embeddable":true,"href":"https:\/\/www.rwfund.org\/eng\/wp-json\/wp\/v2\/users\/1"}],"replies":[{"embeddable":true,"href":"https:\/\/www.rwfund.org\/eng\/wp-json\/wp\/v2\/comments?post=62"}],"version-history":[{"count":22,"href":"https:\/\/www.rwfund.org\/eng\/wp-json\/wp\/v2\/pages\/62\/revisions"}],"predecessor-version":[{"id":16024,"href":"https:\/\/www.rwfund.org\/eng\/wp-json\/wp\/v2\/pages\/62\/revisions\/16024"}],"up":[{"embeddable":true,"href":"https:\/\/www.rwfund.org\/eng\/wp-json\/wp\/v2\/pages\/11"}],"wp:attachment":[{"href":"https:\/\/www.rwfund.org\/eng\/wp-json\/wp\/v2\/media?parent=62"}],"wp:term":[{"taxonomy":"category","embeddable":true,"href":"https:\/\/www.rwfund.org\/eng\/wp-json\/wp\/v2\/categories?post=62"},{"taxonomy":"post_tag","embeddable":true,"href":"https:\/\/www.rwfund.org\/eng\/wp-json\/wp\/v2\/tags?post=62"}],"curies":[{"name":"wp","href":"https:\/\/api.w.org\/{rel}","templated":true}]}}