{"id":646,"date":"2015-01-26T18:16:02","date_gmt":"2015-01-26T16:16:02","guid":{"rendered":"https:\/\/www.rwfund.org\/eng\/?page_id=646"},"modified":"2015-01-26T18:16:02","modified_gmt":"2015-01-26T16:16:02","slug":"june","status":"publish","type":"page","link":"https:\/\/www.rwfund.org\/eng\/programs-old\/2010-2\/stipends-zarana-papic-2010\/june\/","title":{"rendered":"June"},"content":{"rendered":"<h2 style=\"font-weight: 500;\"><a style=\"color: #ef4d58;\" title=\"2010\" href=\"https:\/\/www.rwfund.org\/eng\/programs\/2010-2\/\">2010<\/a><\/h2>\n<h3 style=\"font-weight: 500;\"><strong><a style=\"color: #ef4d58;\" title=\"Stipends \u017darana Papi\u0107\" href=\"https:\/\/www.rwfund.org\/eng\/programs\/stipends-zarana-papic\/\">Program area: Stipends \u017darana Papi\u0107<\/a><\/strong><\/h3>\n<p><strong>Stipends\u00a0approved\u00a0<\/strong>&#8211; June\u00a02010.<\/p>\n<p><strong><strong>Number of\u00a0stipends:<\/strong>\u00a0<span style=\"color: #ff0000;\">5<\/span>\u00a0<\/strong><\/p>\n<h3 style=\"font-weight: 500;\"><span style=\"color: #ff0000;\">\u221a<\/span><\/h3>\n<p style=\"color: #000000;\"><span lang=\"en\">1<\/span><span lang=\"en\"><b>. Stipendist<\/b><\/span><span lang=\"en\">: Jelena Jovanovic<br \/>\n<\/span><\/p>\n<ul>\n<li><span lang=\"en\"><b>Amount<\/b><\/span><span lang=\"en\">: 45.000,00 din.<\/span><\/li>\n<li><span lang=\"en\"><b>Stipend for<\/b><\/span><span lang=\"en\">: research on teaching of Roma language with elements of national culture in the elementary schools in Vojvodina and how the teaching is conducted from the perspective of gender equality of Roma girls (analysis of the curriculum, literature, textbooks, reading materials, teaching staff competencies, implementation of teaching from the perspective of gender)<\/span><\/li>\n<\/ul>\n<p style=\"color: #000000;\">\u00a0<span lang=\"en\">2.\u00a0<\/span><span lang=\"en\"><b>Stipendist<\/b><\/span><span lang=\"en\">: Gordana Subotic<\/span><\/p>\n<ul>\n<li><span lang=\"en\"><b>Amount<\/b><\/span><span lang=\"en\">: 98.000,00 din.<\/span><\/li>\n<li><span lang=\"en\"><b>Stipend for<\/b><\/span><span lang=\"en\">: cover the cost of tuition for the master program of the Regional U.S. Studies (modern theories of international relations and security), Faculty of Political Sciences, Belgrade<\/span><\/li>\n<\/ul>\n<p style=\"color: #000000;\"><span lang=\"en\">3.\u00a0<\/span><span lang=\"en\"><b>Stipendis<\/b><\/span><span lang=\"en\">t: Vedrana Lacmanovi\u0107<br \/>\n<\/span><\/p>\n<ul>\n<li><span lang=\"en\"><b>Amount<\/b><\/span><span lang=\"en\">: 73.500.00 din.<\/span><\/li>\n<li><span lang=\"en\"><b>Stipend for<\/b><\/span><span lang=\"en\">: covering the cost of tuition for the Master of Social Policy Studies, Faculty of Political Sciences, Belgrade<\/span><\/li>\n<\/ul>\n<p style=\"color: #000000;\"><span lang=\"en\">4.\u00a0<\/span><span lang=\"en\"><b>Stipendist<\/b><\/span><span lang=\"en\">: Visnja Vujin<\/span><\/p>\n<ul>\n<li><span lang=\"en\"><b>Amount<\/b><\/span><span lang=\"en\">: 20.000,00 din.<\/span><\/li>\n<li><span lang=\"en\"><b>Stipend for<\/b><\/span><span lang=\"en\">: traveling expenses to participate in the course on Critical Feminist Analysis: Witnessing the Past, Remembering the Future, Inter University Center, Dubrovnik<\/span><\/li>\n<\/ul>\n<p style=\"color: #000000;\">\n<div style=\"color: #000000;\">\u00a05.\u00a0<strong>Stipendist<\/strong><strong>:\u00a0<\/strong><span style=\"color: #222222;\"><span lang=\"sh-YU\">Sne\u017eana Ota\u0161evi\u0107<\/span><\/span><\/div>\n<div style=\"color: #000000;\"><strong><span style=\"color: #222222;\">\u00a0 \u00a0 \u00a0Amount:<\/span><\/strong><span style=\"color: #222222;\">\u00a0175.000,00 din.<\/span><\/div>\n<div style=\"color: #000000;\"><strong>\u00a0 \u00a0 \u00a0Stipend for<\/strong><strong>:\u00a0<\/strong><span lang=\"sh-YU\">part of the costs of participation in PhD program on Department of Women<\/span>\u2019<span lang=\"sh-YU\">s and Gender Studies, Rutgers University, New Jersey<\/span><\/div>\n<p><span lang=\"sh-YU\">\u00a0<\/span><\/p>\n","protected":false},"excerpt":{"rendered":"<p>2010 Program area: Stipends \u017darana Papi\u0107 Stipends\u00a0approved\u00a0&#8211; June\u00a02010. Number of\u00a0stipends:\u00a05\u00a0 \u221a 1. Stipendist: Jelena Jovanovic Amount: 45.000,00 din. Stipend for: research on teaching of Roma language with elements of national culture in the elementary schools in Vojvodina and how the teaching is conducted from the perspective of gender equality of Roma girls (analysis of the &#8230; <a title=\"June\" class=\"read-more\" href=\"https:\/\/www.rwfund.org\/eng\/programs-old\/2010-2\/stipends-zarana-papic-2010\/june\/\" aria-label=\"Read more about June\">MORE<\/a><\/p>\n","protected":false},"author":1,"featured_media":0,"parent":433,"menu_order":0,"comment_status":"closed","ping_status":"closed","template":"","meta":{"_kad_blocks_custom_css":"","_kad_blocks_head_custom_js":"","_kad_blocks_body_custom_js":"","_kad_blocks_footer_custom_js":"","footnotes":""},"categories":[],"tags":[],"class_list":{"0":"post-646","1":"page","2":"type-page","3":"status-publish","5":"infinite-scroll-item","6":"no-featured-image-padding"},"yoast_head":"<!-- This site is optimized with the Yoast SEO plugin v27.4 - https:\/\/yoast.com\/product\/yoast-seo-wordpress\/ -->\n<title>June - Reconstruction Women&#039;s Fund<\/title>\n<meta name=\"robots\" content=\"index, follow, max-snippet:-1, max-image-preview:large, max-video-preview:-1\" \/>\n<link rel=\"canonical\" href=\"https:\/\/www.rwfund.org\/eng\/programs-old\/2010-2\/stipends-zarana-papic-2010\/june\/\" \/>\n<meta property=\"og:locale\" content=\"en_US\" \/>\n<meta property=\"og:type\" content=\"article\" \/>\n<meta property=\"og:title\" content=\"June - Reconstruction Women&#039;s Fund\" \/>\n<meta property=\"og:description\" content=\"2010 Program area: Stipends \u017darana Papi\u0107 Stipends\u00a0approved\u00a0&#8211; June\u00a02010. Number of\u00a0stipends:\u00a05\u00a0 \u221a 1. Stipendist: Jelena Jovanovic Amount: 45.000,00 din. Stipend for: research on teaching of Roma language with elements of national culture in the elementary schools in Vojvodina and how the teaching is conducted from the perspective of gender equality of Roma girls (analysis of the ... MORE\" \/>\n<meta property=\"og:url\" content=\"https:\/\/www.rwfund.org\/eng\/programs-old\/2010-2\/stipends-zarana-papic-2010\/june\/\" \/>\n<meta property=\"og:site_name\" content=\"Reconstruction Women&#039;s Fund\" \/>\n<meta name=\"twitter:card\" content=\"summary_large_image\" \/>\n<meta name=\"twitter:label1\" content=\"Est. reading time\" \/>\n\t<meta name=\"twitter:data1\" content=\"1 minute\" \/>\n<script type=\"application\/ld+json\" class=\"yoast-schema-graph\">{\"@context\":\"https:\\\/\\\/schema.org\",\"@graph\":[{\"@type\":\"WebPage\",\"@id\":\"https:\\\/\\\/www.rwfund.org\\\/eng\\\/programs-old\\\/2010-2\\\/stipends-zarana-papic-2010\\\/june\\\/\",\"url\":\"https:\\\/\\\/www.rwfund.org\\\/eng\\\/programs-old\\\/2010-2\\\/stipends-zarana-papic-2010\\\/june\\\/\",\"name\":\"June - Reconstruction Women&#039;s Fund\",\"isPartOf\":{\"@id\":\"https:\\\/\\\/www.rwfund.org\\\/eng\\\/#website\"},\"datePublished\":\"2015-01-26T16:16:02+00:00\",\"breadcrumb\":{\"@id\":\"https:\\\/\\\/www.rwfund.org\\\/eng\\\/programs-old\\\/2010-2\\\/stipends-zarana-papic-2010\\\/june\\\/#breadcrumb\"},\"inLanguage\":\"en-US\",\"potentialAction\":[{\"@type\":\"ReadAction\",\"target\":[\"https:\\\/\\\/www.rwfund.org\\\/eng\\\/programs-old\\\/2010-2\\\/stipends-zarana-papic-2010\\\/june\\\/\"]}]},{\"@type\":\"BreadcrumbList\",\"@id\":\"https:\\\/\\\/www.rwfund.org\\\/eng\\\/programs-old\\\/2010-2\\\/stipends-zarana-papic-2010\\\/june\\\/#breadcrumb\",\"itemListElement\":[{\"@type\":\"ListItem\",\"position\":1,\"name\":\"Home\",\"item\":\"https:\\\/\\\/www.rwfund.org\\\/eng\\\/\"},{\"@type\":\"ListItem\",\"position\":2,\"name\":\"RWFund Programs &#8211; OLD\",\"item\":\"https:\\\/\\\/www.rwfund.org\\\/eng\\\/programs-old\\\/\"},{\"@type\":\"ListItem\",\"position\":3,\"name\":\"2010\",\"item\":\"https:\\\/\\\/www.rwfund.org\\\/eng\\\/programs-old\\\/2010-2\\\/\"},{\"@type\":\"ListItem\",\"position\":4,\"name\":\"Stipends \u017darana Papi\u0107 2010\",\"item\":\"https:\\\/\\\/www.rwfund.org\\\/eng\\\/programs-old\\\/2010-2\\\/stipends-zarana-papic-2010\\\/\"},{\"@type\":\"ListItem\",\"position\":5,\"name\":\"June\"}]},{\"@type\":\"WebSite\",\"@id\":\"https:\\\/\\\/www.rwfund.org\\\/eng\\\/#website\",\"url\":\"https:\\\/\\\/www.rwfund.org\\\/eng\\\/\",\"name\":\"Reconstruction Women&#039;s Fund\",\"description\":\"Reconstruction Women&#039;s Fund\",\"publisher\":{\"@id\":\"https:\\\/\\\/www.rwfund.org\\\/eng\\\/#organization\"},\"potentialAction\":[{\"@type\":\"SearchAction\",\"target\":{\"@type\":\"EntryPoint\",\"urlTemplate\":\"https:\\\/\\\/www.rwfund.org\\\/eng\\\/?s={search_term_string}\"},\"query-input\":{\"@type\":\"PropertyValueSpecification\",\"valueRequired\":true,\"valueName\":\"search_term_string\"}}],\"inLanguage\":\"en-US\"},{\"@type\":\"Organization\",\"@id\":\"https:\\\/\\\/www.rwfund.org\\\/eng\\\/#organization\",\"name\":\"Reconstruction Women's Fund\",\"url\":\"https:\\\/\\\/www.rwfund.org\\\/eng\\\/\",\"logo\":{\"@type\":\"ImageObject\",\"inLanguage\":\"en-US\",\"@id\":\"https:\\\/\\\/www.rwfund.org\\\/eng\\\/#\\\/schema\\\/logo\\\/image\\\/\",\"url\":\"https:\\\/\\\/www.rwfund.org\\\/eng\\\/wp-content\\\/uploads\\\/sites\\\/2\\\/2021\\\/03\\\/LOGO-CROP_V1.svg\",\"contentUrl\":\"https:\\\/\\\/www.rwfund.org\\\/eng\\\/wp-content\\\/uploads\\\/sites\\\/2\\\/2021\\\/03\\\/LOGO-CROP_V1.svg\",\"width\":420,\"height\":640,\"caption\":\"Reconstruction Women's Fund\"},\"image\":{\"@id\":\"https:\\\/\\\/www.rwfund.org\\\/eng\\\/#\\\/schema\\\/logo\\\/image\\\/\"}}]}<\/script>\n<!-- \/ Yoast SEO plugin. -->","yoast_head_json":{"title":"June - Reconstruction Women&#039;s Fund","robots":{"index":"index","follow":"follow","max-snippet":"max-snippet:-1","max-image-preview":"max-image-preview:large","max-video-preview":"max-video-preview:-1"},"canonical":"https:\/\/www.rwfund.org\/eng\/programs-old\/2010-2\/stipends-zarana-papic-2010\/june\/","og_locale":"en_US","og_type":"article","og_title":"June - Reconstruction Women&#039;s Fund","og_description":"2010 Program area: Stipends \u017darana Papi\u0107 Stipends\u00a0approved\u00a0&#8211; June\u00a02010. Number of\u00a0stipends:\u00a05\u00a0 \u221a 1. Stipendist: Jelena Jovanovic Amount: 45.000,00 din. Stipend for: research on teaching of Roma language with elements of national culture in the elementary schools in Vojvodina and how the teaching is conducted from the perspective of gender equality of Roma girls (analysis of the ... MORE","og_url":"https:\/\/www.rwfund.org\/eng\/programs-old\/2010-2\/stipends-zarana-papic-2010\/june\/","og_site_name":"Reconstruction Women&#039;s Fund","twitter_card":"summary_large_image","twitter_misc":{"Est. reading time":"1 minute"},"schema":{"@context":"https:\/\/schema.org","@graph":[{"@type":"WebPage","@id":"https:\/\/www.rwfund.org\/eng\/programs-old\/2010-2\/stipends-zarana-papic-2010\/june\/","url":"https:\/\/www.rwfund.org\/eng\/programs-old\/2010-2\/stipends-zarana-papic-2010\/june\/","name":"June - Reconstruction Women&#039;s Fund","isPartOf":{"@id":"https:\/\/www.rwfund.org\/eng\/#website"},"datePublished":"2015-01-26T16:16:02+00:00","breadcrumb":{"@id":"https:\/\/www.rwfund.org\/eng\/programs-old\/2010-2\/stipends-zarana-papic-2010\/june\/#breadcrumb"},"inLanguage":"en-US","potentialAction":[{"@type":"ReadAction","target":["https:\/\/www.rwfund.org\/eng\/programs-old\/2010-2\/stipends-zarana-papic-2010\/june\/"]}]},{"@type":"BreadcrumbList","@id":"https:\/\/www.rwfund.org\/eng\/programs-old\/2010-2\/stipends-zarana-papic-2010\/june\/#breadcrumb","itemListElement":[{"@type":"ListItem","position":1,"name":"Home","item":"https:\/\/www.rwfund.org\/eng\/"},{"@type":"ListItem","position":2,"name":"RWFund Programs &#8211; OLD","item":"https:\/\/www.rwfund.org\/eng\/programs-old\/"},{"@type":"ListItem","position":3,"name":"2010","item":"https:\/\/www.rwfund.org\/eng\/programs-old\/2010-2\/"},{"@type":"ListItem","position":4,"name":"Stipends \u017darana Papi\u0107 2010","item":"https:\/\/www.rwfund.org\/eng\/programs-old\/2010-2\/stipends-zarana-papic-2010\/"},{"@type":"ListItem","position":5,"name":"June"}]},{"@type":"WebSite","@id":"https:\/\/www.rwfund.org\/eng\/#website","url":"https:\/\/www.rwfund.org\/eng\/","name":"Reconstruction Women&#039;s Fund","description":"Reconstruction Women&#039;s Fund","publisher":{"@id":"https:\/\/www.rwfund.org\/eng\/#organization"},"potentialAction":[{"@type":"SearchAction","target":{"@type":"EntryPoint","urlTemplate":"https:\/\/www.rwfund.org\/eng\/?s={search_term_string}"},"query-input":{"@type":"PropertyValueSpecification","valueRequired":true,"valueName":"search_term_string"}}],"inLanguage":"en-US"},{"@type":"Organization","@id":"https:\/\/www.rwfund.org\/eng\/#organization","name":"Reconstruction Women's Fund","url":"https:\/\/www.rwfund.org\/eng\/","logo":{"@type":"ImageObject","inLanguage":"en-US","@id":"https:\/\/www.rwfund.org\/eng\/#\/schema\/logo\/image\/","url":"https:\/\/www.rwfund.org\/eng\/wp-content\/uploads\/sites\/2\/2021\/03\/LOGO-CROP_V1.svg","contentUrl":"https:\/\/www.rwfund.org\/eng\/wp-content\/uploads\/sites\/2\/2021\/03\/LOGO-CROP_V1.svg","width":420,"height":640,"caption":"Reconstruction Women's Fund"},"image":{"@id":"https:\/\/www.rwfund.org\/eng\/#\/schema\/logo\/image\/"}}]}},"taxonomy_info":[],"featured_image_src_large":false,"author_info":{"display_name":"Vlidi","author_link":"https:\/\/www.rwfund.org\/eng\/author\/testadmin\/"},"comment_info":0,"_links":{"self":[{"href":"https:\/\/www.rwfund.org\/eng\/wp-json\/wp\/v2\/pages\/646","targetHints":{"allow":["GET"]}}],"collection":[{"href":"https:\/\/www.rwfund.org\/eng\/wp-json\/wp\/v2\/pages"}],"about":[{"href":"https:\/\/www.rwfund.org\/eng\/wp-json\/wp\/v2\/types\/page"}],"author":[{"embeddable":true,"href":"https:\/\/www.rwfund.org\/eng\/wp-json\/wp\/v2\/users\/1"}],"replies":[{"embeddable":true,"href":"https:\/\/www.rwfund.org\/eng\/wp-json\/wp\/v2\/comments?post=646"}],"version-history":[{"count":1,"href":"https:\/\/www.rwfund.org\/eng\/wp-json\/wp\/v2\/pages\/646\/revisions"}],"predecessor-version":[{"id":648,"href":"https:\/\/www.rwfund.org\/eng\/wp-json\/wp\/v2\/pages\/646\/revisions\/648"}],"up":[{"embeddable":true,"href":"https:\/\/www.rwfund.org\/eng\/wp-json\/wp\/v2\/pages\/433"}],"wp:attachment":[{"href":"https:\/\/www.rwfund.org\/eng\/wp-json\/wp\/v2\/media?parent=646"}],"wp:term":[{"taxonomy":"category","embeddable":true,"href":"https:\/\/www.rwfund.org\/eng\/wp-json\/wp\/v2\/categories?post=646"},{"taxonomy":"post_tag","embeddable":true,"href":"https:\/\/www.rwfund.org\/eng\/wp-json\/wp\/v2\/tags?post=646"}],"curies":[{"name":"wp","href":"https:\/\/api.w.org\/{rel}","templated":true}]}}