{"id":684,"date":"2015-01-29T17:58:21","date_gmt":"2015-01-29T15:58:21","guid":{"rendered":"https:\/\/www.rwfund.org\/eng\/?page_id=684"},"modified":"2015-01-29T18:01:48","modified_gmt":"2015-01-29T16:01:48","slug":"november","status":"publish","type":"page","link":"https:\/\/www.rwfund.org\/eng\/programs-old\/2012-2\/womens-initiatives-2012\/november\/","title":{"rendered":"November"},"content":{"rendered":"<h2 style=\"font-weight: 500;\"><a style=\"color: #ef4d58;\" title=\"2012\" href=\"https:\/\/www.rwfund.org\/eng\/programs\/2012-2\/\">2012<\/a><\/h2>\n<h3 style=\"font-weight: 500;\"><a style=\"color: #ef4d58;\" title=\"Women\u2019s Initiatives\" href=\"https:\/\/www.rwfund.org\/eng\/programs\/womens-initiatives\/\"><strong>Program area: Support to women\u2019s initiatives<\/strong><\/a><\/h3>\n<p><strong>Grants approved\u00a0<\/strong>&#8211; November\u00a02012.\u00a0<strong><br \/>\nNumber of grants:\u00a0<span style=\"color: #ff0000;\">10\u00a0<\/span><\/strong><\/p>\n<h3 style=\"font-weight: 500;\"><span style=\"color: #ff0000;\">\u221a<\/span><\/h3>\n<p style=\"color: #000000;\"><strong>1. Club OPA, Belgrade<\/strong><\/p>\n<ul style=\"color: #000000;\">\n<li>RSD:\u00a0<strong>196.000,00<\/strong><\/li>\n<li>Project title:\u00a0<strong>Femix Fest 2012<\/strong><\/li>\n<li>Project goal: Compilation of women\u2019s bands\u2019 songs from Serbia &#8220;Femikseta 2012&#8221; &#8211; publishing and promotion of CD. Organization of Femix Fest week of women\u2019s amateur photography, short movies and music.<\/li>\n<\/ul>\n<p style=\"color: #000000;\"><strong>2. Women\u2019s Space, Ni\u0161<\/strong><\/p>\n<ul style=\"color: #000000;\">\n<li>RSD:\u00a0<strong>296.800,00<\/strong><\/li>\n<li>Project title:\u00a0<strong>Strengthening capacities of Roma women activism in South Serbia<\/strong><\/li>\n<li>Project goal: Direct work with Roma women and encouragement of initiatives, especially for improvement of women\u2019s health and access to services, in the places with no registered Roma women\u2019s organisation.<\/li>\n<\/ul>\n<p style=\"color: #000000;\"><strong>3. MMC LED art for ACIMSI alumni association, Novi Sad<\/strong><\/p>\n<ul style=\"color: #000000;\">\n<li>RSD:\u00a0<strong>300.000,00<\/strong><\/li>\n<li>Project title:\u00a0<strong>Registration of female alumni\u00a0<\/strong><\/li>\n<li>Project goal: Connecting in an alumi club female masters, post graduates, PhDs of Center for Gender Studies University of Novi Sad to improve affirmation of knowledge and make it functional in wider academic environment.<\/li>\n<\/ul>\n<p style=\"color: #000000;\"><strong>4. Roma Center for Women and Children &#8220;Daje&#8221;, Belgrade\u00a0<\/strong><\/p>\n<ul style=\"color: #000000;\">\n<li>RSD:\u00a0<strong>292.320,00<\/strong><\/li>\n<li>Project title:\u00a0<strong>SOS Telephone for Roma Women<\/strong><\/li>\n<li>Project goal: Visibility of the SOS Telephone, SOS consultations and support, inclusion, mediation, information and representation of Roma women in institutions.<\/li>\n<\/ul>\n<p style=\"color: #000000;\"><strong>5. Novi Sad Lesbian Association NLO<\/strong><\/p>\n<ul style=\"color: #000000;\">\n<li>RSD:\u00a0<strong>108.950,00<\/strong><\/li>\n<li>Project title:\u00a0<strong>On line NLO \u010ditaonica Lepa Mla\u0111enovi\u0107<\/strong><\/li>\n<li>Project goal: Increasing visibility of the esablished Library and increasing destination, creation of new opportunities for archiving and mapping of lesbian existention.<\/li>\n<\/ul>\n<p style=\"color: #000000;\"><strong>6. Association of Roma &#8220;Danica&#8221; , Pan\u010devo<\/strong><\/p>\n<ul style=\"color: #000000;\">\n<li>RSD:\u00a0<strong>300.000,00<\/strong><\/li>\n<li>Project title:\u00a0<strong>Let\u2019s Stop Violence against Roma women\u00a0<\/strong><\/li>\n<li>Project goal: Continuity and development of the field work in settlements Jabuka, Deponija and Dolovo: reduction of violence against women, acquiring personal documents, education of Roma women on jurisdictions of centers for social work, police and prosecution office.<\/li>\n<\/ul>\n<p style=\"color: #000000;\"><strong>7. BeFem, Feminist Cultural Center, Belgrade<\/strong><\/p>\n<ul style=\"color: #000000;\">\n<li>RSD:\u00a0<strong>227.520,00<\/strong><\/li>\n<li>Project title:\u00a0<strong>BeFem 2012: pure feminist power<\/strong><\/li>\n<li>Project goal: Promotion of idea and politics of feminism. Program 2012 is focused on issue of power, the one which has been established and the one which produce resistence to dominante structures. In cooperation with feminist magazine Bang from Stockholm.<\/li>\n<\/ul>\n<p style=\"color: #000000;\"><strong>8. Association of Roma Women &#8220;Osvit&#8221;, Ni\u0161<\/strong><\/p>\n<ul style=\"color: #000000;\">\n<li>RSD:\u00a0<strong>300.000,00<\/strong><\/li>\n<li>Project title:\u00a0<strong>SOS Telephone in Roma and Serbian languages<\/strong><\/li>\n<li>Project goal: Continuation of the work on reduction of violence against women and establishment of institutional suppot to victims of violence.<\/li>\n<\/ul>\n<p style=\"color: #000000;\"><strong>9. Center &#8220;Living Upright&#8221;, Novi Sad<\/strong><\/p>\n<ul style=\"color: #000000;\">\n<li>RSD:\u00a0<strong>295.000,00<\/strong><\/li>\n<li>Project title:\u00a0<strong>Mentorski rad sa studentkinjama iz nedovoljno zastupljenih grupa na Univerzitetu i visokim strukovnim \u0161kolama<\/strong><\/li>\n<li>Project goal: Mentoring 9 Roma female students and 3 female students with dissabilities enrolled in the first year of high vocational schools (pedagogy, business) adn faculties (medicine, philosophy, sociology, economics, law, agriculture, arts). The program offers regular communication, assistance in solving current problems and empowerment with gender dimension in the academic environment.<\/li>\n<\/ul>\n<p style=\"color: #000000;\"><strong>10. SOS for Women and Children Victims of Violence, Vlasotince<\/strong><\/p>\n<ul style=\"color: #000000;\">\n<li>RSD:\u00a0<strong>300.000,00<\/strong><\/li>\n<li>Project title:\u00a0<strong>I choose a chance for future\u00a0<\/strong><\/li>\n<li>Project goal: Strengthening autonomy of young people through educative and activist work, information and knowledge dissemination. Workshops with female pupils of 8th grade of elementary schools in Vlasotince and surrounding.<\/li>\n<li><\/li>\n<\/ul>\n","protected":false},"excerpt":{"rendered":"<p>2012 Program area: Support to women\u2019s initiatives Grants approved\u00a0&#8211; November\u00a02012.\u00a0 Number of grants:\u00a010\u00a0 \u221a 1. Club OPA, Belgrade RSD:\u00a0196.000,00 Project title:\u00a0Femix Fest 2012 Project goal: Compilation of women\u2019s bands\u2019 songs from Serbia &#8220;Femikseta 2012&#8221; &#8211; publishing and promotion of CD. Organization of Femix Fest week of women\u2019s amateur photography, short movies and music. 2. Women\u2019s &#8230; <a title=\"November\" class=\"read-more\" href=\"https:\/\/www.rwfund.org\/eng\/programs-old\/2012-2\/womens-initiatives-2012\/november\/\" aria-label=\"Read more about November\">MORE<\/a><\/p>\n","protected":false},"author":1,"featured_media":0,"parent":407,"menu_order":0,"comment_status":"closed","ping_status":"closed","template":"","meta":{"_kad_blocks_custom_css":"","_kad_blocks_head_custom_js":"","_kad_blocks_body_custom_js":"","_kad_blocks_footer_custom_js":"","footnotes":""},"categories":[],"tags":[],"class_list":{"0":"post-684","1":"page","2":"type-page","3":"status-publish","5":"infinite-scroll-item","6":"no-featured-image-padding"},"yoast_head":"<!-- This site is optimized with the Yoast SEO plugin v27.4 - https:\/\/yoast.com\/product\/yoast-seo-wordpress\/ -->\n<title>November - Reconstruction Women&#039;s Fund<\/title>\n<meta name=\"robots\" content=\"index, follow, max-snippet:-1, max-image-preview:large, max-video-preview:-1\" \/>\n<link rel=\"canonical\" href=\"https:\/\/www.rwfund.org\/eng\/programs-old\/2012-2\/womens-initiatives-2012\/november\/\" \/>\n<meta property=\"og:locale\" content=\"en_US\" \/>\n<meta property=\"og:type\" content=\"article\" \/>\n<meta property=\"og:title\" content=\"November - Reconstruction Women&#039;s Fund\" \/>\n<meta property=\"og:description\" content=\"2012 Program area: Support to women\u2019s initiatives Grants approved\u00a0&#8211; November\u00a02012.\u00a0 Number of grants:\u00a010\u00a0 \u221a 1. Club OPA, Belgrade RSD:\u00a0196.000,00 Project title:\u00a0Femix Fest 2012 Project goal: Compilation of women\u2019s bands\u2019 songs from Serbia &#8220;Femikseta 2012&#8221; &#8211; publishing and promotion of CD. Organization of Femix Fest week of women\u2019s amateur photography, short movies and music. 2. Women\u2019s ... MORE\" \/>\n<meta property=\"og:url\" content=\"https:\/\/www.rwfund.org\/eng\/programs-old\/2012-2\/womens-initiatives-2012\/november\/\" \/>\n<meta property=\"og:site_name\" content=\"Reconstruction Women&#039;s Fund\" \/>\n<meta property=\"article:modified_time\" content=\"2015-01-29T16:01:48+00:00\" \/>\n<meta name=\"twitter:card\" content=\"summary_large_image\" \/>\n<meta name=\"twitter:label1\" content=\"Est. reading time\" \/>\n\t<meta name=\"twitter:data1\" content=\"2 minutes\" \/>\n<script type=\"application\/ld+json\" class=\"yoast-schema-graph\">{\"@context\":\"https:\\\/\\\/schema.org\",\"@graph\":[{\"@type\":\"WebPage\",\"@id\":\"https:\\\/\\\/www.rwfund.org\\\/eng\\\/programs-old\\\/2012-2\\\/womens-initiatives-2012\\\/november\\\/\",\"url\":\"https:\\\/\\\/www.rwfund.org\\\/eng\\\/programs-old\\\/2012-2\\\/womens-initiatives-2012\\\/november\\\/\",\"name\":\"November - Reconstruction Women&#039;s Fund\",\"isPartOf\":{\"@id\":\"https:\\\/\\\/www.rwfund.org\\\/eng\\\/#website\"},\"datePublished\":\"2015-01-29T15:58:21+00:00\",\"dateModified\":\"2015-01-29T16:01:48+00:00\",\"breadcrumb\":{\"@id\":\"https:\\\/\\\/www.rwfund.org\\\/eng\\\/programs-old\\\/2012-2\\\/womens-initiatives-2012\\\/november\\\/#breadcrumb\"},\"inLanguage\":\"en-US\",\"potentialAction\":[{\"@type\":\"ReadAction\",\"target\":[\"https:\\\/\\\/www.rwfund.org\\\/eng\\\/programs-old\\\/2012-2\\\/womens-initiatives-2012\\\/november\\\/\"]}]},{\"@type\":\"BreadcrumbList\",\"@id\":\"https:\\\/\\\/www.rwfund.org\\\/eng\\\/programs-old\\\/2012-2\\\/womens-initiatives-2012\\\/november\\\/#breadcrumb\",\"itemListElement\":[{\"@type\":\"ListItem\",\"position\":1,\"name\":\"Home\",\"item\":\"https:\\\/\\\/www.rwfund.org\\\/eng\\\/\"},{\"@type\":\"ListItem\",\"position\":2,\"name\":\"RWFund Programs &#8211; OLD\",\"item\":\"https:\\\/\\\/www.rwfund.org\\\/eng\\\/programs-old\\\/\"},{\"@type\":\"ListItem\",\"position\":3,\"name\":\"2012\",\"item\":\"https:\\\/\\\/www.rwfund.org\\\/eng\\\/programs-old\\\/2012-2\\\/\"},{\"@type\":\"ListItem\",\"position\":4,\"name\":\"Women\u2019s Initiatives 2012\",\"item\":\"https:\\\/\\\/www.rwfund.org\\\/eng\\\/programs-old\\\/2012-2\\\/womens-initiatives-2012\\\/\"},{\"@type\":\"ListItem\",\"position\":5,\"name\":\"November\"}]},{\"@type\":\"WebSite\",\"@id\":\"https:\\\/\\\/www.rwfund.org\\\/eng\\\/#website\",\"url\":\"https:\\\/\\\/www.rwfund.org\\\/eng\\\/\",\"name\":\"Reconstruction Women&#039;s Fund\",\"description\":\"Reconstruction Women&#039;s Fund\",\"publisher\":{\"@id\":\"https:\\\/\\\/www.rwfund.org\\\/eng\\\/#organization\"},\"potentialAction\":[{\"@type\":\"SearchAction\",\"target\":{\"@type\":\"EntryPoint\",\"urlTemplate\":\"https:\\\/\\\/www.rwfund.org\\\/eng\\\/?s={search_term_string}\"},\"query-input\":{\"@type\":\"PropertyValueSpecification\",\"valueRequired\":true,\"valueName\":\"search_term_string\"}}],\"inLanguage\":\"en-US\"},{\"@type\":\"Organization\",\"@id\":\"https:\\\/\\\/www.rwfund.org\\\/eng\\\/#organization\",\"name\":\"Reconstruction Women's Fund\",\"url\":\"https:\\\/\\\/www.rwfund.org\\\/eng\\\/\",\"logo\":{\"@type\":\"ImageObject\",\"inLanguage\":\"en-US\",\"@id\":\"https:\\\/\\\/www.rwfund.org\\\/eng\\\/#\\\/schema\\\/logo\\\/image\\\/\",\"url\":\"https:\\\/\\\/www.rwfund.org\\\/eng\\\/wp-content\\\/uploads\\\/sites\\\/2\\\/2021\\\/03\\\/LOGO-CROP_V1.svg\",\"contentUrl\":\"https:\\\/\\\/www.rwfund.org\\\/eng\\\/wp-content\\\/uploads\\\/sites\\\/2\\\/2021\\\/03\\\/LOGO-CROP_V1.svg\",\"width\":420,\"height\":640,\"caption\":\"Reconstruction Women's Fund\"},\"image\":{\"@id\":\"https:\\\/\\\/www.rwfund.org\\\/eng\\\/#\\\/schema\\\/logo\\\/image\\\/\"}}]}<\/script>\n<!-- \/ Yoast SEO plugin. -->","yoast_head_json":{"title":"November - Reconstruction Women&#039;s Fund","robots":{"index":"index","follow":"follow","max-snippet":"max-snippet:-1","max-image-preview":"max-image-preview:large","max-video-preview":"max-video-preview:-1"},"canonical":"https:\/\/www.rwfund.org\/eng\/programs-old\/2012-2\/womens-initiatives-2012\/november\/","og_locale":"en_US","og_type":"article","og_title":"November - Reconstruction Women&#039;s Fund","og_description":"2012 Program area: Support to women\u2019s initiatives Grants approved\u00a0&#8211; November\u00a02012.\u00a0 Number of grants:\u00a010\u00a0 \u221a 1. Club OPA, Belgrade RSD:\u00a0196.000,00 Project title:\u00a0Femix Fest 2012 Project goal: Compilation of women\u2019s bands\u2019 songs from Serbia &#8220;Femikseta 2012&#8221; &#8211; publishing and promotion of CD. Organization of Femix Fest week of women\u2019s amateur photography, short movies and music. 2. Women\u2019s ... MORE","og_url":"https:\/\/www.rwfund.org\/eng\/programs-old\/2012-2\/womens-initiatives-2012\/november\/","og_site_name":"Reconstruction Women&#039;s Fund","article_modified_time":"2015-01-29T16:01:48+00:00","twitter_card":"summary_large_image","twitter_misc":{"Est. reading time":"2 minutes"},"schema":{"@context":"https:\/\/schema.org","@graph":[{"@type":"WebPage","@id":"https:\/\/www.rwfund.org\/eng\/programs-old\/2012-2\/womens-initiatives-2012\/november\/","url":"https:\/\/www.rwfund.org\/eng\/programs-old\/2012-2\/womens-initiatives-2012\/november\/","name":"November - Reconstruction Women&#039;s Fund","isPartOf":{"@id":"https:\/\/www.rwfund.org\/eng\/#website"},"datePublished":"2015-01-29T15:58:21+00:00","dateModified":"2015-01-29T16:01:48+00:00","breadcrumb":{"@id":"https:\/\/www.rwfund.org\/eng\/programs-old\/2012-2\/womens-initiatives-2012\/november\/#breadcrumb"},"inLanguage":"en-US","potentialAction":[{"@type":"ReadAction","target":["https:\/\/www.rwfund.org\/eng\/programs-old\/2012-2\/womens-initiatives-2012\/november\/"]}]},{"@type":"BreadcrumbList","@id":"https:\/\/www.rwfund.org\/eng\/programs-old\/2012-2\/womens-initiatives-2012\/november\/#breadcrumb","itemListElement":[{"@type":"ListItem","position":1,"name":"Home","item":"https:\/\/www.rwfund.org\/eng\/"},{"@type":"ListItem","position":2,"name":"RWFund Programs &#8211; OLD","item":"https:\/\/www.rwfund.org\/eng\/programs-old\/"},{"@type":"ListItem","position":3,"name":"2012","item":"https:\/\/www.rwfund.org\/eng\/programs-old\/2012-2\/"},{"@type":"ListItem","position":4,"name":"Women\u2019s Initiatives 2012","item":"https:\/\/www.rwfund.org\/eng\/programs-old\/2012-2\/womens-initiatives-2012\/"},{"@type":"ListItem","position":5,"name":"November"}]},{"@type":"WebSite","@id":"https:\/\/www.rwfund.org\/eng\/#website","url":"https:\/\/www.rwfund.org\/eng\/","name":"Reconstruction Women&#039;s Fund","description":"Reconstruction Women&#039;s Fund","publisher":{"@id":"https:\/\/www.rwfund.org\/eng\/#organization"},"potentialAction":[{"@type":"SearchAction","target":{"@type":"EntryPoint","urlTemplate":"https:\/\/www.rwfund.org\/eng\/?s={search_term_string}"},"query-input":{"@type":"PropertyValueSpecification","valueRequired":true,"valueName":"search_term_string"}}],"inLanguage":"en-US"},{"@type":"Organization","@id":"https:\/\/www.rwfund.org\/eng\/#organization","name":"Reconstruction Women's Fund","url":"https:\/\/www.rwfund.org\/eng\/","logo":{"@type":"ImageObject","inLanguage":"en-US","@id":"https:\/\/www.rwfund.org\/eng\/#\/schema\/logo\/image\/","url":"https:\/\/www.rwfund.org\/eng\/wp-content\/uploads\/sites\/2\/2021\/03\/LOGO-CROP_V1.svg","contentUrl":"https:\/\/www.rwfund.org\/eng\/wp-content\/uploads\/sites\/2\/2021\/03\/LOGO-CROP_V1.svg","width":420,"height":640,"caption":"Reconstruction Women's Fund"},"image":{"@id":"https:\/\/www.rwfund.org\/eng\/#\/schema\/logo\/image\/"}}]}},"taxonomy_info":[],"featured_image_src_large":false,"author_info":{"display_name":"Vlidi","author_link":"https:\/\/www.rwfund.org\/eng\/author\/testadmin\/"},"comment_info":0,"_links":{"self":[{"href":"https:\/\/www.rwfund.org\/eng\/wp-json\/wp\/v2\/pages\/684","targetHints":{"allow":["GET"]}}],"collection":[{"href":"https:\/\/www.rwfund.org\/eng\/wp-json\/wp\/v2\/pages"}],"about":[{"href":"https:\/\/www.rwfund.org\/eng\/wp-json\/wp\/v2\/types\/page"}],"author":[{"embeddable":true,"href":"https:\/\/www.rwfund.org\/eng\/wp-json\/wp\/v2\/users\/1"}],"replies":[{"embeddable":true,"href":"https:\/\/www.rwfund.org\/eng\/wp-json\/wp\/v2\/comments?post=684"}],"version-history":[{"count":3,"href":"https:\/\/www.rwfund.org\/eng\/wp-json\/wp\/v2\/pages\/684\/revisions"}],"predecessor-version":[{"id":688,"href":"https:\/\/www.rwfund.org\/eng\/wp-json\/wp\/v2\/pages\/684\/revisions\/688"}],"up":[{"embeddable":true,"href":"https:\/\/www.rwfund.org\/eng\/wp-json\/wp\/v2\/pages\/407"}],"wp:attachment":[{"href":"https:\/\/www.rwfund.org\/eng\/wp-json\/wp\/v2\/media?parent=684"}],"wp:term":[{"taxonomy":"category","embeddable":true,"href":"https:\/\/www.rwfund.org\/eng\/wp-json\/wp\/v2\/categories?post=684"},{"taxonomy":"post_tag","embeddable":true,"href":"https:\/\/www.rwfund.org\/eng\/wp-json\/wp\/v2\/tags?post=684"}],"curies":[{"name":"wp","href":"https:\/\/api.w.org\/{rel}","templated":true}]}}