{"id":91,"date":"2014-09-18T02:40:09","date_gmt":"2014-09-18T00:40:09","guid":{"rendered":"https:\/\/www.rwfund.org\/eng\/?page_id=91"},"modified":"2015-06-10T19:34:01","modified_gmt":"2015-06-10T17:34:01","slug":"pasarela","status":"publish","type":"page","link":"https:\/\/www.rwfund.org\/eng\/critical-themes\/rwfund-video\/pasarela\/","title":{"rendered":"Pasarela!"},"content":{"rendered":"<p>Artstically engaged film <strong>PASARELA!<\/strong> documents the performance under the same name, created in collaboration between <strong>Reconstruction Women&#8217;s Fund<\/strong> and Colombian theatre director <strong>Patricia Ariza<\/strong>. The film shows interconnectedness of social phenomena like violence against women, early marriages, femicide, and depicts lives and struggles on the margins of society.<\/p>\n<p>PASARELA invites <a title=\"Roma Girls\u2019 Solidarity\" href=\"https:\/\/www.rwfund.org\/eng\/programs\/special-focus\/roma-girls-solidarity\/\"><strong>the sense of responsibility<\/strong><\/a> and reflection on our own lives, and gives a strong voice to the movement in struggle for better future!<\/p>\n<blockquote><p>Pasarela is a defense of the diversity of bodies, sizes, ages, traditions, choices, memories, voices, visions and ways of thinking of the women.<\/p>\n<p>(<strong>Patricia Ariza<\/strong>)<\/p><\/blockquote>\n<p><iframe loading=\"lazy\" src=\"\/\/player.vimeo.com\/video\/119063340\" width=\"640\" height=\"360\" frameborder=\"0\" allowfullscreen=\"allowfullscreen\"><\/iframe><\/p>\n<p>&nbsp;<\/p>\n<p>The main actors in the film are participants of the thorough process guided by Patricia Ariza &#8211; the Roma girls from Leskovac, Ni\u0161, Vlasotince, Pirot, Vranje and Bujanovac, and art activists from the group <strong>Act Women<\/strong> from Belgrade.<\/p>\n<p>Starring:<\/p>\n<p><strong>Adaleta Maksud, Aleksandra Demirovi\u0107, Ana Im\u0161irovi\u0107 \u0110or\u0111evi\u0107, Biljana Rako\u010devi\u0107, Ivana Gorunovi\u0107, Melisa Ajdarevi\u0107, Milena Milo\u0161evi\u0107, Milica Dejkovi\u0107, Nena Rami\u0107, Sla\u0111ana Rackov, Sne\u017eana Rami\u0107, Stela Rami\u0107, Svetlana \u0160ari\u0107, Tamara Miti\u0107, Vesna Bujo\u0161evi\u0107, Zoe Gudovi\u0107, Zora \u0110emi\u0107, Zorica Nikoli\u0107<\/strong><\/p>\n<p>Directed and edited by <strong>Vladimir \u0160ojat<\/strong><\/p>\n<ul>\n<li>Creative team of the program PASARELA:<\/li>\n<li><strong>Patricia Ariza<\/strong>: director and original idea<\/li>\n<li><strong>Catalina Garc\u00eda<\/strong>: assistant director and videographer<\/li>\n<li><strong>Carlos Satiz\u00e1bal<\/strong>: music and sound design<\/li>\n<li>Technician: <strong>Neven Bujo\u0161evi\u0107<\/strong><\/li>\n<li>Production: <strong>Reconstruction Women&#8217;s Fund<\/strong><\/li>\n<\/ul>\n<p>Thanks: <strong>Cultural Center Rex<\/strong> and technicians <strong>Bojan Paliku\u0107a<\/strong> and <strong>Marko Milinkovi\u0107<\/strong><\/p>\n","protected":false},"excerpt":{"rendered":"<p>Artstically engaged film PASARELA! documents the performance under the same name, created in collaboration between Reconstruction Women&#8217;s Fund and Colombian theatre director Patricia Ariza. The film shows interconnectedness of social phenomena like violence against women, early marriages, femicide, and depicts lives and struggles on the margins of society. PASARELA invites the sense of responsibility and &#8230; <a title=\"Pasarela!\" class=\"read-more\" href=\"https:\/\/www.rwfund.org\/eng\/critical-themes\/rwfund-video\/pasarela\/\" aria-label=\"Read more about Pasarela!\">MORE<\/a><\/p>\n","protected":false},"author":1,"featured_media":0,"parent":89,"menu_order":0,"comment_status":"closed","ping_status":"closed","template":"","meta":{"_kad_blocks_custom_css":"","_kad_blocks_head_custom_js":"","_kad_blocks_body_custom_js":"","_kad_blocks_footer_custom_js":"","footnotes":""},"categories":[],"tags":[],"class_list":{"0":"post-91","1":"page","2":"type-page","3":"status-publish","5":"infinite-scroll-item","6":"no-featured-image-padding"},"yoast_head":"<!-- This site is optimized with the Yoast SEO plugin v27.4 - https:\/\/yoast.com\/product\/yoast-seo-wordpress\/ -->\n<title>Pasarela! - Reconstruction Women&#039;s Fund<\/title>\n<meta name=\"robots\" content=\"index, follow, max-snippet:-1, max-image-preview:large, max-video-preview:-1\" \/>\n<link rel=\"canonical\" href=\"https:\/\/www.rwfund.org\/eng\/critical-themes\/rwfund-video\/pasarela\/\" \/>\n<meta property=\"og:locale\" content=\"en_US\" \/>\n<meta property=\"og:type\" content=\"article\" \/>\n<meta property=\"og:title\" content=\"Pasarela! - Reconstruction Women&#039;s Fund\" \/>\n<meta property=\"og:description\" content=\"Artstically engaged film PASARELA! documents the performance under the same name, created in collaboration between Reconstruction Women&#8217;s Fund and Colombian theatre director Patricia Ariza. The film shows interconnectedness of social phenomena like violence against women, early marriages, femicide, and depicts lives and struggles on the margins of society. PASARELA invites the sense of responsibility and ... MORE\" \/>\n<meta property=\"og:url\" content=\"https:\/\/www.rwfund.org\/eng\/critical-themes\/rwfund-video\/pasarela\/\" \/>\n<meta property=\"og:site_name\" content=\"Reconstruction Women&#039;s Fund\" \/>\n<meta property=\"article:modified_time\" content=\"2015-06-10T17:34:01+00:00\" \/>\n<meta name=\"twitter:card\" content=\"summary_large_image\" \/>\n<meta name=\"twitter:label1\" content=\"Est. reading time\" \/>\n\t<meta name=\"twitter:data1\" content=\"1 minute\" \/>\n<script type=\"application\/ld+json\" class=\"yoast-schema-graph\">{\"@context\":\"https:\\\/\\\/schema.org\",\"@graph\":[{\"@type\":\"WebPage\",\"@id\":\"https:\\\/\\\/www.rwfund.org\\\/eng\\\/critical-themes\\\/rwfund-video\\\/pasarela\\\/\",\"url\":\"https:\\\/\\\/www.rwfund.org\\\/eng\\\/critical-themes\\\/rwfund-video\\\/pasarela\\\/\",\"name\":\"Pasarela! - Reconstruction Women&#039;s Fund\",\"isPartOf\":{\"@id\":\"https:\\\/\\\/www.rwfund.org\\\/eng\\\/#website\"},\"datePublished\":\"2014-09-18T00:40:09+00:00\",\"dateModified\":\"2015-06-10T17:34:01+00:00\",\"breadcrumb\":{\"@id\":\"https:\\\/\\\/www.rwfund.org\\\/eng\\\/critical-themes\\\/rwfund-video\\\/pasarela\\\/#breadcrumb\"},\"inLanguage\":\"en-US\",\"potentialAction\":[{\"@type\":\"ReadAction\",\"target\":[\"https:\\\/\\\/www.rwfund.org\\\/eng\\\/critical-themes\\\/rwfund-video\\\/pasarela\\\/\"]}]},{\"@type\":\"BreadcrumbList\",\"@id\":\"https:\\\/\\\/www.rwfund.org\\\/eng\\\/critical-themes\\\/rwfund-video\\\/pasarela\\\/#breadcrumb\",\"itemListElement\":[{\"@type\":\"ListItem\",\"position\":1,\"name\":\"Home\",\"item\":\"https:\\\/\\\/www.rwfund.org\\\/eng\\\/\"},{\"@type\":\"ListItem\",\"position\":2,\"name\":\"Critical Themes\",\"item\":\"https:\\\/\\\/www.rwfund.org\\\/eng\\\/critical-themes\\\/\"},{\"@type\":\"ListItem\",\"position\":3,\"name\":\"RWFund Video\",\"item\":\"https:\\\/\\\/www.rwfund.org\\\/eng\\\/critical-themes\\\/rwfund-video\\\/\"},{\"@type\":\"ListItem\",\"position\":4,\"name\":\"Pasarela!\"}]},{\"@type\":\"WebSite\",\"@id\":\"https:\\\/\\\/www.rwfund.org\\\/eng\\\/#website\",\"url\":\"https:\\\/\\\/www.rwfund.org\\\/eng\\\/\",\"name\":\"Reconstruction Women&#039;s Fund\",\"description\":\"Reconstruction Women&#039;s Fund\",\"publisher\":{\"@id\":\"https:\\\/\\\/www.rwfund.org\\\/eng\\\/#organization\"},\"potentialAction\":[{\"@type\":\"SearchAction\",\"target\":{\"@type\":\"EntryPoint\",\"urlTemplate\":\"https:\\\/\\\/www.rwfund.org\\\/eng\\\/?s={search_term_string}\"},\"query-input\":{\"@type\":\"PropertyValueSpecification\",\"valueRequired\":true,\"valueName\":\"search_term_string\"}}],\"inLanguage\":\"en-US\"},{\"@type\":\"Organization\",\"@id\":\"https:\\\/\\\/www.rwfund.org\\\/eng\\\/#organization\",\"name\":\"Reconstruction Women's Fund\",\"url\":\"https:\\\/\\\/www.rwfund.org\\\/eng\\\/\",\"logo\":{\"@type\":\"ImageObject\",\"inLanguage\":\"en-US\",\"@id\":\"https:\\\/\\\/www.rwfund.org\\\/eng\\\/#\\\/schema\\\/logo\\\/image\\\/\",\"url\":\"https:\\\/\\\/www.rwfund.org\\\/eng\\\/wp-content\\\/uploads\\\/sites\\\/2\\\/2021\\\/03\\\/LOGO-CROP_V1.svg\",\"contentUrl\":\"https:\\\/\\\/www.rwfund.org\\\/eng\\\/wp-content\\\/uploads\\\/sites\\\/2\\\/2021\\\/03\\\/LOGO-CROP_V1.svg\",\"width\":420,\"height\":640,\"caption\":\"Reconstruction Women's Fund\"},\"image\":{\"@id\":\"https:\\\/\\\/www.rwfund.org\\\/eng\\\/#\\\/schema\\\/logo\\\/image\\\/\"}}]}<\/script>\n<!-- \/ Yoast SEO plugin. -->","yoast_head_json":{"title":"Pasarela! - Reconstruction Women&#039;s Fund","robots":{"index":"index","follow":"follow","max-snippet":"max-snippet:-1","max-image-preview":"max-image-preview:large","max-video-preview":"max-video-preview:-1"},"canonical":"https:\/\/www.rwfund.org\/eng\/critical-themes\/rwfund-video\/pasarela\/","og_locale":"en_US","og_type":"article","og_title":"Pasarela! - Reconstruction Women&#039;s Fund","og_description":"Artstically engaged film PASARELA! documents the performance under the same name, created in collaboration between Reconstruction Women&#8217;s Fund and Colombian theatre director Patricia Ariza. The film shows interconnectedness of social phenomena like violence against women, early marriages, femicide, and depicts lives and struggles on the margins of society. PASARELA invites the sense of responsibility and ... MORE","og_url":"https:\/\/www.rwfund.org\/eng\/critical-themes\/rwfund-video\/pasarela\/","og_site_name":"Reconstruction Women&#039;s Fund","article_modified_time":"2015-06-10T17:34:01+00:00","twitter_card":"summary_large_image","twitter_misc":{"Est. reading time":"1 minute"},"schema":{"@context":"https:\/\/schema.org","@graph":[{"@type":"WebPage","@id":"https:\/\/www.rwfund.org\/eng\/critical-themes\/rwfund-video\/pasarela\/","url":"https:\/\/www.rwfund.org\/eng\/critical-themes\/rwfund-video\/pasarela\/","name":"Pasarela! - Reconstruction Women&#039;s Fund","isPartOf":{"@id":"https:\/\/www.rwfund.org\/eng\/#website"},"datePublished":"2014-09-18T00:40:09+00:00","dateModified":"2015-06-10T17:34:01+00:00","breadcrumb":{"@id":"https:\/\/www.rwfund.org\/eng\/critical-themes\/rwfund-video\/pasarela\/#breadcrumb"},"inLanguage":"en-US","potentialAction":[{"@type":"ReadAction","target":["https:\/\/www.rwfund.org\/eng\/critical-themes\/rwfund-video\/pasarela\/"]}]},{"@type":"BreadcrumbList","@id":"https:\/\/www.rwfund.org\/eng\/critical-themes\/rwfund-video\/pasarela\/#breadcrumb","itemListElement":[{"@type":"ListItem","position":1,"name":"Home","item":"https:\/\/www.rwfund.org\/eng\/"},{"@type":"ListItem","position":2,"name":"Critical Themes","item":"https:\/\/www.rwfund.org\/eng\/critical-themes\/"},{"@type":"ListItem","position":3,"name":"RWFund Video","item":"https:\/\/www.rwfund.org\/eng\/critical-themes\/rwfund-video\/"},{"@type":"ListItem","position":4,"name":"Pasarela!"}]},{"@type":"WebSite","@id":"https:\/\/www.rwfund.org\/eng\/#website","url":"https:\/\/www.rwfund.org\/eng\/","name":"Reconstruction Women&#039;s Fund","description":"Reconstruction Women&#039;s Fund","publisher":{"@id":"https:\/\/www.rwfund.org\/eng\/#organization"},"potentialAction":[{"@type":"SearchAction","target":{"@type":"EntryPoint","urlTemplate":"https:\/\/www.rwfund.org\/eng\/?s={search_term_string}"},"query-input":{"@type":"PropertyValueSpecification","valueRequired":true,"valueName":"search_term_string"}}],"inLanguage":"en-US"},{"@type":"Organization","@id":"https:\/\/www.rwfund.org\/eng\/#organization","name":"Reconstruction Women's Fund","url":"https:\/\/www.rwfund.org\/eng\/","logo":{"@type":"ImageObject","inLanguage":"en-US","@id":"https:\/\/www.rwfund.org\/eng\/#\/schema\/logo\/image\/","url":"https:\/\/www.rwfund.org\/eng\/wp-content\/uploads\/sites\/2\/2021\/03\/LOGO-CROP_V1.svg","contentUrl":"https:\/\/www.rwfund.org\/eng\/wp-content\/uploads\/sites\/2\/2021\/03\/LOGO-CROP_V1.svg","width":420,"height":640,"caption":"Reconstruction Women's Fund"},"image":{"@id":"https:\/\/www.rwfund.org\/eng\/#\/schema\/logo\/image\/"}}]}},"taxonomy_info":[],"featured_image_src_large":false,"author_info":{"display_name":"Vlidi","author_link":"https:\/\/www.rwfund.org\/eng\/author\/testadmin\/"},"comment_info":0,"_links":{"self":[{"href":"https:\/\/www.rwfund.org\/eng\/wp-json\/wp\/v2\/pages\/91","targetHints":{"allow":["GET"]}}],"collection":[{"href":"https:\/\/www.rwfund.org\/eng\/wp-json\/wp\/v2\/pages"}],"about":[{"href":"https:\/\/www.rwfund.org\/eng\/wp-json\/wp\/v2\/types\/page"}],"author":[{"embeddable":true,"href":"https:\/\/www.rwfund.org\/eng\/wp-json\/wp\/v2\/users\/1"}],"replies":[{"embeddable":true,"href":"https:\/\/www.rwfund.org\/eng\/wp-json\/wp\/v2\/comments?post=91"}],"version-history":[{"count":8,"href":"https:\/\/www.rwfund.org\/eng\/wp-json\/wp\/v2\/pages\/91\/revisions"}],"predecessor-version":[{"id":1755,"href":"https:\/\/www.rwfund.org\/eng\/wp-json\/wp\/v2\/pages\/91\/revisions\/1755"}],"up":[{"embeddable":true,"href":"https:\/\/www.rwfund.org\/eng\/wp-json\/wp\/v2\/pages\/89"}],"wp:attachment":[{"href":"https:\/\/www.rwfund.org\/eng\/wp-json\/wp\/v2\/media?parent=91"}],"wp:term":[{"taxonomy":"category","embeddable":true,"href":"https:\/\/www.rwfund.org\/eng\/wp-json\/wp\/v2\/categories?post=91"},{"taxonomy":"post_tag","embeddable":true,"href":"https:\/\/www.rwfund.org\/eng\/wp-json\/wp\/v2\/tags?post=91"}],"curies":[{"name":"wp","href":"https:\/\/api.w.org\/{rel}","templated":true}]}}